
{"id":7285,"date":"2023-10-14T21:26:03","date_gmt":"2023-10-14T19:26:03","guid":{"rendered":"http:\/\/perliniaidanieliai.lt\/?post_type=product&#038;p=7285"},"modified":"2025-09-30T13:08:56","modified_gmt":"2025-09-30T10:08:56","slug":"susitikimas-su-kaledu-seneliu","status":"publish","type":"product","link":"https:\/\/perliniaidanieliai.lt\/ru\/product\/susitikimas-su-kaledu-seneliu\/","title":{"rendered":"\u0412\u0441\u0442\u0440\u0435\u0447\u0430 \u0441 \u0414\u0435\u0434\u043e\u043c \u041c\u043e\u0440\u043e\u0437\u043e\u043c"},"content":{"rendered":"","protected":false},"excerpt":{"rendered":"","protected":false},"featured_media":8095,"template":"","meta":[],"product_brand":[],"product_cat":[102],"product_tag":[],"class_list":{"0":"post-7285","1":"product","2":"type-product","3":"status-publish","4":"has-post-thumbnail","6":"product_cat-susitikimas-su-kaledu-seneliu","8":"first","9":"instock","10":"virtual","11":"sold-individually","12":"purchasable","13":"product-type-simple"},"yoast_head":"<!-- This site is optimized with the Yoast SEO Premium plugin v21.2 (Yoast SEO v26.5) - https:\/\/yoast.com\/wordpress\/plugins\/seo\/ -->\n<title>Grupinis susitikimas su Kal\u0117d\u0173 Seneliu Perlini\u0173 Danieli\u0173 Parke<\/title>\n<meta name=\"description\" content=\"Rezervuokite nepakartojam\u0105 susitikim\u0105 su Kal\u0117d\u0173 Seneliu Perlini\u0173 Danieli\u0173 Parke. Gyva kal\u0117din\u0117 pasaka vaikams ir visai \u0161eimai \u2013 \u017eiemos stebuklai ir \u0161ilti prisiminimai laukia j\u016bs\u0173. Apsilankykite m\u016bs\u0173 parke gruod\u017eio m\u0117nes\u012f ir patirkite \u0161ventin\u012f d\u017eiaugsm\u0105!\" \/>\n<meta name=\"robots\" content=\"index, follow, max-snippet:-1, max-image-preview:large, max-video-preview:-1\" \/>\n<link rel=\"canonical\" href=\"https:\/\/perliniaidanieliai.lt\/ru\/product\/susitikimas-su-kaledu-seneliu\/\" \/>\n<meta property=\"og:locale\" content=\"ru_RU\" \/>\n<meta property=\"og:type\" content=\"article\" \/>\n<meta property=\"og:title\" content=\"Susitikimas su kal\u0117d\u0173 seneliu\" \/>\n<meta property=\"og:description\" content=\"Rezervuokite nepakartojam\u0105 susitikim\u0105 su Kal\u0117d\u0173 Seneliu Perlini\u0173 Danieli\u0173 Parke. Gyva kal\u0117din\u0117 pasaka vaikams ir visai \u0161eimai \u2013 \u017eiemos stebuklai ir \u0161ilti prisiminimai laukia j\u016bs\u0173. Apsilankykite m\u016bs\u0173 parke gruod\u017eio m\u0117nes\u012f ir patirkite \u0161ventin\u012f d\u017eiaugsm\u0105!\" \/>\n<meta property=\"og:url\" content=\"https:\/\/perliniaidanieliai.lt\/ru\/product\/susitikimas-su-kaledu-seneliu\/\" \/>\n<meta property=\"og:site_name\" content=\"PERLINI\u0172 DANIELI\u0172 PARKAS\" \/>\n<meta property=\"article:publisher\" content=\"https:\/\/www.facebook.com\/perliniai.danieliai\/\" \/>\n<meta property=\"article:modified_time\" content=\"2025-09-30T10:08:56+00:00\" \/>\n<meta property=\"og:image\" content=\"http:\/\/perliniaidanieliai.lt\/wp-content\/uploads\/2023\/11\/ezgif.com-apng-to-gif-40.gif\" \/>\n\t<meta property=\"og:image:width\" content=\"256\" \/>\n\t<meta property=\"og:image:height\" content=\"256\" \/>\n\t<meta property=\"og:image:type\" content=\"image\/gif\" \/>\n<meta name=\"twitter:card\" content=\"summary_large_image\" \/>\n<script type=\"application\/ld+json\" class=\"yoast-schema-graph\">{\"@context\":\"https:\/\/schema.org\",\"@graph\":[{\"@type\":\"WebPage\",\"@id\":\"https:\/\/perliniaidanieliai.lt\/product\/susitikimas-su-kaledu-seneliu\/\",\"url\":\"https:\/\/perliniaidanieliai.lt\/product\/susitikimas-su-kaledu-seneliu\/\",\"name\":\"Grupinis susitikimas su Kal\u0117d\u0173 Seneliu Perlini\u0173 Danieli\u0173 Parke\",\"isPartOf\":{\"@id\":\"https:\/\/perliniaidanieliai.lt\/#website\"},\"primaryImageOfPage\":{\"@id\":\"https:\/\/perliniaidanieliai.lt\/product\/susitikimas-su-kaledu-seneliu\/#primaryimage\"},\"image\":{\"@id\":\"https:\/\/perliniaidanieliai.lt\/product\/susitikimas-su-kaledu-seneliu\/#primaryimage\"},\"thumbnailUrl\":\"https:\/\/perliniaidanieliai.lt\/wp-content\/uploads\/2023\/11\/ezgif.com-apng-to-gif-40.gif\",\"datePublished\":\"2023-10-14T19:26:03+00:00\",\"dateModified\":\"2025-09-30T10:08:56+00:00\",\"description\":\"Rezervuokite nepakartojam\u0105 susitikim\u0105 su Kal\u0117d\u0173 Seneliu Perlini\u0173 Danieli\u0173 Parke. Gyva kal\u0117din\u0117 pasaka vaikams ir visai \u0161eimai \u2013 \u017eiemos stebuklai ir \u0161ilti prisiminimai laukia j\u016bs\u0173. Apsilankykite m\u016bs\u0173 parke gruod\u017eio m\u0117nes\u012f ir patirkite \u0161ventin\u012f d\u017eiaugsm\u0105!\",\"breadcrumb\":{\"@id\":\"https:\/\/perliniaidanieliai.lt\/product\/susitikimas-su-kaledu-seneliu\/#breadcrumb\"},\"inLanguage\":\"ru-RU\",\"potentialAction\":[{\"@type\":\"ReadAction\",\"target\":[\"https:\/\/perliniaidanieliai.lt\/product\/susitikimas-su-kaledu-seneliu\/\"]}]},{\"@type\":\"ImageObject\",\"inLanguage\":\"ru-RU\",\"@id\":\"https:\/\/perliniaidanieliai.lt\/product\/susitikimas-su-kaledu-seneliu\/#primaryimage\",\"url\":\"https:\/\/perliniaidanieliai.lt\/wp-content\/uploads\/2023\/11\/ezgif.com-apng-to-gif-40.gif\",\"contentUrl\":\"https:\/\/perliniaidanieliai.lt\/wp-content\/uploads\/2023\/11\/ezgif.com-apng-to-gif-40.gif\",\"width\":256,\"height\":256},{\"@type\":\"BreadcrumbList\",\"@id\":\"https:\/\/perliniaidanieliai.lt\/product\/susitikimas-su-kaledu-seneliu\/#breadcrumb\",\"itemListElement\":[{\"@type\":\"ListItem\",\"position\":1,\"name\":\"Pagrindinis\",\"item\":\"https:\/\/perliniaidanieliai.lt\/\"},{\"@type\":\"ListItem\",\"position\":2,\"name\":\"Shop\",\"item\":\"https:\/\/perliniaidanieliai.lt\/shop\/\"},{\"@type\":\"ListItem\",\"position\":3,\"name\":\"Susitikimas su kal\u0117d\u0173 seneliu\"}]},{\"@type\":\"WebSite\",\"@id\":\"https:\/\/perliniaidanieliai.lt\/#website\",\"url\":\"https:\/\/perliniaidanieliai.lt\/\",\"name\":\"PERLINI\u0172 DANIELI\u0172 PARKAS\",\"description\":\"PERLINI\u0172 DANIELI\u0172 PARKAS\",\"publisher\":{\"@id\":\"https:\/\/perliniaidanieliai.lt\/#organization\"},\"potentialAction\":[{\"@type\":\"SearchAction\",\"target\":{\"@type\":\"EntryPoint\",\"urlTemplate\":\"https:\/\/perliniaidanieliai.lt\/?s={search_term_string}\"},\"query-input\":{\"@type\":\"PropertyValueSpecification\",\"valueRequired\":true,\"valueName\":\"search_term_string\"}}],\"inLanguage\":\"ru-RU\"},{\"@type\":\"Organization\",\"@id\":\"https:\/\/perliniaidanieliai.lt\/#organization\",\"name\":\"PERLINI\u0172 DANIELI\u0172 PARKAS\",\"url\":\"https:\/\/perliniaidanieliai.lt\/\",\"logo\":{\"@type\":\"ImageObject\",\"inLanguage\":\"ru-RU\",\"@id\":\"https:\/\/perliniaidanieliai.lt\/#\/schema\/logo\/image\/\",\"url\":\"http:\/\/perliniaidanieliai.lt\/wp-content\/uploads\/2021\/09\/319620154_1421737541690511_2993680868490120499_n.webp\",\"contentUrl\":\"http:\/\/perliniaidanieliai.lt\/wp-content\/uploads\/2021\/09\/319620154_1421737541690511_2993680868490120499_n.webp\",\"width\":2048,\"height\":1939,\"caption\":\"PERLINI\u0172 DANIELI\u0172 PARKAS\"},\"image\":{\"@id\":\"https:\/\/perliniaidanieliai.lt\/#\/schema\/logo\/image\/\"},\"sameAs\":[\"https:\/\/www.facebook.com\/perliniai.danieliai\/\",\"https:\/\/www.instagram.com\/danieliaiperliniai\/\"]}]}<\/script>\n<!-- \/ Yoast SEO Premium plugin. -->","yoast_head_json":{"title":"\u0412\u0441\u0442\u0440\u0435\u0447\u0430 \u0433\u0440\u0443\u043f\u043f\u044b \u0441 \u0414\u0435\u0434\u043e\u043c \u041c\u043e\u0440\u043e\u0437\u043e\u043c \u0432 \u043f\u0430\u0440\u043a\u0435 \u041f\u0435\u0440\u043b\u0438\u043d\u0438 \u0414\u0430\u043d\u0438\u044d\u043b\u0438","description":"\u0417\u0430\u043a\u0430\u0436\u0438\u0442\u0435 \u0443\u043d\u0438\u043a\u0430\u043b\u044c\u043d\u0443\u044e \u0432\u0441\u0442\u0440\u0435\u0447\u0443 \u0441 \u0421\u0430\u043d\u0442\u0430-\u041a\u043b\u0430\u0443\u0441\u043e\u043c \u0432 \u043f\u0430\u0440\u043a\u0435 Pearl Daniels. \u0416\u0438\u0432\u0430\u044f \u0440\u043e\u0436\u0434\u0435\u0441\u0442\u0432\u0435\u043d\u0441\u043a\u0430\u044f \u0441\u043a\u0430\u0437\u043a\u0430 \u0434\u043b\u044f \u0434\u0435\u0442\u0435\u0439 \u0438 \u0432\u0441\u0435\u0439 \u0441\u0435\u043c\u044c\u0438 - \u0437\u0438\u043c\u043d\u0438\u0435 \u0447\u0443\u0434\u0435\u0441\u0430 \u0438 \u0442\u0435\u043f\u043b\u044b\u0435 \u0432\u043e\u0441\u043f\u043e\u043c\u0438\u043d\u0430\u043d\u0438\u044f \u0436\u0434\u0443\u0442 \u0432\u0430\u0441. \u041f\u043e\u0441\u0435\u0442\u0438\u0442\u0435 \u043d\u0430\u0448 \u043f\u0430\u0440\u043a \u0432 \u0434\u0435\u043a\u0430\u0431\u0440\u0435 \u0438 \u0438\u0441\u043f\u044b\u0442\u0430\u0439\u0442\u0435 \u043f\u0440\u0430\u0437\u0434\u043d\u0438\u0447\u043d\u0443\u044e \u0440\u0430\u0434\u043e\u0441\u0442\u044c!","robots":{"index":"index","follow":"follow","max-snippet":"max-snippet:-1","max-image-preview":"max-image-preview:large","max-video-preview":"max-video-preview:-1"},"canonical":"https:\/\/perliniaidanieliai.lt\/ru\/product\/susitikimas-su-kaledu-seneliu\/","og_locale":"ru_RU","og_type":"article","og_title":"Susitikimas su kal\u0117d\u0173 seneliu","og_description":"Rezervuokite nepakartojam\u0105 susitikim\u0105 su Kal\u0117d\u0173 Seneliu Perlini\u0173 Danieli\u0173 Parke. Gyva kal\u0117din\u0117 pasaka vaikams ir visai \u0161eimai \u2013 \u017eiemos stebuklai ir \u0161ilti prisiminimai laukia j\u016bs\u0173. Apsilankykite m\u016bs\u0173 parke gruod\u017eio m\u0117nes\u012f ir patirkite \u0161ventin\u012f d\u017eiaugsm\u0105!","og_url":"https:\/\/perliniaidanieliai.lt\/ru\/product\/susitikimas-su-kaledu-seneliu\/","og_site_name":"PERLINI\u0172 DANIELI\u0172 PARKAS","article_publisher":"https:\/\/www.facebook.com\/perliniai.danieliai\/","article_modified_time":"2025-09-30T10:08:56+00:00","og_image":[{"width":256,"height":256,"url":"http:\/\/perliniaidanieliai.lt\/wp-content\/uploads\/2023\/11\/ezgif.com-apng-to-gif-40.gif","type":"image\/gif"}],"twitter_card":"summary_large_image","schema":{"@context":"https:\/\/schema.org","@graph":[{"@type":"WebPage","@id":"https:\/\/perliniaidanieliai.lt\/product\/susitikimas-su-kaledu-seneliu\/","url":"https:\/\/perliniaidanieliai.lt\/product\/susitikimas-su-kaledu-seneliu\/","name":"\u0412\u0441\u0442\u0440\u0435\u0447\u0430 \u0433\u0440\u0443\u043f\u043f\u044b \u0441 \u0414\u0435\u0434\u043e\u043c \u041c\u043e\u0440\u043e\u0437\u043e\u043c \u0432 \u043f\u0430\u0440\u043a\u0435 \u041f\u0435\u0440\u043b\u0438\u043d\u0438 \u0414\u0430\u043d\u0438\u044d\u043b\u0438","isPartOf":{"@id":"https:\/\/perliniaidanieliai.lt\/#website"},"primaryImageOfPage":{"@id":"https:\/\/perliniaidanieliai.lt\/product\/susitikimas-su-kaledu-seneliu\/#primaryimage"},"image":{"@id":"https:\/\/perliniaidanieliai.lt\/product\/susitikimas-su-kaledu-seneliu\/#primaryimage"},"thumbnailUrl":"https:\/\/perliniaidanieliai.lt\/wp-content\/uploads\/2023\/11\/ezgif.com-apng-to-gif-40.gif","datePublished":"2023-10-14T19:26:03+00:00","dateModified":"2025-09-30T10:08:56+00:00","description":"\u0417\u0430\u043a\u0430\u0436\u0438\u0442\u0435 \u0443\u043d\u0438\u043a\u0430\u043b\u044c\u043d\u0443\u044e \u0432\u0441\u0442\u0440\u0435\u0447\u0443 \u0441 \u0421\u0430\u043d\u0442\u0430-\u041a\u043b\u0430\u0443\u0441\u043e\u043c \u0432 \u043f\u0430\u0440\u043a\u0435 Pearl Daniels. \u0416\u0438\u0432\u0430\u044f \u0440\u043e\u0436\u0434\u0435\u0441\u0442\u0432\u0435\u043d\u0441\u043a\u0430\u044f \u0441\u043a\u0430\u0437\u043a\u0430 \u0434\u043b\u044f \u0434\u0435\u0442\u0435\u0439 \u0438 \u0432\u0441\u0435\u0439 \u0441\u0435\u043c\u044c\u0438 - \u0437\u0438\u043c\u043d\u0438\u0435 \u0447\u0443\u0434\u0435\u0441\u0430 \u0438 \u0442\u0435\u043f\u043b\u044b\u0435 \u0432\u043e\u0441\u043f\u043e\u043c\u0438\u043d\u0430\u043d\u0438\u044f \u0436\u0434\u0443\u0442 \u0432\u0430\u0441. \u041f\u043e\u0441\u0435\u0442\u0438\u0442\u0435 \u043d\u0430\u0448 \u043f\u0430\u0440\u043a \u0432 \u0434\u0435\u043a\u0430\u0431\u0440\u0435 \u0438 \u0438\u0441\u043f\u044b\u0442\u0430\u0439\u0442\u0435 \u043f\u0440\u0430\u0437\u0434\u043d\u0438\u0447\u043d\u0443\u044e \u0440\u0430\u0434\u043e\u0441\u0442\u044c!","breadcrumb":{"@id":"https:\/\/perliniaidanieliai.lt\/product\/susitikimas-su-kaledu-seneliu\/#breadcrumb"},"inLanguage":"ru-RU","potentialAction":[{"@type":"ReadAction","target":["https:\/\/perliniaidanieliai.lt\/product\/susitikimas-su-kaledu-seneliu\/"]}]},{"@type":"ImageObject","inLanguage":"ru-RU","@id":"https:\/\/perliniaidanieliai.lt\/product\/susitikimas-su-kaledu-seneliu\/#primaryimage","url":"https:\/\/perliniaidanieliai.lt\/wp-content\/uploads\/2023\/11\/ezgif.com-apng-to-gif-40.gif","contentUrl":"https:\/\/perliniaidanieliai.lt\/wp-content\/uploads\/2023\/11\/ezgif.com-apng-to-gif-40.gif","width":256,"height":256},{"@type":"BreadcrumbList","@id":"https:\/\/perliniaidanieliai.lt\/product\/susitikimas-su-kaledu-seneliu\/#breadcrumb","itemListElement":[{"@type":"ListItem","position":1,"name":"Pagrindinis","item":"https:\/\/perliniaidanieliai.lt\/"},{"@type":"ListItem","position":2,"name":"Shop","item":"https:\/\/perliniaidanieliai.lt\/shop\/"},{"@type":"ListItem","position":3,"name":"Susitikimas su kal\u0117d\u0173 seneliu"}]},{"@type":"WebSite","@id":"https:\/\/perliniaidanieliai.lt\/#website","url":"https:\/\/perliniaidanieliai.lt\/","name":"\u041f\u0410\u0420\u041a \u0422\u0410\u041a\u0421\u042b \"\u0416\u0415\u041c\u0427\u0423\u0416\u0418\u041d\u0410","description":"\u041f\u0410\u0420\u041a \u0422\u0410\u041a\u0421\u042b \"\u0416\u0415\u041c\u0427\u0423\u0416\u0418\u041d\u0410","publisher":{"@id":"https:\/\/perliniaidanieliai.lt\/#organization"},"potentialAction":[{"@type":"SearchAction","target":{"@type":"EntryPoint","urlTemplate":"https:\/\/perliniaidanieliai.lt\/?s={search_term_string}"},"query-input":{"@type":"PropertyValueSpecification","valueRequired":true,"valueName":"search_term_string"}}],"inLanguage":"ru-RU"},{"@type":"Organization","@id":"https:\/\/perliniaidanieliai.lt\/#organization","name":"\u041f\u0410\u0420\u041a \u0422\u0410\u041a\u0421\u042b \"\u0416\u0415\u041c\u0427\u0423\u0416\u0418\u041d\u0410","url":"https:\/\/perliniaidanieliai.lt\/","logo":{"@type":"ImageObject","inLanguage":"ru-RU","@id":"https:\/\/perliniaidanieliai.lt\/#\/schema\/logo\/image\/","url":"http:\/\/perliniaidanieliai.lt\/wp-content\/uploads\/2021\/09\/319620154_1421737541690511_2993680868490120499_n.webp","contentUrl":"http:\/\/perliniaidanieliai.lt\/wp-content\/uploads\/2021\/09\/319620154_1421737541690511_2993680868490120499_n.webp","width":2048,"height":1939,"caption":"PERLINI\u0172 DANIELI\u0172 PARKAS"},"image":{"@id":"https:\/\/perliniaidanieliai.lt\/#\/schema\/logo\/image\/"},"sameAs":["https:\/\/www.facebook.com\/perliniai.danieliai\/","https:\/\/www.instagram.com\/danieliaiperliniai\/"]}]}},"_links":{"self":[{"href":"https:\/\/perliniaidanieliai.lt\/ru\/wp-json\/wp\/v2\/product\/7285","targetHints":{"allow":["GET"]}}],"collection":[{"href":"https:\/\/perliniaidanieliai.lt\/ru\/wp-json\/wp\/v2\/product"}],"about":[{"href":"https:\/\/perliniaidanieliai.lt\/ru\/wp-json\/wp\/v2\/types\/product"}],"wp:featuredmedia":[{"embeddable":true,"href":"https:\/\/perliniaidanieliai.lt\/ru\/wp-json\/wp\/v2\/media\/8095"}],"wp:attachment":[{"href":"https:\/\/perliniaidanieliai.lt\/ru\/wp-json\/wp\/v2\/media?parent=7285"}],"wp:term":[{"taxonomy":"product_brand","embeddable":true,"href":"https:\/\/perliniaidanieliai.lt\/ru\/wp-json\/wp\/v2\/product_brand?post=7285"},{"taxonomy":"product_cat","embeddable":true,"href":"https:\/\/perliniaidanieliai.lt\/ru\/wp-json\/wp\/v2\/product_cat?post=7285"},{"taxonomy":"product_tag","embeddable":true,"href":"https:\/\/perliniaidanieliai.lt\/ru\/wp-json\/wp\/v2\/product_tag?post=7285"}],"curies":[{"name":"wp","href":"https:\/\/api.w.org\/{rel}","templated":true}]}}