
{"id":49151,"date":"2025-07-08T16:18:00","date_gmt":"2025-07-08T13:18:00","guid":{"rendered":"https:\/\/perliniaidanieliai.lt\/?post_type=product&#038;p=49151"},"modified":"2025-09-26T23:11:39","modified_gmt":"2025-09-26T20:11:39","slug":"ramybes-oaze","status":"publish","type":"product","link":"https:\/\/perliniaidanieliai.lt\/ru\/product\/ramybes-oaze\/","title":{"rendered":"Ramyb\u0117s oaz\u0117"},"content":{"rendered":"","protected":false},"excerpt":{"rendered":"","protected":false},"featured_media":58139,"template":"","meta":[],"product_brand":[],"product_cat":[106],"product_tag":[144],"class_list":{"0":"post-49151","1":"product","2":"type-product","3":"status-publish","4":"has-post-thumbnail","6":"product_cat-rezervacijos","7":"product_tag-ramybes-oaze","9":"first","10":"instock","11":"sold-individually","12":"shipping-taxable","13":"purchasable","14":"product-type-simple"},"yoast_head":"<!-- This site is optimized with the Yoast SEO Premium plugin v21.2 (Yoast SEO v26.5) - https:\/\/yoast.com\/wordpress\/plugins\/seo\/ -->\n<title>Ramyb\u0117s oaz\u0117 | PERLINI\u0172 DANIELI\u0172 PARKAS<\/title>\n<meta name=\"robots\" content=\"index, follow, max-snippet:-1, max-image-preview:large, max-video-preview:-1\" \/>\n<link rel=\"canonical\" href=\"https:\/\/perliniaidanieliai.lt\/ru\/product\/ramybes-oaze\/\" \/>\n<meta property=\"og:locale\" content=\"ru_RU\" \/>\n<meta property=\"og:type\" content=\"article\" \/>\n<meta property=\"og:title\" content=\"Ramyb\u0117s oaz\u0117\" \/>\n<meta property=\"og:url\" content=\"https:\/\/perliniaidanieliai.lt\/ru\/product\/ramybes-oaze\/\" \/>\n<meta property=\"og:site_name\" content=\"PERLINI\u0172 DANIELI\u0172 PARKAS\" \/>\n<meta property=\"article:publisher\" content=\"https:\/\/www.facebook.com\/perliniai.danieliai\/\" \/>\n<meta property=\"article:modified_time\" content=\"2025-09-26T20:11:39+00:00\" \/>\n<meta property=\"og:image\" content=\"http:\/\/perliniaidanieliai.lt\/wp-content\/uploads\/2025\/07\/Ramybes-oaze-1024x580.png\" \/>\n\t<meta property=\"og:image:width\" content=\"1024\" \/>\n\t<meta property=\"og:image:height\" content=\"580\" \/>\n\t<meta property=\"og:image:type\" content=\"image\/png\" \/>\n<meta name=\"twitter:card\" content=\"summary_large_image\" \/>\n<script type=\"application\/ld+json\" class=\"yoast-schema-graph\">{\"@context\":\"https:\/\/schema.org\",\"@graph\":[{\"@type\":\"WebPage\",\"@id\":\"https:\/\/perliniaidanieliai.lt\/product\/ramybes-oaze\/\",\"url\":\"https:\/\/perliniaidanieliai.lt\/product\/ramybes-oaze\/\",\"name\":\"Ramyb\u0117s oaz\u0117 | PERLINI\u0172 DANIELI\u0172 PARKAS\",\"isPartOf\":{\"@id\":\"https:\/\/perliniaidanieliai.lt\/#website\"},\"primaryImageOfPage\":{\"@id\":\"https:\/\/perliniaidanieliai.lt\/product\/ramybes-oaze\/#primaryimage\"},\"image\":{\"@id\":\"https:\/\/perliniaidanieliai.lt\/product\/ramybes-oaze\/#primaryimage\"},\"thumbnailUrl\":\"https:\/\/perliniaidanieliai.lt\/wp-content\/uploads\/2025\/07\/Ramybes-oaze.png\",\"datePublished\":\"2025-07-08T13:18:00+00:00\",\"dateModified\":\"2025-09-26T20:11:39+00:00\",\"breadcrumb\":{\"@id\":\"https:\/\/perliniaidanieliai.lt\/product\/ramybes-oaze\/#breadcrumb\"},\"inLanguage\":\"ru-RU\",\"potentialAction\":[{\"@type\":\"ReadAction\",\"target\":[\"https:\/\/perliniaidanieliai.lt\/product\/ramybes-oaze\/\"]}]},{\"@type\":\"ImageObject\",\"inLanguage\":\"ru-RU\",\"@id\":\"https:\/\/perliniaidanieliai.lt\/product\/ramybes-oaze\/#primaryimage\",\"url\":\"https:\/\/perliniaidanieliai.lt\/wp-content\/uploads\/2025\/07\/Ramybes-oaze.png\",\"contentUrl\":\"https:\/\/perliniaidanieliai.lt\/wp-content\/uploads\/2025\/07\/Ramybes-oaze.png\",\"width\":2148,\"height\":1216},{\"@type\":\"BreadcrumbList\",\"@id\":\"https:\/\/perliniaidanieliai.lt\/product\/ramybes-oaze\/#breadcrumb\",\"itemListElement\":[{\"@type\":\"ListItem\",\"position\":1,\"name\":\"Pagrindinis\",\"item\":\"https:\/\/perliniaidanieliai.lt\/\"},{\"@type\":\"ListItem\",\"position\":2,\"name\":\"Shop\",\"item\":\"https:\/\/perliniaidanieliai.lt\/shop\/\"},{\"@type\":\"ListItem\",\"position\":3,\"name\":\"Ramyb\u0117s oaz\u0117\"}]},{\"@type\":\"WebSite\",\"@id\":\"https:\/\/perliniaidanieliai.lt\/#website\",\"url\":\"https:\/\/perliniaidanieliai.lt\/\",\"name\":\"PERLINI\u0172 DANIELI\u0172 PARKAS\",\"description\":\"PERLINI\u0172 DANIELI\u0172 PARKAS\",\"publisher\":{\"@id\":\"https:\/\/perliniaidanieliai.lt\/#organization\"},\"potentialAction\":[{\"@type\":\"SearchAction\",\"target\":{\"@type\":\"EntryPoint\",\"urlTemplate\":\"https:\/\/perliniaidanieliai.lt\/?s={search_term_string}\"},\"query-input\":{\"@type\":\"PropertyValueSpecification\",\"valueRequired\":true,\"valueName\":\"search_term_string\"}}],\"inLanguage\":\"ru-RU\"},{\"@type\":\"Organization\",\"@id\":\"https:\/\/perliniaidanieliai.lt\/#organization\",\"name\":\"PERLINI\u0172 DANIELI\u0172 PARKAS\",\"url\":\"https:\/\/perliniaidanieliai.lt\/\",\"logo\":{\"@type\":\"ImageObject\",\"inLanguage\":\"ru-RU\",\"@id\":\"https:\/\/perliniaidanieliai.lt\/#\/schema\/logo\/image\/\",\"url\":\"http:\/\/perliniaidanieliai.lt\/wp-content\/uploads\/2021\/09\/319620154_1421737541690511_2993680868490120499_n.webp\",\"contentUrl\":\"http:\/\/perliniaidanieliai.lt\/wp-content\/uploads\/2021\/09\/319620154_1421737541690511_2993680868490120499_n.webp\",\"width\":2048,\"height\":1939,\"caption\":\"PERLINI\u0172 DANIELI\u0172 PARKAS\"},\"image\":{\"@id\":\"https:\/\/perliniaidanieliai.lt\/#\/schema\/logo\/image\/\"},\"sameAs\":[\"https:\/\/www.facebook.com\/perliniai.danieliai\/\",\"https:\/\/www.instagram.com\/danieliaiperliniai\/\"]}]}<\/script>\n<!-- \/ Yoast SEO Premium plugin. -->","yoast_head_json":{"title":"Ramyb\u0117s oaz\u0117 | PERLINI\u0172 DANIELI\u0172 PARKAS","robots":{"index":"index","follow":"follow","max-snippet":"max-snippet:-1","max-image-preview":"max-image-preview:large","max-video-preview":"max-video-preview:-1"},"canonical":"https:\/\/perliniaidanieliai.lt\/ru\/product\/ramybes-oaze\/","og_locale":"ru_RU","og_type":"article","og_title":"Ramyb\u0117s oaz\u0117","og_url":"https:\/\/perliniaidanieliai.lt\/ru\/product\/ramybes-oaze\/","og_site_name":"PERLINI\u0172 DANIELI\u0172 PARKAS","article_publisher":"https:\/\/www.facebook.com\/perliniai.danieliai\/","article_modified_time":"2025-09-26T20:11:39+00:00","og_image":[{"width":1024,"height":580,"url":"http:\/\/perliniaidanieliai.lt\/wp-content\/uploads\/2025\/07\/Ramybes-oaze-1024x580.png","type":"image\/png"}],"twitter_card":"summary_large_image","schema":{"@context":"https:\/\/schema.org","@graph":[{"@type":"WebPage","@id":"https:\/\/perliniaidanieliai.lt\/product\/ramybes-oaze\/","url":"https:\/\/perliniaidanieliai.lt\/product\/ramybes-oaze\/","name":"Ramyb\u0117s oaz\u0117 | PERLINI\u0172 DANIELI\u0172 PARKAS","isPartOf":{"@id":"https:\/\/perliniaidanieliai.lt\/#website"},"primaryImageOfPage":{"@id":"https:\/\/perliniaidanieliai.lt\/product\/ramybes-oaze\/#primaryimage"},"image":{"@id":"https:\/\/perliniaidanieliai.lt\/product\/ramybes-oaze\/#primaryimage"},"thumbnailUrl":"https:\/\/perliniaidanieliai.lt\/wp-content\/uploads\/2025\/07\/Ramybes-oaze.png","datePublished":"2025-07-08T13:18:00+00:00","dateModified":"2025-09-26T20:11:39+00:00","breadcrumb":{"@id":"https:\/\/perliniaidanieliai.lt\/product\/ramybes-oaze\/#breadcrumb"},"inLanguage":"ru-RU","potentialAction":[{"@type":"ReadAction","target":["https:\/\/perliniaidanieliai.lt\/product\/ramybes-oaze\/"]}]},{"@type":"ImageObject","inLanguage":"ru-RU","@id":"https:\/\/perliniaidanieliai.lt\/product\/ramybes-oaze\/#primaryimage","url":"https:\/\/perliniaidanieliai.lt\/wp-content\/uploads\/2025\/07\/Ramybes-oaze.png","contentUrl":"https:\/\/perliniaidanieliai.lt\/wp-content\/uploads\/2025\/07\/Ramybes-oaze.png","width":2148,"height":1216},{"@type":"BreadcrumbList","@id":"https:\/\/perliniaidanieliai.lt\/product\/ramybes-oaze\/#breadcrumb","itemListElement":[{"@type":"ListItem","position":1,"name":"Pagrindinis","item":"https:\/\/perliniaidanieliai.lt\/"},{"@type":"ListItem","position":2,"name":"Shop","item":"https:\/\/perliniaidanieliai.lt\/shop\/"},{"@type":"ListItem","position":3,"name":"Ramyb\u0117s oaz\u0117"}]},{"@type":"WebSite","@id":"https:\/\/perliniaidanieliai.lt\/#website","url":"https:\/\/perliniaidanieliai.lt\/","name":"\u041f\u0410\u0420\u041a \u0422\u0410\u041a\u0421\u042b \"\u0416\u0415\u041c\u0427\u0423\u0416\u0418\u041d\u0410","description":"\u041f\u0410\u0420\u041a \u0422\u0410\u041a\u0421\u042b \"\u0416\u0415\u041c\u0427\u0423\u0416\u0418\u041d\u0410","publisher":{"@id":"https:\/\/perliniaidanieliai.lt\/#organization"},"potentialAction":[{"@type":"SearchAction","target":{"@type":"EntryPoint","urlTemplate":"https:\/\/perliniaidanieliai.lt\/?s={search_term_string}"},"query-input":{"@type":"PropertyValueSpecification","valueRequired":true,"valueName":"search_term_string"}}],"inLanguage":"ru-RU"},{"@type":"Organization","@id":"https:\/\/perliniaidanieliai.lt\/#organization","name":"\u041f\u0410\u0420\u041a \u0422\u0410\u041a\u0421\u042b \"\u0416\u0415\u041c\u0427\u0423\u0416\u0418\u041d\u0410","url":"https:\/\/perliniaidanieliai.lt\/","logo":{"@type":"ImageObject","inLanguage":"ru-RU","@id":"https:\/\/perliniaidanieliai.lt\/#\/schema\/logo\/image\/","url":"http:\/\/perliniaidanieliai.lt\/wp-content\/uploads\/2021\/09\/319620154_1421737541690511_2993680868490120499_n.webp","contentUrl":"http:\/\/perliniaidanieliai.lt\/wp-content\/uploads\/2021\/09\/319620154_1421737541690511_2993680868490120499_n.webp","width":2048,"height":1939,"caption":"PERLINI\u0172 DANIELI\u0172 PARKAS"},"image":{"@id":"https:\/\/perliniaidanieliai.lt\/#\/schema\/logo\/image\/"},"sameAs":["https:\/\/www.facebook.com\/perliniai.danieliai\/","https:\/\/www.instagram.com\/danieliaiperliniai\/"]}]}},"_links":{"self":[{"href":"https:\/\/perliniaidanieliai.lt\/ru\/wp-json\/wp\/v2\/product\/49151","targetHints":{"allow":["GET"]}}],"collection":[{"href":"https:\/\/perliniaidanieliai.lt\/ru\/wp-json\/wp\/v2\/product"}],"about":[{"href":"https:\/\/perliniaidanieliai.lt\/ru\/wp-json\/wp\/v2\/types\/product"}],"wp:featuredmedia":[{"embeddable":true,"href":"https:\/\/perliniaidanieliai.lt\/ru\/wp-json\/wp\/v2\/media\/58139"}],"wp:attachment":[{"href":"https:\/\/perliniaidanieliai.lt\/ru\/wp-json\/wp\/v2\/media?parent=49151"}],"wp:term":[{"taxonomy":"product_brand","embeddable":true,"href":"https:\/\/perliniaidanieliai.lt\/ru\/wp-json\/wp\/v2\/product_brand?post=49151"},{"taxonomy":"product_cat","embeddable":true,"href":"https:\/\/perliniaidanieliai.lt\/ru\/wp-json\/wp\/v2\/product_cat?post=49151"},{"taxonomy":"product_tag","embeddable":true,"href":"https:\/\/perliniaidanieliai.lt\/ru\/wp-json\/wp\/v2\/product_tag?post=49151"}],"curies":[{"name":"wp","href":"https:\/\/api.w.org\/{rel}","templated":true}]}}