
{"id":22349,"date":"2024-07-20T00:23:26","date_gmt":"2024-07-19T21:23:26","guid":{"rendered":"https:\/\/perliniaidanieliai.lt\/?post_type=product&#038;p=22349"},"modified":"2025-09-26T23:21:46","modified_gmt":"2025-09-26T20:21:46","slug":"laimes-ratas","status":"publish","type":"product","link":"https:\/\/perliniaidanieliai.lt\/ru\/product\/laimes-ratas\/","title":{"rendered":"Laim\u0117s ratas"},"content":{"rendered":"","protected":false},"excerpt":{"rendered":"","protected":false},"featured_media":58124,"template":"","meta":[],"product_brand":[],"product_cat":[106],"product_tag":[145],"class_list":{"0":"post-22349","1":"product","2":"type-product","3":"status-publish","4":"has-post-thumbnail","6":"product_cat-rezervacijos","7":"product_tag-laimes-ratas","9":"first","10":"instock","11":"sold-individually","12":"shipping-taxable","13":"purchasable","14":"product-type-simple"},"yoast_head":"<!-- This site is optimized with the Yoast SEO Premium plugin v21.2 (Yoast SEO v26.5) - https:\/\/yoast.com\/wordpress\/plugins\/seo\/ -->\n<title>Rezervuokite Poilsio Viet\u0105 Perlini\u0173 Danieli\u0173 Parke<\/title>\n<meta name=\"description\" content=\"U\u017etikrinkite sau poils\u012f Perlini\u0173 Danieli\u0173 Parke i\u0161 anksto rezervuodami Pav\u0117sin\u0119, Namel\u012f ar Draug\u0173 kampel\u012f. M\u0117gaukit\u0117s idili\u0161ka gamta ir kokybi\u0161ku laiku su \u0161eima ar draugais. Rezervuokite jau \u0161iandien!\" \/>\n<meta name=\"robots\" content=\"index, follow, max-snippet:-1, max-image-preview:large, max-video-preview:-1\" \/>\n<link rel=\"canonical\" href=\"https:\/\/perliniaidanieliai.lt\/ru\/product\/laimes-ratas\/\" \/>\n<meta property=\"og:locale\" content=\"ru_RU\" \/>\n<meta property=\"og:type\" content=\"article\" \/>\n<meta property=\"og:title\" content=\"Rezervuokite Poilsio Viet\u0105 Perlini\u0173 Danieli\u0173 Parke\" \/>\n<meta property=\"og:description\" content=\"U\u017etikrinkite sau poils\u012f Perlini\u0173 Danieli\u0173 Parke i\u0161 anksto rezervuodami Pav\u0117sin\u0119, Namel\u012f ar Draug\u0173 kampel\u012f. M\u0117gaukit\u0117s idili\u0161ka gamta ir kokybi\u0161ku laiku su \u0161eima ar draugais. Rezervuokite jau \u0161iandien!\" \/>\n<meta property=\"og:url\" content=\"https:\/\/perliniaidanieliai.lt\/ru\/product\/laimes-ratas\/\" \/>\n<meta property=\"og:site_name\" content=\"PERLINI\u0172 DANIELI\u0172 PARKAS\" \/>\n<meta property=\"article:publisher\" content=\"https:\/\/www.facebook.com\/perliniai.danieliai\/\" \/>\n<meta property=\"article:modified_time\" content=\"2025-09-26T20:21:46+00:00\" \/>\n<meta property=\"og:image\" content=\"http:\/\/perliniaidanieliai.lt\/wp-content\/uploads\/2023\/11\/Add-a-heading-_8_.webp\" \/>\n\t<meta property=\"og:image:width\" content=\"1200\" \/>\n\t<meta property=\"og:image:height\" content=\"800\" \/>\n\t<meta property=\"og:image:type\" content=\"image\/webp\" \/>\n<meta name=\"twitter:card\" content=\"summary_large_image\" \/>\n<meta name=\"twitter:title\" content=\"Laim\u0117s ratas\" \/>\n<script type=\"application\/ld+json\" class=\"yoast-schema-graph\">{\"@context\":\"https:\/\/schema.org\",\"@graph\":[{\"@type\":\"WebPage\",\"@id\":\"https:\/\/perliniaidanieliai.lt\/product\/laimes-ratas\/\",\"url\":\"https:\/\/perliniaidanieliai.lt\/product\/laimes-ratas\/\",\"name\":\"Rezervuokite Poilsio Viet\u0105 Perlini\u0173 Danieli\u0173 Parke\",\"isPartOf\":{\"@id\":\"https:\/\/perliniaidanieliai.lt\/#website\"},\"primaryImageOfPage\":{\"@id\":\"https:\/\/perliniaidanieliai.lt\/product\/laimes-ratas\/#primaryimage\"},\"image\":{\"@id\":\"https:\/\/perliniaidanieliai.lt\/product\/laimes-ratas\/#primaryimage\"},\"thumbnailUrl\":\"https:\/\/perliniaidanieliai.lt\/wp-content\/uploads\/2024\/07\/Laimes-ratas.png\",\"datePublished\":\"2024-07-19T21:23:26+00:00\",\"dateModified\":\"2025-09-26T20:21:46+00:00\",\"description\":\"U\u017etikrinkite sau poils\u012f Perlini\u0173 Danieli\u0173 Parke i\u0161 anksto rezervuodami Pav\u0117sin\u0119, Namel\u012f ar Draug\u0173 kampel\u012f. M\u0117gaukit\u0117s idili\u0161ka gamta ir kokybi\u0161ku laiku su \u0161eima ar draugais. Rezervuokite jau \u0161iandien!\",\"breadcrumb\":{\"@id\":\"https:\/\/perliniaidanieliai.lt\/product\/laimes-ratas\/#breadcrumb\"},\"inLanguage\":\"ru-RU\",\"potentialAction\":[{\"@type\":\"ReadAction\",\"target\":[\"https:\/\/perliniaidanieliai.lt\/product\/laimes-ratas\/\"]}]},{\"@type\":\"ImageObject\",\"inLanguage\":\"ru-RU\",\"@id\":\"https:\/\/perliniaidanieliai.lt\/product\/laimes-ratas\/#primaryimage\",\"url\":\"https:\/\/perliniaidanieliai.lt\/wp-content\/uploads\/2024\/07\/Laimes-ratas.png\",\"contentUrl\":\"https:\/\/perliniaidanieliai.lt\/wp-content\/uploads\/2024\/07\/Laimes-ratas.png\",\"width\":2146,\"height\":1210},{\"@type\":\"BreadcrumbList\",\"@id\":\"https:\/\/perliniaidanieliai.lt\/product\/laimes-ratas\/#breadcrumb\",\"itemListElement\":[{\"@type\":\"ListItem\",\"position\":1,\"name\":\"Pagrindinis\",\"item\":\"https:\/\/perliniaidanieliai.lt\/\"},{\"@type\":\"ListItem\",\"position\":2,\"name\":\"Shop\",\"item\":\"https:\/\/perliniaidanieliai.lt\/shop\/\"},{\"@type\":\"ListItem\",\"position\":3,\"name\":\"Laim\u0117s ratas\"}]},{\"@type\":\"WebSite\",\"@id\":\"https:\/\/perliniaidanieliai.lt\/#website\",\"url\":\"https:\/\/perliniaidanieliai.lt\/\",\"name\":\"PERLINI\u0172 DANIELI\u0172 PARKAS\",\"description\":\"PERLINI\u0172 DANIELI\u0172 PARKAS\",\"publisher\":{\"@id\":\"https:\/\/perliniaidanieliai.lt\/#organization\"},\"potentialAction\":[{\"@type\":\"SearchAction\",\"target\":{\"@type\":\"EntryPoint\",\"urlTemplate\":\"https:\/\/perliniaidanieliai.lt\/?s={search_term_string}\"},\"query-input\":{\"@type\":\"PropertyValueSpecification\",\"valueRequired\":true,\"valueName\":\"search_term_string\"}}],\"inLanguage\":\"ru-RU\"},{\"@type\":\"Organization\",\"@id\":\"https:\/\/perliniaidanieliai.lt\/#organization\",\"name\":\"PERLINI\u0172 DANIELI\u0172 PARKAS\",\"url\":\"https:\/\/perliniaidanieliai.lt\/\",\"logo\":{\"@type\":\"ImageObject\",\"inLanguage\":\"ru-RU\",\"@id\":\"https:\/\/perliniaidanieliai.lt\/#\/schema\/logo\/image\/\",\"url\":\"http:\/\/perliniaidanieliai.lt\/wp-content\/uploads\/2021\/09\/319620154_1421737541690511_2993680868490120499_n.webp\",\"contentUrl\":\"http:\/\/perliniaidanieliai.lt\/wp-content\/uploads\/2021\/09\/319620154_1421737541690511_2993680868490120499_n.webp\",\"width\":2048,\"height\":1939,\"caption\":\"PERLINI\u0172 DANIELI\u0172 PARKAS\"},\"image\":{\"@id\":\"https:\/\/perliniaidanieliai.lt\/#\/schema\/logo\/image\/\"},\"sameAs\":[\"https:\/\/www.facebook.com\/perliniai.danieliai\/\",\"https:\/\/www.instagram.com\/danieliaiperliniai\/\"]}]}<\/script>\n<!-- \/ Yoast SEO Premium plugin. -->","yoast_head_json":{"title":"\u0417\u0430\u0431\u0440\u043e\u043d\u0438\u0440\u0443\u0439\u0442\u0435 \u043c\u0435\u0441\u0442\u043e \u0434\u043b\u044f \u043e\u0442\u043f\u0443\u0441\u043a\u0430 \u0432 \u041f\u0435\u0440\u043b \u0414\u044d\u043d\u0438\u0435\u043b\u0441 \u041f\u0430\u0440\u043a","description":"\u041e\u0431\u0435\u0441\u043f\u0435\u0447\u044c\u0442\u0435 \u0441\u0432\u043e\u0435 \u043f\u0440\u0435\u0431\u044b\u0432\u0430\u043d\u0438\u0435 \u0432 \u043f\u0430\u0440\u043a\u0435 Pearl Daniels, \u0437\u0430\u0440\u0430\u043d\u0435\u0435 \u0437\u0430\u0431\u0440\u043e\u043d\u0438\u0440\u043e\u0432\u0430\u0432 \u0431\u0435\u0441\u0435\u0434\u043a\u0443, \u0445\u0438\u0436\u0438\u043d\u0443 \u0438\u043b\u0438 \u0443\u0433\u043e\u043b\u043e\u043a \u0434\u0440\u0443\u0437\u0435\u0439. \u041d\u0430\u0441\u043b\u0430\u0434\u0438\u0442\u0435\u0441\u044c \u0438\u0434\u0438\u043b\u043b\u0438\u0447\u0435\u0441\u043a\u043e\u0439 \u043f\u0440\u0438\u0440\u043e\u0434\u043e\u0439 \u0438 \u043a\u0430\u0447\u0435\u0441\u0442\u0432\u0435\u043d\u043d\u044b\u043c \u0432\u0440\u0435\u043c\u0435\u043d\u0435\u043c \u0441 \u0441\u0435\u043c\u044c\u0435\u0439 \u0438\u043b\u0438 \u0434\u0440\u0443\u0437\u044c\u044f\u043c\u0438. \u0417\u0430\u0431\u0440\u043e\u043d\u0438\u0440\u0443\u0439\u0442\u0435 \u0441\u0435\u0433\u043e\u0434\u043d\u044f!","robots":{"index":"index","follow":"follow","max-snippet":"max-snippet:-1","max-image-preview":"max-image-preview:large","max-video-preview":"max-video-preview:-1"},"canonical":"https:\/\/perliniaidanieliai.lt\/ru\/product\/laimes-ratas\/","og_locale":"ru_RU","og_type":"article","og_title":"Rezervuokite Poilsio Viet\u0105 Perlini\u0173 Danieli\u0173 Parke","og_description":"U\u017etikrinkite sau poils\u012f Perlini\u0173 Danieli\u0173 Parke i\u0161 anksto rezervuodami Pav\u0117sin\u0119, Namel\u012f ar Draug\u0173 kampel\u012f. M\u0117gaukit\u0117s idili\u0161ka gamta ir kokybi\u0161ku laiku su \u0161eima ar draugais. Rezervuokite jau \u0161iandien!","og_url":"https:\/\/perliniaidanieliai.lt\/ru\/product\/laimes-ratas\/","og_site_name":"PERLINI\u0172 DANIELI\u0172 PARKAS","article_publisher":"https:\/\/www.facebook.com\/perliniai.danieliai\/","article_modified_time":"2025-09-26T20:21:46+00:00","og_image":[{"width":1200,"height":800,"url":"http:\/\/perliniaidanieliai.lt\/wp-content\/uploads\/2023\/11\/Add-a-heading-_8_.webp","type":"image\/webp"}],"twitter_card":"summary_large_image","twitter_title":"Laim\u0117s ratas","schema":{"@context":"https:\/\/schema.org","@graph":[{"@type":"WebPage","@id":"https:\/\/perliniaidanieliai.lt\/product\/laimes-ratas\/","url":"https:\/\/perliniaidanieliai.lt\/product\/laimes-ratas\/","name":"\u0417\u0430\u0431\u0440\u043e\u043d\u0438\u0440\u0443\u0439\u0442\u0435 \u043c\u0435\u0441\u0442\u043e \u0434\u043b\u044f \u043e\u0442\u043f\u0443\u0441\u043a\u0430 \u0432 \u041f\u0435\u0440\u043b \u0414\u044d\u043d\u0438\u0435\u043b\u0441 \u041f\u0430\u0440\u043a","isPartOf":{"@id":"https:\/\/perliniaidanieliai.lt\/#website"},"primaryImageOfPage":{"@id":"https:\/\/perliniaidanieliai.lt\/product\/laimes-ratas\/#primaryimage"},"image":{"@id":"https:\/\/perliniaidanieliai.lt\/product\/laimes-ratas\/#primaryimage"},"thumbnailUrl":"https:\/\/perliniaidanieliai.lt\/wp-content\/uploads\/2024\/07\/Laimes-ratas.png","datePublished":"2024-07-19T21:23:26+00:00","dateModified":"2025-09-26T20:21:46+00:00","description":"\u041e\u0431\u0435\u0441\u043f\u0435\u0447\u044c\u0442\u0435 \u0441\u0432\u043e\u0435 \u043f\u0440\u0435\u0431\u044b\u0432\u0430\u043d\u0438\u0435 \u0432 \u043f\u0430\u0440\u043a\u0435 Pearl Daniels, \u0437\u0430\u0440\u0430\u043d\u0435\u0435 \u0437\u0430\u0431\u0440\u043e\u043d\u0438\u0440\u043e\u0432\u0430\u0432 \u0431\u0435\u0441\u0435\u0434\u043a\u0443, \u0445\u0438\u0436\u0438\u043d\u0443 \u0438\u043b\u0438 \u0443\u0433\u043e\u043b\u043e\u043a \u0434\u0440\u0443\u0437\u0435\u0439. \u041d\u0430\u0441\u043b\u0430\u0434\u0438\u0442\u0435\u0441\u044c \u0438\u0434\u0438\u043b\u043b\u0438\u0447\u0435\u0441\u043a\u043e\u0439 \u043f\u0440\u0438\u0440\u043e\u0434\u043e\u0439 \u0438 \u043a\u0430\u0447\u0435\u0441\u0442\u0432\u0435\u043d\u043d\u044b\u043c \u0432\u0440\u0435\u043c\u0435\u043d\u0435\u043c \u0441 \u0441\u0435\u043c\u044c\u0435\u0439 \u0438\u043b\u0438 \u0434\u0440\u0443\u0437\u044c\u044f\u043c\u0438. \u0417\u0430\u0431\u0440\u043e\u043d\u0438\u0440\u0443\u0439\u0442\u0435 \u0441\u0435\u0433\u043e\u0434\u043d\u044f!","breadcrumb":{"@id":"https:\/\/perliniaidanieliai.lt\/product\/laimes-ratas\/#breadcrumb"},"inLanguage":"ru-RU","potentialAction":[{"@type":"ReadAction","target":["https:\/\/perliniaidanieliai.lt\/product\/laimes-ratas\/"]}]},{"@type":"ImageObject","inLanguage":"ru-RU","@id":"https:\/\/perliniaidanieliai.lt\/product\/laimes-ratas\/#primaryimage","url":"https:\/\/perliniaidanieliai.lt\/wp-content\/uploads\/2024\/07\/Laimes-ratas.png","contentUrl":"https:\/\/perliniaidanieliai.lt\/wp-content\/uploads\/2024\/07\/Laimes-ratas.png","width":2146,"height":1210},{"@type":"BreadcrumbList","@id":"https:\/\/perliniaidanieliai.lt\/product\/laimes-ratas\/#breadcrumb","itemListElement":[{"@type":"ListItem","position":1,"name":"Pagrindinis","item":"https:\/\/perliniaidanieliai.lt\/"},{"@type":"ListItem","position":2,"name":"Shop","item":"https:\/\/perliniaidanieliai.lt\/shop\/"},{"@type":"ListItem","position":3,"name":"Laim\u0117s ratas"}]},{"@type":"WebSite","@id":"https:\/\/perliniaidanieliai.lt\/#website","url":"https:\/\/perliniaidanieliai.lt\/","name":"\u041f\u0410\u0420\u041a \u0422\u0410\u041a\u0421\u042b \"\u0416\u0415\u041c\u0427\u0423\u0416\u0418\u041d\u0410","description":"\u041f\u0410\u0420\u041a \u0422\u0410\u041a\u0421\u042b \"\u0416\u0415\u041c\u0427\u0423\u0416\u0418\u041d\u0410","publisher":{"@id":"https:\/\/perliniaidanieliai.lt\/#organization"},"potentialAction":[{"@type":"SearchAction","target":{"@type":"EntryPoint","urlTemplate":"https:\/\/perliniaidanieliai.lt\/?s={search_term_string}"},"query-input":{"@type":"PropertyValueSpecification","valueRequired":true,"valueName":"search_term_string"}}],"inLanguage":"ru-RU"},{"@type":"Organization","@id":"https:\/\/perliniaidanieliai.lt\/#organization","name":"\u041f\u0410\u0420\u041a \u0422\u0410\u041a\u0421\u042b \"\u0416\u0415\u041c\u0427\u0423\u0416\u0418\u041d\u0410","url":"https:\/\/perliniaidanieliai.lt\/","logo":{"@type":"ImageObject","inLanguage":"ru-RU","@id":"https:\/\/perliniaidanieliai.lt\/#\/schema\/logo\/image\/","url":"http:\/\/perliniaidanieliai.lt\/wp-content\/uploads\/2021\/09\/319620154_1421737541690511_2993680868490120499_n.webp","contentUrl":"http:\/\/perliniaidanieliai.lt\/wp-content\/uploads\/2021\/09\/319620154_1421737541690511_2993680868490120499_n.webp","width":2048,"height":1939,"caption":"PERLINI\u0172 DANIELI\u0172 PARKAS"},"image":{"@id":"https:\/\/perliniaidanieliai.lt\/#\/schema\/logo\/image\/"},"sameAs":["https:\/\/www.facebook.com\/perliniai.danieliai\/","https:\/\/www.instagram.com\/danieliaiperliniai\/"]}]}},"_links":{"self":[{"href":"https:\/\/perliniaidanieliai.lt\/ru\/wp-json\/wp\/v2\/product\/22349","targetHints":{"allow":["GET"]}}],"collection":[{"href":"https:\/\/perliniaidanieliai.lt\/ru\/wp-json\/wp\/v2\/product"}],"about":[{"href":"https:\/\/perliniaidanieliai.lt\/ru\/wp-json\/wp\/v2\/types\/product"}],"wp:featuredmedia":[{"embeddable":true,"href":"https:\/\/perliniaidanieliai.lt\/ru\/wp-json\/wp\/v2\/media\/58124"}],"wp:attachment":[{"href":"https:\/\/perliniaidanieliai.lt\/ru\/wp-json\/wp\/v2\/media?parent=22349"}],"wp:term":[{"taxonomy":"product_brand","embeddable":true,"href":"https:\/\/perliniaidanieliai.lt\/ru\/wp-json\/wp\/v2\/product_brand?post=22349"},{"taxonomy":"product_cat","embeddable":true,"href":"https:\/\/perliniaidanieliai.lt\/ru\/wp-json\/wp\/v2\/product_cat?post=22349"},{"taxonomy":"product_tag","embeddable":true,"href":"https:\/\/perliniaidanieliai.lt\/ru\/wp-json\/wp\/v2\/product_tag?post=22349"}],"curies":[{"name":"wp","href":"https:\/\/api.w.org\/{rel}","templated":true}]}}