
{"id":9039,"date":"2023-11-18T23:35:47","date_gmt":"2023-11-18T21:35:47","guid":{"rendered":"http:\/\/perliniaidanieliai.lt\/wc-sc-coupons-terms\/"},"modified":"2023-12-19T21:21:27","modified_gmt":"2023-12-19T19:21:27","slug":"wc-sc-coupons-terms","status":"publish","type":"page","link":"https:\/\/perliniaidanieliai.lt\/ru\/wc-sc-coupons-terms\/","title":{"rendered":"Smart kupon\u0173 s\u0105lygos"},"content":{"rendered":"","protected":false},"excerpt":{"rendered":"","protected":false},"author":9,"featured_media":0,"parent":0,"menu_order":0,"comment_status":"closed","ping_status":"closed","template":"","meta":{"footnotes":""},"class_list":["post-9039","page","type-page","status-publish","hentry"],"yoast_head":"<!-- This site is optimized with the Yoast SEO Premium plugin v21.2 (Yoast SEO v26.5) - https:\/\/yoast.com\/wordpress\/plugins\/seo\/ -->\n<title>Smart kupon\u0173 s\u0105lygos | PERLINI\u0172 DANIELI\u0172 PARKAS<\/title>\n<meta name=\"robots\" content=\"index, follow, max-snippet:-1, max-image-preview:large, max-video-preview:-1\" \/>\n<link rel=\"canonical\" href=\"https:\/\/perliniaidanieliai.lt\/ru\/wc-sc-coupons-terms\/\" \/>\n<meta property=\"og:locale\" content=\"ru_RU\" \/>\n<meta property=\"og:type\" content=\"article\" \/>\n<meta property=\"og:title\" content=\"Smart kupon\u0173 s\u0105lygos\" \/>\n<meta property=\"og:url\" content=\"https:\/\/perliniaidanieliai.lt\/ru\/wc-sc-coupons-terms\/\" \/>\n<meta property=\"og:site_name\" content=\"PERLINI\u0172 DANIELI\u0172 PARKAS\" \/>\n<meta property=\"article:publisher\" content=\"https:\/\/www.facebook.com\/perliniai.danieliai\/\" \/>\n<meta property=\"article:modified_time\" content=\"2023-12-19T19:21:27+00:00\" \/>\n<meta property=\"og:image\" content=\"https:\/\/perliniaidanieliai.lt\/wp-content\/uploads\/2023\/11\/perliniai-danieliai.webp\" \/>\n\t<meta property=\"og:image:width\" content=\"1363\" \/>\n\t<meta property=\"og:image:height\" content=\"1363\" \/>\n\t<meta property=\"og:image:type\" content=\"image\/webp\" \/>\n<meta name=\"twitter:card\" content=\"summary_large_image\" \/>\n<script type=\"application\/ld+json\" class=\"yoast-schema-graph\">{\"@context\":\"https:\/\/schema.org\",\"@graph\":[{\"@type\":\"WebPage\",\"@id\":\"https:\/\/perliniaidanieliai.lt\/wc-sc-coupons-terms\/\",\"url\":\"https:\/\/perliniaidanieliai.lt\/wc-sc-coupons-terms\/\",\"name\":\"Smart kupon\u0173 s\u0105lygos | PERLINI\u0172 DANIELI\u0172 PARKAS\",\"isPartOf\":{\"@id\":\"https:\/\/perliniaidanieliai.lt\/#website\"},\"datePublished\":\"2023-11-18T21:35:47+00:00\",\"dateModified\":\"2023-12-19T19:21:27+00:00\",\"breadcrumb\":{\"@id\":\"https:\/\/perliniaidanieliai.lt\/wc-sc-coupons-terms\/#breadcrumb\"},\"inLanguage\":\"ru-RU\",\"potentialAction\":[{\"@type\":\"ReadAction\",\"target\":[\"https:\/\/perliniaidanieliai.lt\/wc-sc-coupons-terms\/\"]}]},{\"@type\":\"BreadcrumbList\",\"@id\":\"https:\/\/perliniaidanieliai.lt\/wc-sc-coupons-terms\/#breadcrumb\",\"itemListElement\":[{\"@type\":\"ListItem\",\"position\":1,\"name\":\"Pagrindinis\",\"item\":\"https:\/\/perliniaidanieliai.lt\/\"},{\"@type\":\"ListItem\",\"position\":2,\"name\":\"Smart kupon\u0173 s\u0105lygos\"}]},{\"@type\":\"WebSite\",\"@id\":\"https:\/\/perliniaidanieliai.lt\/#website\",\"url\":\"https:\/\/perliniaidanieliai.lt\/\",\"name\":\"PERLINI\u0172 DANIELI\u0172 PARKAS\",\"description\":\"PERLINI\u0172 DANIELI\u0172 PARKAS\",\"publisher\":{\"@id\":\"https:\/\/perliniaidanieliai.lt\/#organization\"},\"potentialAction\":[{\"@type\":\"SearchAction\",\"target\":{\"@type\":\"EntryPoint\",\"urlTemplate\":\"https:\/\/perliniaidanieliai.lt\/?s={search_term_string}\"},\"query-input\":{\"@type\":\"PropertyValueSpecification\",\"valueRequired\":true,\"valueName\":\"search_term_string\"}}],\"inLanguage\":\"ru-RU\"},{\"@type\":\"Organization\",\"@id\":\"https:\/\/perliniaidanieliai.lt\/#organization\",\"name\":\"PERLINI\u0172 DANIELI\u0172 PARKAS\",\"url\":\"https:\/\/perliniaidanieliai.lt\/\",\"logo\":{\"@type\":\"ImageObject\",\"inLanguage\":\"ru-RU\",\"@id\":\"https:\/\/perliniaidanieliai.lt\/#\/schema\/logo\/image\/\",\"url\":\"http:\/\/perliniaidanieliai.lt\/wp-content\/uploads\/2021\/09\/319620154_1421737541690511_2993680868490120499_n.webp\",\"contentUrl\":\"http:\/\/perliniaidanieliai.lt\/wp-content\/uploads\/2021\/09\/319620154_1421737541690511_2993680868490120499_n.webp\",\"width\":2048,\"height\":1939,\"caption\":\"PERLINI\u0172 DANIELI\u0172 PARKAS\"},\"image\":{\"@id\":\"https:\/\/perliniaidanieliai.lt\/#\/schema\/logo\/image\/\"},\"sameAs\":[\"https:\/\/www.facebook.com\/perliniai.danieliai\/\",\"https:\/\/www.instagram.com\/danieliaiperliniai\/\"]}]}<\/script>\n<!-- \/ Yoast SEO Premium plugin. -->","yoast_head_json":{"title":"Smart kupon\u0173 s\u0105lygos | PERLINI\u0172 DANIELI\u0172 PARKAS","robots":{"index":"index","follow":"follow","max-snippet":"max-snippet:-1","max-image-preview":"max-image-preview:large","max-video-preview":"max-video-preview:-1"},"canonical":"https:\/\/perliniaidanieliai.lt\/ru\/wc-sc-coupons-terms\/","og_locale":"ru_RU","og_type":"article","og_title":"Smart kupon\u0173 s\u0105lygos","og_url":"https:\/\/perliniaidanieliai.lt\/ru\/wc-sc-coupons-terms\/","og_site_name":"PERLINI\u0172 DANIELI\u0172 PARKAS","article_publisher":"https:\/\/www.facebook.com\/perliniai.danieliai\/","article_modified_time":"2023-12-19T19:21:27+00:00","og_image":[{"width":1363,"height":1363,"url":"https:\/\/perliniaidanieliai.lt\/wp-content\/uploads\/2023\/11\/perliniai-danieliai.webp","type":"image\/webp"}],"twitter_card":"summary_large_image","schema":{"@context":"https:\/\/schema.org","@graph":[{"@type":"WebPage","@id":"https:\/\/perliniaidanieliai.lt\/wc-sc-coupons-terms\/","url":"https:\/\/perliniaidanieliai.lt\/wc-sc-coupons-terms\/","name":"Smart kupon\u0173 s\u0105lygos | PERLINI\u0172 DANIELI\u0172 PARKAS","isPartOf":{"@id":"https:\/\/perliniaidanieliai.lt\/#website"},"datePublished":"2023-11-18T21:35:47+00:00","dateModified":"2023-12-19T19:21:27+00:00","breadcrumb":{"@id":"https:\/\/perliniaidanieliai.lt\/wc-sc-coupons-terms\/#breadcrumb"},"inLanguage":"ru-RU","potentialAction":[{"@type":"ReadAction","target":["https:\/\/perliniaidanieliai.lt\/wc-sc-coupons-terms\/"]}]},{"@type":"BreadcrumbList","@id":"https:\/\/perliniaidanieliai.lt\/wc-sc-coupons-terms\/#breadcrumb","itemListElement":[{"@type":"ListItem","position":1,"name":"Pagrindinis","item":"https:\/\/perliniaidanieliai.lt\/"},{"@type":"ListItem","position":2,"name":"Smart kupon\u0173 s\u0105lygos"}]},{"@type":"WebSite","@id":"https:\/\/perliniaidanieliai.lt\/#website","url":"https:\/\/perliniaidanieliai.lt\/","name":"\u041f\u0410\u0420\u041a \u0422\u0410\u041a\u0421\u042b \"\u0416\u0415\u041c\u0427\u0423\u0416\u0418\u041d\u0410","description":"\u041f\u0410\u0420\u041a \u0422\u0410\u041a\u0421\u042b \"\u0416\u0415\u041c\u0427\u0423\u0416\u0418\u041d\u0410","publisher":{"@id":"https:\/\/perliniaidanieliai.lt\/#organization"},"potentialAction":[{"@type":"SearchAction","target":{"@type":"EntryPoint","urlTemplate":"https:\/\/perliniaidanieliai.lt\/?s={search_term_string}"},"query-input":{"@type":"PropertyValueSpecification","valueRequired":true,"valueName":"search_term_string"}}],"inLanguage":"ru-RU"},{"@type":"Organization","@id":"https:\/\/perliniaidanieliai.lt\/#organization","name":"\u041f\u0410\u0420\u041a \u0422\u0410\u041a\u0421\u042b \"\u0416\u0415\u041c\u0427\u0423\u0416\u0418\u041d\u0410","url":"https:\/\/perliniaidanieliai.lt\/","logo":{"@type":"ImageObject","inLanguage":"ru-RU","@id":"https:\/\/perliniaidanieliai.lt\/#\/schema\/logo\/image\/","url":"http:\/\/perliniaidanieliai.lt\/wp-content\/uploads\/2021\/09\/319620154_1421737541690511_2993680868490120499_n.webp","contentUrl":"http:\/\/perliniaidanieliai.lt\/wp-content\/uploads\/2021\/09\/319620154_1421737541690511_2993680868490120499_n.webp","width":2048,"height":1939,"caption":"PERLINI\u0172 DANIELI\u0172 PARKAS"},"image":{"@id":"https:\/\/perliniaidanieliai.lt\/#\/schema\/logo\/image\/"},"sameAs":["https:\/\/www.facebook.com\/perliniai.danieliai\/","https:\/\/www.instagram.com\/danieliaiperliniai\/"]}]}},"_links":{"self":[{"href":"https:\/\/perliniaidanieliai.lt\/ru\/wp-json\/wp\/v2\/pages\/9039","targetHints":{"allow":["GET"]}}],"collection":[{"href":"https:\/\/perliniaidanieliai.lt\/ru\/wp-json\/wp\/v2\/pages"}],"about":[{"href":"https:\/\/perliniaidanieliai.lt\/ru\/wp-json\/wp\/v2\/types\/page"}],"author":[{"embeddable":true,"href":"https:\/\/perliniaidanieliai.lt\/ru\/wp-json\/wp\/v2\/users\/9"}],"replies":[{"embeddable":true,"href":"https:\/\/perliniaidanieliai.lt\/ru\/wp-json\/wp\/v2\/comments?post=9039"}],"version-history":[{"count":0,"href":"https:\/\/perliniaidanieliai.lt\/ru\/wp-json\/wp\/v2\/pages\/9039\/revisions"}],"wp:attachment":[{"href":"https:\/\/perliniaidanieliai.lt\/ru\/wp-json\/wp\/v2\/media?parent=9039"}],"curies":[{"name":"wp","href":"https:\/\/api.w.org\/{rel}","templated":true}]}}