
{"id":493,"date":"2021-09-16T07:32:33","date_gmt":"2021-09-16T07:32:33","guid":{"rendered":"https:\/\/demo.ovatheme.com\/moore\/?page_id=493"},"modified":"2025-02-26T22:25:26","modified_gmt":"2025-02-26T20:25:26","slug":"apie-parka","status":"publish","type":"page","link":"https:\/\/perliniaidanieliai.lt\/ru\/apie-parka\/","title":{"rendered":"\u041e \u043f\u0430\u0440\u043a\u0435"},"content":{"rendered":"<div data-elementor-type=\"wp-page\" data-elementor-id=\"493\" class=\"elementor elementor-493\" data-elementor-post-type=\"page\">\n\t\t\t\t\t\t<section class=\"elementor-section elementor-top-section elementor-element elementor-element-d074308 elementor-section-height-min-height elementor-section-boxed elementor-section-height-default elementor-section-items-middle\" data-id=\"d074308\" data-element_type=\"section\">\n\t\t\t\t\t\t\t<div class=\"elementor-background-overlay\"><\/div>\n\t\t\t\t\t\t\t<div class=\"elementor-container elementor-column-gap-default\">\n\t\t\t\t\t<div class=\"elementor-column elementor-col-100 elementor-top-column elementor-element elementor-element-7897c8b\" data-id=\"7897c8b\" data-element_type=\"column\">\n\t\t\t<div class=\"elementor-widget-wrap elementor-element-populated\">\n\t\t\t\t\t\t<div class=\"elementor-element elementor-element-93d7867 elementor-widget elementor-widget-moore_elementor_heading\" data-id=\"93d7867\" data-element_type=\"widget\" data-widget_type=\"moore_elementor_heading.default\">\n\t\t\t\t<div class=\"elementor-widget-container\">\n\t\t\t         <div class=\"ova-heading\">\n\n\t\t\t<h2 class=\"title\">\u0420\u0430\u0439 \u0434\u043b\u044f \u0414\u0430\u043d\u0438\u044d\u043b\u044f \u0432 \u043d\u0435\u0432\u0435\u0440\u043e\u044f\u0442\u043d\u043e \u043a\u0440\u0430\u0441\u0438\u0432\u043e\u043c \u0443\u0433\u043e\u043b\u043a\u0435 \u043f\u0440\u0438\u0440\u043e\u0434\u044b!<\/h2>\n\t\t \t\n\t    <\/div>\n\t\t \t\n\t\t\t\t<\/div>\n\t\t\t\t<\/div>\n\t\t\t\t<div class=\"elementor-element elementor-element-f6bab03 elementor-widget elementor-widget-text-editor\" data-id=\"f6bab03\" data-element_type=\"widget\" data-widget_type=\"text-editor.default\">\n\t\t\t\t<div class=\"elementor-widget-container\">\n\t\t\t<style>\/*! elementor - v3.22.0 - 26-06-2024 *\/\n.elementor-widget-text-editor.elementor-drop-cap-view-stacked .elementor-drop-cap{background-color:#69727d;color:#fff}.elementor-widget-text-editor.elementor-drop-cap-view-framed .elementor-drop-cap{color:#69727d;border:3px solid;background-color:transparent}.elementor-widget-text-editor:not(.elementor-drop-cap-view-default) .elementor-drop-cap{margin-top:8px}.elementor-widget-text-editor:not(.elementor-drop-cap-view-default) .elementor-drop-cap-letter{width:1em;height:1em}.elementor-widget-text-editor .elementor-drop-cap{float:left;text-align:center;line-height:1;font-size:50px}.elementor-widget-text-editor .elementor-drop-cap-letter{display:inline-block}<\/style>\t\t\t\t<p><em><b>\u0420\u0430\u0437\u0432\u0435\u0434\u0435\u043d\u0438\u0435 \u0436\u0435\u043c\u0447\u0443\u0436\u043d\u044b\u0445 \u043c\u0438\u0434\u0438\u0439<\/b> - \u042d\u0442\u043e \u0438\u0434\u0435\u044f \u043c\u043e\u043b\u043e\u0434\u043e\u0439 \u0441\u0435\u043c\u044c\u0438, \u043a\u043e\u0442\u043e\u0440\u0430\u044f \u043f\u043e\u043a\u0430 \u043d\u0430\u0445\u043e\u0434\u0438\u0442\u0441\u044f \u0432 \u0441\u0442\u0430\u0434\u0438\u0438 \u0441\u0442\u0430\u043d\u043e\u0432\u043b\u0435\u043d\u0438\u044f. \u0421\u043b\u0435\u0434\u0438\u0442\u0435 \u0437\u0430 \u043d\u043e\u0432\u043e\u0441\u0442\u044f\u043c\u0438 \u043e \u0440\u043e\u0441\u0442\u0435 \u0444\u0435\u0440\u043c\u044b \u0438 \u0440\u0430\u0437\u0432\u0438\u0442\u0438\u0438 \u0434\u0435\u044f\u0442\u0435\u043b\u044c\u043d\u043e\u0441\u0442\u0438 \u043f\u0430\u0440\u043a\u0430.<\/em><\/p>\t\t\t\t\t\t<\/div>\n\t\t\t\t<\/div>\n\t\t\t\t<div class=\"elementor-element elementor-element-7d08823 elementor-align-center elementor-widget elementor-widget-button\" data-id=\"7d08823\" data-element_type=\"widget\" data-widget_type=\"button.default\">\n\t\t\t\t<div class=\"elementor-widget-container\">\n\t\t\t\t\t<div class=\"elementor-button-wrapper\">\n\t\t\t<a class=\"elementor-button elementor-button-link elementor-size-sm\" href=\"https:\/\/www.instagram.com\/danieliaiperliniai\/\">\n\t\t\t\t\t\t<span class=\"elementor-button-content-wrapper\">\n\t\t\t\t\t\t<span class=\"elementor-button-icon\">\n\t\t\t\t<i aria-hidden=\"true\" class=\"fab fa-instagram\"><\/i>\t\t\t<\/span>\n\t\t\t\t\t\t\t\t\t<span class=\"elementor-button-text\">\u0423\u0437\u043d\u0430\u0442\u044c \u0431\u043e\u043b\u044c\u0448\u0435<\/span>\n\t\t\t\t\t<\/span>\n\t\t\t\t\t<\/a>\n\t\t<\/div>\n\t\t\t\t<\/div>\n\t\t\t\t<\/div>\n\t\t\t\t\t<\/div>\n\t\t<\/div>\n\t\t\t\t\t<\/div>\n\t\t<\/section>\n\t\t\t\t<section class=\"elementor-section elementor-top-section elementor-element elementor-element-cc5c76c elementor-section-boxed elementor-section-height-default elementor-section-height-default\" data-id=\"cc5c76c\" data-element_type=\"section\">\n\t\t\t\t\t\t<div class=\"elementor-container elementor-column-gap-default\">\n\t\t\t\t\t<div class=\"elementor-column elementor-col-50 elementor-top-column elementor-element elementor-element-eda43a1\" data-id=\"eda43a1\" data-element_type=\"column\">\n\t\t\t<div class=\"elementor-widget-wrap elementor-element-populated\">\n\t\t\t\t\t\t<div class=\"elementor-element elementor-element-3281c22 elementor-widget elementor-widget-image\" data-id=\"3281c22\" data-element_type=\"widget\" data-widget_type=\"image.default\">\n\t\t\t\t<div class=\"elementor-widget-container\">\n\t\t\t<style>\/*! elementor - v3.22.0 - 26-06-2024 *\/\n.elementor-widget-image{text-align:center}.elementor-widget-image a{display:inline-block}.elementor-widget-image a img[src$=\".svg\"]{width:48px}.elementor-widget-image img{vertical-align:middle;display:inline-block}<\/style>\t\t\t\t\t\t\t\t\t\t<img fetchpriority=\"high\" decoding=\"async\" width=\"575\" height=\"1024\" src=\"https:\/\/perliniaidanieliai.lt\/wp-content\/uploads\/2023\/04\/foto-1-575x1024.webp\" class=\"attachment-large size-large wp-image-6302\" alt=\"\" srcset=\"https:\/\/perliniaidanieliai.lt\/wp-content\/uploads\/2023\/04\/foto-1-575x1024.webp 575w, https:\/\/perliniaidanieliai.lt\/wp-content\/uploads\/2023\/04\/foto-1-300x534.webp 300w, https:\/\/perliniaidanieliai.lt\/wp-content\/uploads\/2023\/04\/foto-1-600x1069.webp 600w, https:\/\/perliniaidanieliai.lt\/wp-content\/uploads\/2023\/04\/foto-1-168x300.webp 168w, https:\/\/perliniaidanieliai.lt\/wp-content\/uploads\/2023\/04\/foto-1-768x1368.webp 768w, https:\/\/perliniaidanieliai.lt\/wp-content\/uploads\/2023\/04\/foto-1-863x1536.webp 863w, https:\/\/perliniaidanieliai.lt\/wp-content\/uploads\/2023\/04\/foto-1-472x840.webp 472w, https:\/\/perliniaidanieliai.lt\/wp-content\/uploads\/2023\/04\/foto-1-371x660.webp 371w, https:\/\/perliniaidanieliai.lt\/wp-content\/uploads\/2023\/04\/foto-1.webp 1150w\" sizes=\"(max-width: 575px) 100vw, 575px\" \/>\t\t\t\t\t\t\t\t\t\t\t\t\t<\/div>\n\t\t\t\t<\/div>\n\t\t\t\t\t<\/div>\n\t\t<\/div>\n\t\t\t\t<div class=\"elementor-column elementor-col-50 elementor-top-column elementor-element elementor-element-3636e98\" data-id=\"3636e98\" data-element_type=\"column\">\n\t\t\t<div class=\"elementor-widget-wrap elementor-element-populated\">\n\t\t\t\t\t\t<div class=\"elementor-element elementor-element-7b56117 elementor-widget elementor-widget-moore_elementor_heading\" data-id=\"7b56117\" data-element_type=\"widget\" data-widget_type=\"moore_elementor_heading.default\">\n\t\t\t\t<div class=\"elementor-widget-container\">\n\t\t\t         <div class=\"ova-heading\">\n\n\t\t\t<h2 class=\"title\">\u0427\u0442\u043e \u0434\u0435\u043b\u0430\u0435\u0442 \u044d\u0442\u043e\u0442 \u043f\u0430\u0440\u043a \u043e\u0441\u043e\u0431\u0435\u043d\u043d\u044b\u043c?<\/h2>\n\t\t \t\n\t    <\/div>\n\t\t \t\n\t\t\t\t<\/div>\n\t\t\t\t<\/div>\n\t\t\t\t<div class=\"elementor-element elementor-element-4669cec elementor-widget elementor-widget-heading\" data-id=\"4669cec\" data-element_type=\"widget\" data-widget_type=\"heading.default\">\n\t\t\t\t<div class=\"elementor-widget-container\">\n\t\t\t<style>\/*! elementor - v3.22.0 - 26-06-2024 *\/\n.elementor-heading-title{padding:0;margin:0;line-height:1}.elementor-widget-heading .elementor-heading-title[class*=elementor-size-]>a{color:inherit;font-size:inherit;line-height:inherit}.elementor-widget-heading .elementor-heading-title.elementor-size-small{font-size:15px}.elementor-widget-heading .elementor-heading-title.elementor-size-medium{font-size:19px}.elementor-widget-heading .elementor-heading-title.elementor-size-large{font-size:29px}.elementor-widget-heading .elementor-heading-title.elementor-size-xl{font-size:39px}.elementor-widget-heading .elementor-heading-title.elementor-size-xxl{font-size:59px}<\/style><h3 class=\"elementor-heading-title elementor-size-default\">\u0412\u0437\u0430\u0438\u043c\u043e\u043e\u0442\u043d\u043e\u0448\u0435\u043d\u0438\u044f \u0441 \u043f\u0440\u0438\u0440\u043e\u0434\u043e\u0439<\/h3>\t\t<\/div>\n\t\t\t\t<\/div>\n\t\t\t\t<div class=\"elementor-element elementor-element-0f2e144 elementor-widget elementor-widget-text-editor\" data-id=\"0f2e144\" data-element_type=\"widget\" data-widget_type=\"text-editor.default\">\n\t\t\t\t<div class=\"elementor-widget-container\">\n\t\t\t\t\t\t\t<p>Gyv\u016bnai vaik\u0161to laisvai po parko teritorij\u0105. Galima juos pamaitinti ir pa\u017einti i\u0161 arti. Skirtingais met\u0173 laikais m\u016bs\u0173 parke galima steb\u0117ti \u012fvairius gyv\u016bn\u0173 gyvenimo etapus. Pavasar\u012f gyv\u016bnai meta ragus, vasar\u0105 atsiveda jaunikli\u0173, o rudens pabaigoje gal\u0117site pasiklausyti, kaip vienbalsiai danieli\u0173 patel\u0117s kvie\u010dia savo ma\u017eylius pavalgyti.\u00a0<span class=\"Apple-converted-space\">\u00a0<\/span>Kiekvienas sezonas atne\u0161a nauj\u0173 ir \u012fdomi\u0173 poky\u010di\u0173 gyv\u016bn\u0173 gyvenime, tod\u0117l bet kuriuo metu aplank\u0119 park\u0105 tur\u0117site galimyb\u0119 pamatyti unikalius gamtos ciklus.<\/p>\t\t\t\t\t\t<\/div>\n\t\t\t\t<\/div>\n\t\t\t\t<div class=\"elementor-element elementor-element-2055532 elementor-widget elementor-widget-heading\" data-id=\"2055532\" data-element_type=\"widget\" data-widget_type=\"heading.default\">\n\t\t\t\t<div class=\"elementor-widget-container\">\n\t\t\t<h3 class=\"elementor-heading-title elementor-size-default\">EDUKACIJA IR \u0160VIETIMAS<\/h3>\t\t<\/div>\n\t\t\t\t<\/div>\n\t\t\t\t<div class=\"elementor-element elementor-element-1dfb45a elementor-widget elementor-widget-text-editor\" data-id=\"1dfb45a\" data-element_type=\"widget\" data-widget_type=\"text-editor.default\">\n\t\t\t\t<div class=\"elementor-widget-container\">\n\t\t\t\t\t\t\t<p>Si\u016blome edukacijos program\u0105, kuri supa\u017eindina su parko gyv\u016bnais ir j\u0173 gyvenimu. Edukacija tinka visiems \u2013 tiek gamta besidomintiems asmenims, tiek \u012fvairioms grup\u0117ms.\u00a0<\/p>\t\t\t\t\t\t<\/div>\n\t\t\t\t<\/div>\n\t\t\t\t<div class=\"elementor-element elementor-element-1518850 elementor-widget elementor-widget-heading\" data-id=\"1518850\" data-element_type=\"widget\" data-widget_type=\"heading.default\">\n\t\t\t\t<div class=\"elementor-widget-container\">\n\t\t\t<h3 class=\"elementor-heading-title elementor-size-default\">TRUKM\u0116<\/h3>\t\t<\/div>\n\t\t\t\t<\/div>\n\t\t\t\t<div class=\"elementor-element elementor-element-33bf8fe elementor-widget elementor-widget-text-editor\" data-id=\"33bf8fe\" data-element_type=\"widget\" data-widget_type=\"text-editor.default\">\n\t\t\t\t<div class=\"elementor-widget-container\">\n\t\t\t\t\t\t\t<p>Lankymasis parke yra neribojamas, tod\u0117l galite praleisti tiek laiko, kiek norite.<\/p>\t\t\t\t\t\t<\/div>\n\t\t\t\t<\/div>\n\t\t\t\t<div class=\"elementor-element elementor-element-e12e52b elementor-widget elementor-widget-heading\" data-id=\"e12e52b\" data-element_type=\"widget\" data-widget_type=\"heading.default\">\n\t\t\t\t<div class=\"elementor-widget-container\">\n\t\t\t<h3 class=\"elementor-heading-title elementor-size-default\">INFRASTRUKT\u016aRA<\/h3>\t\t<\/div>\n\t\t\t\t<\/div>\n\t\t\t\t<div class=\"elementor-element elementor-element-38c56aa elementor-widget elementor-widget-text-editor\" data-id=\"38c56aa\" data-element_type=\"widget\" data-widget_type=\"text-editor.default\">\n\t\t\t\t<div class=\"elementor-widget-container\">\n\t\t\t\t\t\t\t<p>Vieta pritaikyta \u012fvairioms lankytoj\u0173 grup\u0117ms u\u017etikrinant patogum\u0105 ir prieinamum\u0105 pagal poreikius.<\/p>\t\t\t\t\t\t<\/div>\n\t\t\t\t<\/div>\n\t\t\t\t<div class=\"elementor-element elementor-element-6bdcf9f elementor-widget elementor-widget-heading\" data-id=\"6bdcf9f\" data-element_type=\"widget\" data-widget_type=\"heading.default\">\n\t\t\t\t<div class=\"elementor-widget-container\">\n\t\t\t<h3 class=\"elementor-heading-title elementor-size-default\">\u041f\u0420\u041e\u0421\u0422\u041e\u0419 \u0414\u041e\u0421\u0422\u0423\u041f<\/h3>\t\t<\/div>\n\t\t\t\t<\/div>\n\t\t\t\t<div class=\"elementor-element elementor-element-3a7cbc1 elementor-widget elementor-widget-text-editor\" data-id=\"3a7cbc1\" data-element_type=\"widget\" data-widget_type=\"text-editor.default\">\n\t\t\t\t<div class=\"elementor-widget-container\">\n\t\t\t\t\t\t\t<p>Patogu atvykti traukiniu Vilnius-Kaunas ir Kaunas-Vilnius mar\u0161rutais, automobiliu, dvira\u010diu. Patogu naudotis Google maps arba waze navigacijomis, paie\u0161kos laukelyje \u012fvedant \u201cPerlini\u0173 danieli\u0173 parkas\u201d.<\/p>\t\t\t\t\t\t<\/div>\n\t\t\t\t<\/div>\n\t\t\t\t\t<\/div>\n\t\t<\/div>\n\t\t\t\t\t<\/div>\n\t\t<\/section>\n\t\t\t\t<\/div>","protected":false},"excerpt":{"rendered":"<p>Danieli\u0173 rojus ne\u012ftik\u0117tinai gra\u017eiame gamtos kampelyje! Perlini\u0173 danieli\u0173 \u016bkis &#8211; tai jaunos \u0161eimos id\u0117ja, kuri dar tik pradeda pl\u0117totis. Sekite naujienas ir su\u017einosite, kaip did\u0117ja \u016bkis ir kaip vystomos pramogos\u00a0parke. Su\u017einoti daugiau Kuo \u0161is parkas i\u0161skirtinis? Santykis su gamta Gyv\u016bnai vaik\u0161to laisvai po parko teritorij\u0105. Galima juos pamaitinti ir pa\u017einti i\u0161 arti. Skirtingais met\u0173 laikais [&hellip;]<\/p>","protected":false},"author":9,"featured_media":0,"parent":0,"menu_order":0,"comment_status":"closed","ping_status":"closed","template":"elementor_header_footer","meta":{"footnotes":""},"class_list":["post-493","page","type-page","status-publish","hentry"],"yoast_head":"<!-- This site is optimized with the Yoast SEO Premium plugin v21.2 (Yoast SEO v26.5) - https:\/\/yoast.com\/wordpress\/plugins\/seo\/ -->\n<title>Apie Perlini\u0173 Danieli\u0173 Park\u0105 | Unikalus Gamtos Kampelis \u0160alia Kauno<\/title>\n<meta name=\"description\" content=\"Aplankykite Perlini\u0173 Danieli\u0173 Park\u0105 netoli Kauno ir susipa\u017einkite su danieliais. Puikus pasirinkimas \u0161eimoms, norin\u010dioms praleisti laik\u0105 gamtoje ir pamatyti laukinius gyv\u016bnus.\" \/>\n<meta name=\"robots\" content=\"index, follow, max-snippet:-1, max-image-preview:large, max-video-preview:-1\" \/>\n<link rel=\"canonical\" href=\"https:\/\/perliniaidanieliai.lt\/ru\/apie-parka\/\" \/>\n<meta property=\"og:locale\" content=\"ru_RU\" \/>\n<meta property=\"og:type\" content=\"article\" \/>\n<meta property=\"og:title\" content=\"Apie park\u0105\" \/>\n<meta property=\"og:description\" content=\"Aplankykite Perlini\u0173 Danieli\u0173 Park\u0105 netoli Kauno ir susipa\u017einkite su danieliais. Puikus pasirinkimas \u0161eimoms, norin\u010dioms praleisti laik\u0105 gamtoje ir pamatyti laukinius gyv\u016bnus.\" \/>\n<meta property=\"og:url\" content=\"https:\/\/perliniaidanieliai.lt\/ru\/apie-parka\/\" \/>\n<meta property=\"og:site_name\" content=\"PERLINI\u0172 DANIELI\u0172 PARKAS\" \/>\n<meta property=\"article:publisher\" content=\"https:\/\/www.facebook.com\/perliniai.danieliai\/\" \/>\n<meta property=\"article:modified_time\" content=\"2025-02-26T20:25:26+00:00\" \/>\n<meta property=\"og:image\" content=\"http:\/\/perliniaidanieliai.lt\/wp-content\/uploads\/2023\/04\/foto-1-575x1024.webp\" \/>\n<meta name=\"twitter:card\" content=\"summary_large_image\" \/>\n<script type=\"application\/ld+json\" class=\"yoast-schema-graph\">{\"@context\":\"https:\/\/schema.org\",\"@graph\":[{\"@type\":\"WebPage\",\"@id\":\"https:\/\/perliniaidanieliai.lt\/apie-parka\/\",\"url\":\"https:\/\/perliniaidanieliai.lt\/apie-parka\/\",\"name\":\"Apie Perlini\u0173 Danieli\u0173 Park\u0105 | Unikalus Gamtos Kampelis \u0160alia Kauno\",\"isPartOf\":{\"@id\":\"https:\/\/perliniaidanieliai.lt\/#website\"},\"primaryImageOfPage\":{\"@id\":\"https:\/\/perliniaidanieliai.lt\/apie-parka\/#primaryimage\"},\"image\":{\"@id\":\"https:\/\/perliniaidanieliai.lt\/apie-parka\/#primaryimage\"},\"thumbnailUrl\":\"http:\/\/perliniaidanieliai.lt\/wp-content\/uploads\/2023\/04\/foto-1-575x1024.webp\",\"datePublished\":\"2021-09-16T07:32:33+00:00\",\"dateModified\":\"2025-02-26T20:25:26+00:00\",\"description\":\"Aplankykite Perlini\u0173 Danieli\u0173 Park\u0105 netoli Kauno ir susipa\u017einkite su danieliais. Puikus pasirinkimas \u0161eimoms, norin\u010dioms praleisti laik\u0105 gamtoje ir pamatyti laukinius gyv\u016bnus.\",\"breadcrumb\":{\"@id\":\"https:\/\/perliniaidanieliai.lt\/apie-parka\/#breadcrumb\"},\"inLanguage\":\"ru-RU\",\"potentialAction\":[{\"@type\":\"ReadAction\",\"target\":[\"https:\/\/perliniaidanieliai.lt\/apie-parka\/\"]}]},{\"@type\":\"ImageObject\",\"inLanguage\":\"ru-RU\",\"@id\":\"https:\/\/perliniaidanieliai.lt\/apie-parka\/#primaryimage\",\"url\":\"http:\/\/perliniaidanieliai.lt\/wp-content\/uploads\/2023\/04\/foto-1-575x1024.webp\",\"contentUrl\":\"http:\/\/perliniaidanieliai.lt\/wp-content\/uploads\/2023\/04\/foto-1-575x1024.webp\"},{\"@type\":\"BreadcrumbList\",\"@id\":\"https:\/\/perliniaidanieliai.lt\/apie-parka\/#breadcrumb\",\"itemListElement\":[{\"@type\":\"ListItem\",\"position\":1,\"name\":\"Pagrindinis\",\"item\":\"https:\/\/perliniaidanieliai.lt\/\"},{\"@type\":\"ListItem\",\"position\":2,\"name\":\"Apie park\u0105\"}]},{\"@type\":\"WebSite\",\"@id\":\"https:\/\/perliniaidanieliai.lt\/#website\",\"url\":\"https:\/\/perliniaidanieliai.lt\/\",\"name\":\"PERLINI\u0172 DANIELI\u0172 PARKAS\",\"description\":\"PERLINI\u0172 DANIELI\u0172 PARKAS\",\"publisher\":{\"@id\":\"https:\/\/perliniaidanieliai.lt\/#organization\"},\"potentialAction\":[{\"@type\":\"SearchAction\",\"target\":{\"@type\":\"EntryPoint\",\"urlTemplate\":\"https:\/\/perliniaidanieliai.lt\/?s={search_term_string}\"},\"query-input\":{\"@type\":\"PropertyValueSpecification\",\"valueRequired\":true,\"valueName\":\"search_term_string\"}}],\"inLanguage\":\"ru-RU\"},{\"@type\":\"Organization\",\"@id\":\"https:\/\/perliniaidanieliai.lt\/#organization\",\"name\":\"PERLINI\u0172 DANIELI\u0172 PARKAS\",\"url\":\"https:\/\/perliniaidanieliai.lt\/\",\"logo\":{\"@type\":\"ImageObject\",\"inLanguage\":\"ru-RU\",\"@id\":\"https:\/\/perliniaidanieliai.lt\/#\/schema\/logo\/image\/\",\"url\":\"http:\/\/perliniaidanieliai.lt\/wp-content\/uploads\/2021\/09\/319620154_1421737541690511_2993680868490120499_n.webp\",\"contentUrl\":\"http:\/\/perliniaidanieliai.lt\/wp-content\/uploads\/2021\/09\/319620154_1421737541690511_2993680868490120499_n.webp\",\"width\":2048,\"height\":1939,\"caption\":\"PERLINI\u0172 DANIELI\u0172 PARKAS\"},\"image\":{\"@id\":\"https:\/\/perliniaidanieliai.lt\/#\/schema\/logo\/image\/\"},\"sameAs\":[\"https:\/\/www.facebook.com\/perliniai.danieliai\/\",\"https:\/\/www.instagram.com\/danieliaiperliniai\/\"]}]}<\/script>\n<!-- \/ Yoast SEO Premium plugin. -->","yoast_head_json":{"title":"\u041e \u043f\u0430\u0440\u043a\u0435 \"\u041f\u0435\u0440\u043b \u0414\u044d\u043d\u0438\u0435\u043b\u0441\"| \u0423\u043d\u0438\u043a\u0430\u043b\u044c\u043d\u044b\u0439 \u0443\u0433\u043e\u043b\u043e\u043a \u043f\u0440\u0438\u0440\u043e\u0434\u044b \u043d\u0435\u0434\u0430\u043b\u0435\u043a\u043e \u043e\u0442 \u041a\u0430\u0443\u043d\u0430\u0441\u0430","description":"\u041f\u043e\u0441\u0435\u0442\u0438\u0442\u0435 \u043f\u0430\u0440\u043a \"\u0416\u0435\u043c\u0447\u0443\u0436\u043d\u044b\u0439 \u0433\u0435\u043e\u0440\u0433\u0438\u043d\" \u043d\u0435\u0434\u0430\u043b\u0435\u043a\u043e \u043e\u0442 \u041a\u0430\u0443\u043d\u0430\u0441\u0430 \u0438 \u043f\u043e\u0437\u043d\u0430\u043a\u043e\u043c\u044c\u0442\u0435\u0441\u044c \u0441 \u043b\u0430\u043d\u044f\u043c\u0438. \u041e\u0442\u043b\u0438\u0447\u043d\u044b\u0439 \u0432\u044b\u0431\u043e\u0440 \u0434\u043b\u044f \u0441\u0435\u043c\u0435\u0439, \u043a\u043e\u0442\u043e\u0440\u044b\u0435 \u0445\u043e\u0442\u044f\u0442 \u043f\u0440\u043e\u0432\u0435\u0441\u0442\u0438 \u0432\u0440\u0435\u043c\u044f \u043d\u0430 \u043f\u0440\u0438\u0440\u043e\u0434\u0435 \u0438 \u0443\u0432\u0438\u0434\u0435\u0442\u044c \u0434\u0438\u043a\u0438\u0445 \u0436\u0438\u0432\u043e\u0442\u043d\u044b\u0445.","robots":{"index":"index","follow":"follow","max-snippet":"max-snippet:-1","max-image-preview":"max-image-preview:large","max-video-preview":"max-video-preview:-1"},"canonical":"https:\/\/perliniaidanieliai.lt\/ru\/apie-parka\/","og_locale":"ru_RU","og_type":"article","og_title":"Apie park\u0105","og_description":"Aplankykite Perlini\u0173 Danieli\u0173 Park\u0105 netoli Kauno ir susipa\u017einkite su danieliais. Puikus pasirinkimas \u0161eimoms, norin\u010dioms praleisti laik\u0105 gamtoje ir pamatyti laukinius gyv\u016bnus.","og_url":"https:\/\/perliniaidanieliai.lt\/ru\/apie-parka\/","og_site_name":"PERLINI\u0172 DANIELI\u0172 PARKAS","article_publisher":"https:\/\/www.facebook.com\/perliniai.danieliai\/","article_modified_time":"2025-02-26T20:25:26+00:00","og_image":[{"url":"http:\/\/perliniaidanieliai.lt\/wp-content\/uploads\/2023\/04\/foto-1-575x1024.webp","type":"","width":"","height":""}],"twitter_card":"summary_large_image","schema":{"@context":"https:\/\/schema.org","@graph":[{"@type":"WebPage","@id":"https:\/\/perliniaidanieliai.lt\/apie-parka\/","url":"https:\/\/perliniaidanieliai.lt\/apie-parka\/","name":"\u041e \u043f\u0430\u0440\u043a\u0435 \"\u041f\u0435\u0440\u043b \u0414\u044d\u043d\u0438\u0435\u043b\u0441\"| \u0423\u043d\u0438\u043a\u0430\u043b\u044c\u043d\u044b\u0439 \u0443\u0433\u043e\u043b\u043e\u043a \u043f\u0440\u0438\u0440\u043e\u0434\u044b \u043d\u0435\u0434\u0430\u043b\u0435\u043a\u043e \u043e\u0442 \u041a\u0430\u0443\u043d\u0430\u0441\u0430","isPartOf":{"@id":"https:\/\/perliniaidanieliai.lt\/#website"},"primaryImageOfPage":{"@id":"https:\/\/perliniaidanieliai.lt\/apie-parka\/#primaryimage"},"image":{"@id":"https:\/\/perliniaidanieliai.lt\/apie-parka\/#primaryimage"},"thumbnailUrl":"http:\/\/perliniaidanieliai.lt\/wp-content\/uploads\/2023\/04\/foto-1-575x1024.webp","datePublished":"2021-09-16T07:32:33+00:00","dateModified":"2025-02-26T20:25:26+00:00","description":"\u041f\u043e\u0441\u0435\u0442\u0438\u0442\u0435 \u043f\u0430\u0440\u043a \"\u0416\u0435\u043c\u0447\u0443\u0436\u043d\u044b\u0439 \u0433\u0435\u043e\u0440\u0433\u0438\u043d\" \u043d\u0435\u0434\u0430\u043b\u0435\u043a\u043e \u043e\u0442 \u041a\u0430\u0443\u043d\u0430\u0441\u0430 \u0438 \u043f\u043e\u0437\u043d\u0430\u043a\u043e\u043c\u044c\u0442\u0435\u0441\u044c \u0441 \u043b\u0430\u043d\u044f\u043c\u0438. \u041e\u0442\u043b\u0438\u0447\u043d\u044b\u0439 \u0432\u044b\u0431\u043e\u0440 \u0434\u043b\u044f \u0441\u0435\u043c\u0435\u0439, \u043a\u043e\u0442\u043e\u0440\u044b\u0435 \u0445\u043e\u0442\u044f\u0442 \u043f\u0440\u043e\u0432\u0435\u0441\u0442\u0438 \u0432\u0440\u0435\u043c\u044f \u043d\u0430 \u043f\u0440\u0438\u0440\u043e\u0434\u0435 \u0438 \u0443\u0432\u0438\u0434\u0435\u0442\u044c \u0434\u0438\u043a\u0438\u0445 \u0436\u0438\u0432\u043e\u0442\u043d\u044b\u0445.","breadcrumb":{"@id":"https:\/\/perliniaidanieliai.lt\/apie-parka\/#breadcrumb"},"inLanguage":"ru-RU","potentialAction":[{"@type":"ReadAction","target":["https:\/\/perliniaidanieliai.lt\/apie-parka\/"]}]},{"@type":"ImageObject","inLanguage":"ru-RU","@id":"https:\/\/perliniaidanieliai.lt\/apie-parka\/#primaryimage","url":"http:\/\/perliniaidanieliai.lt\/wp-content\/uploads\/2023\/04\/foto-1-575x1024.webp","contentUrl":"http:\/\/perliniaidanieliai.lt\/wp-content\/uploads\/2023\/04\/foto-1-575x1024.webp"},{"@type":"BreadcrumbList","@id":"https:\/\/perliniaidanieliai.lt\/apie-parka\/#breadcrumb","itemListElement":[{"@type":"ListItem","position":1,"name":"Pagrindinis","item":"https:\/\/perliniaidanieliai.lt\/"},{"@type":"ListItem","position":2,"name":"Apie park\u0105"}]},{"@type":"WebSite","@id":"https:\/\/perliniaidanieliai.lt\/#website","url":"https:\/\/perliniaidanieliai.lt\/","name":"\u041f\u0410\u0420\u041a \u0422\u0410\u041a\u0421\u042b \"\u0416\u0415\u041c\u0427\u0423\u0416\u0418\u041d\u0410","description":"\u041f\u0410\u0420\u041a \u0422\u0410\u041a\u0421\u042b \"\u0416\u0415\u041c\u0427\u0423\u0416\u0418\u041d\u0410","publisher":{"@id":"https:\/\/perliniaidanieliai.lt\/#organization"},"potentialAction":[{"@type":"SearchAction","target":{"@type":"EntryPoint","urlTemplate":"https:\/\/perliniaidanieliai.lt\/?s={search_term_string}"},"query-input":{"@type":"PropertyValueSpecification","valueRequired":true,"valueName":"search_term_string"}}],"inLanguage":"ru-RU"},{"@type":"Organization","@id":"https:\/\/perliniaidanieliai.lt\/#organization","name":"\u041f\u0410\u0420\u041a \u0422\u0410\u041a\u0421\u042b \"\u0416\u0415\u041c\u0427\u0423\u0416\u0418\u041d\u0410","url":"https:\/\/perliniaidanieliai.lt\/","logo":{"@type":"ImageObject","inLanguage":"ru-RU","@id":"https:\/\/perliniaidanieliai.lt\/#\/schema\/logo\/image\/","url":"http:\/\/perliniaidanieliai.lt\/wp-content\/uploads\/2021\/09\/319620154_1421737541690511_2993680868490120499_n.webp","contentUrl":"http:\/\/perliniaidanieliai.lt\/wp-content\/uploads\/2021\/09\/319620154_1421737541690511_2993680868490120499_n.webp","width":2048,"height":1939,"caption":"PERLINI\u0172 DANIELI\u0172 PARKAS"},"image":{"@id":"https:\/\/perliniaidanieliai.lt\/#\/schema\/logo\/image\/"},"sameAs":["https:\/\/www.facebook.com\/perliniai.danieliai\/","https:\/\/www.instagram.com\/danieliaiperliniai\/"]}]}},"_links":{"self":[{"href":"https:\/\/perliniaidanieliai.lt\/ru\/wp-json\/wp\/v2\/pages\/493","targetHints":{"allow":["GET"]}}],"collection":[{"href":"https:\/\/perliniaidanieliai.lt\/ru\/wp-json\/wp\/v2\/pages"}],"about":[{"href":"https:\/\/perliniaidanieliai.lt\/ru\/wp-json\/wp\/v2\/types\/page"}],"author":[{"embeddable":true,"href":"https:\/\/perliniaidanieliai.lt\/ru\/wp-json\/wp\/v2\/users\/9"}],"replies":[{"embeddable":true,"href":"https:\/\/perliniaidanieliai.lt\/ru\/wp-json\/wp\/v2\/comments?post=493"}],"version-history":[{"count":6,"href":"https:\/\/perliniaidanieliai.lt\/ru\/wp-json\/wp\/v2\/pages\/493\/revisions"}],"predecessor-version":[{"id":34798,"href":"https:\/\/perliniaidanieliai.lt\/ru\/wp-json\/wp\/v2\/pages\/493\/revisions\/34798"}],"wp:attachment":[{"href":"https:\/\/perliniaidanieliai.lt\/ru\/wp-json\/wp\/v2\/media?parent=493"}],"curies":[{"name":"wp","href":"https:\/\/api.w.org\/{rel}","templated":true}]}}