
{"id":26397,"date":"2024-10-25T23:45:38","date_gmt":"2024-10-25T20:45:38","guid":{"rendered":"https:\/\/perliniaidanieliai.lt\/?page_id=26397"},"modified":"2025-01-11T14:48:18","modified_gmt":"2025-01-11T12:48:18","slug":"pirkimo-taisykles-ir-salygos","status":"publish","type":"page","link":"https:\/\/perliniaidanieliai.lt\/ru\/pirkimo-taisykles-ir-salygos\/","title":{"rendered":"Pirkimo taisykl\u0117s ir s\u0105lygos"},"content":{"rendered":"<div data-elementor-type=\"wp-page\" data-elementor-id=\"26397\" class=\"elementor elementor-26397\" data-elementor-post-type=\"page\">\n\t\t\t\t<div class=\"elementor-element elementor-element-af2cfd6 e-flex e-con-boxed e-con e-parent\" data-id=\"af2cfd6\" data-element_type=\"container\">\n\t\t\t\t\t<div class=\"e-con-inner\">\n\t\t<div class=\"elementor-element elementor-element-c0f5087 e-con-full e-flex e-con e-child\" data-id=\"c0f5087\" data-element_type=\"container\">\n\t\t\t\t<div class=\"elementor-element elementor-element-0eed04c elementor-widget elementor-widget-moore_elementor_heading\" data-id=\"0eed04c\" data-element_type=\"widget\" data-widget_type=\"moore_elementor_heading.default\">\n\t\t\t\t<div class=\"elementor-widget-container\">\n\t\t\t         <div class=\"ova-heading\">\n\n\t\t\t<h2 class=\"title\">Preki\u0173 pirkimo taisykl\u0117s ir s\u0105lygos<\/h2>\n\t\t \t\n\t    <\/div>\n\t\t \t\n\t\t\t\t<\/div>\n\t\t\t\t<\/div>\n\t\t\t\t<\/div>\n\t\t\t\t\t<\/div>\n\t\t\t\t<\/div>\n\t\t<div class=\"elementor-element elementor-element-debdd41 e-flex e-con-boxed e-con e-parent\" data-id=\"debdd41\" data-element_type=\"container\">\n\t\t\t\t\t<div class=\"e-con-inner\">\n\t\t\t\t<div class=\"elementor-element elementor-element-c13ee58 elementor-widget elementor-widget-text-editor\" data-id=\"c13ee58\" data-element_type=\"widget\" data-widget_type=\"text-editor.default\">\n\t\t\t\t<div class=\"elementor-widget-container\">\n\t\t\t<style>\/*! elementor - v3.22.0 - 26-06-2024 *\/\n.elementor-widget-text-editor.elementor-drop-cap-view-stacked .elementor-drop-cap{background-color:#69727d;color:#fff}.elementor-widget-text-editor.elementor-drop-cap-view-framed .elementor-drop-cap{color:#69727d;border:3px solid;background-color:transparent}.elementor-widget-text-editor:not(.elementor-drop-cap-view-default) .elementor-drop-cap{margin-top:8px}.elementor-widget-text-editor:not(.elementor-drop-cap-view-default) .elementor-drop-cap-letter{width:1em;height:1em}.elementor-widget-text-editor .elementor-drop-cap{float:left;text-align:center;line-height:1;font-size:50px}.elementor-widget-text-editor .elementor-drop-cap-letter{display:inline-block}<\/style>\t\t\t\t<p>S\u0105vokos<\/p>\n<p>1. Duomen\u0173 valdytojas ir svetain\u0117s www.perliniaidanieliai.lt operatorius (toliau \u2013 Duomen\u0173 valdytojas) yra MB \u201cDanieli\u0173 parkas\u201d, \u012fmon\u0117s kodas 307029541, buvein\u0117s adresas Pu\u0161yno g. 19, Aleksandruvkos k., LT-56366 Kai\u0161iadori\u0173 r., elektroninio pa\u0161to adresas \u2013 danieliuparkas@gmail.com.<\/p>\n<p>2. Pirk\u0117jas \u2013 veiksnus fizinis arba juridinis asmuo, \u012fsigij\u0119s Preki\u0173 interneto svetain\u0117je:<\/p>\n<p>https:\/\/perliniaidanieliai.lt\/.<\/p>\n<p>3. \u0160alys \u2013 Pirk\u0117jas ir Pardav\u0117jas kartu.<\/p>\n<p>4. Perliniaidanieliai.lt \u2013 internetin\u0117 svetain\u0117, internetiniu adresu https:\/\/perliniaidanieliai.lt\/.<\/p>\n<p>5. Asmens duomenys \u2013 bet kuri informacija, susijusi su fiziniu asmeniu \u2013 duomen\u0173 subjektu, kurio tapatyb\u0117 yra \u017einoma arba gali b\u016bti tiesiogiai ar netiesiogiai nustatyta pasinaudojant tokiais duomenimis kaip asmens kodas, vienas arba keli asmeniui b\u016bdingi fizinio, fiziologinio, psichologinio, ekonominio, kult\u016brinio ar socialinio pob\u016bd\u017eio po\u017eymiai.<\/p>\n<p>6. Gr\u0105\u017einimo forma \u2013 nustatyto pavyzd\u017eio forma, kuri\u0105 u\u017epild\u017eius galima pasinaudoti Preki\u0173 atsisakymo teise.<\/p>\n<p>7. Prek\u0117 \u2013 visa tai, kuo prekiaujama elektronin\u0117je svetain\u0117je https:\/\/perliniaidanieliai.lt\/.: parko bilietai, rezervacijos, dovan\u0173 kuponai. Atskirai Taisykl\u0117se vartojamos s\u0105vokos \u201eprek\u0117\u201c, \u201eprek\u0117s\u201c rei\u0161kia tiek vienaskait\u0105, tiek daugiskait\u0105.<\/p>\n<p>8. Preki\u0173 pirkimo pardavimo taisykl\u0117s (toliau \u2013 Taisykl\u0117s) reglamentuoja Pirk\u0117jo ir Pardav\u0117jo teises, \u012fsipareigojimus, Preki\u0173 kainas, apmok\u0117jimo tvark\u0105, terminus, pristatym\u0105, Preki\u0173 kokyb\u0117s garantij\u0105, Preki\u0173 gr\u0105\u017einim\u0105 ir keitim\u0105, atsakomybes.<\/p>\n<p><strong>Bendrosios nuostatos<\/strong><\/p>\n<p>9. \u0160ios Preki\u0173 pirkimo \u2013 pardavimo Taisykl\u0117s, jas patvirtinus Pirk\u0117jui (susipa\u017einus su Taisykl\u0117mis bei pa\u017eym\u0117jus varnel\u0119 prie teiginio \u201eA\u0161 perskai\u010diau ir sutinku su puslapio s\u0105lygomis ir taisykl\u0117mis\u201c), yra \u0161alims privalomas teisinis dokumentas, kuriame nustatomos Pirk\u0117jo ir Pardav\u0117jo teis\u0117s bei pareigos, Preki\u0173 \u012fsigijimo bei apmok\u0117jimo u\u017e jas s\u0105lygos, Preki\u0173 pristatymo ir gr\u0105\u017einimo tvarka, \u0161ali\u0173 atsakomyb\u0117 bei kitos su Preki\u0173 pirkimu \u2013 pardavimu internetin\u0117je svetain\u0117je susijusios nuostatos.<\/p>\n<p>10. Pardav\u0117jas pasilieka teis\u0119 bet kuriuo metu pakeisti, taisyti ar papildyti Taisykles, atsi\u017evelgdamas \u012f teis\u0117s akt\u0173 nustatytus reikalavimus.<\/p>\n<p>11. Pirk\u0117jas, patvirtindamas Taisykles, patvirtina, kad jis turi teis\u0119 pirkti prekes perliniaidanieliai.lt internetin\u0117je svetain\u0117je.<\/p>\n<p>12. Taip pat informuojame, kad \u0161ios Taisykl\u0117s gali b\u016bti kei\u010diamos pasikeitus teisiniam reglamentavimui. Kiekvien\u0105 kart\u0105 u\u017esakant Prekes, rekomenduojame per\u017ei\u016br\u0117ti Taisykles tam, kad Pirk\u0117jas b\u016bt\u0173 \u012fsitikin\u0119s, jog pilnai supranta kokiomis s\u0105lygomis, konkre\u010diu atveju, bus daromas u\u017esakymas.<\/p>\n<p>13. Pirk\u0117jas privalo susipa\u017einti su Pardav\u0117jo patvirtinta Privatumo politika. Sutikim\u0105 arba nesutikim\u0105 su konkre\u010diais Pirk\u0117jo Asmens duomen\u0173 naudojimo b\u016bdais Pirk\u0117jas i\u0161rei\u0161kia Privatumo politikoje numatyta tvarka.<\/p>\n<p>14. Jei Pardav\u0117jui numatyta teis\u0117 ar pareiga pateikti dokumentus ar informacij\u0105 Pirk\u0117jui elektroniniu pa\u0161tu, visais atvejais u\u017e veikian\u010dio ir Pirk\u0117jui priklausan\u010dio elektroninio pa\u0161to adreso pateikim\u0105 Pardav\u0117jui atsako pats Pirk\u0117jas.<\/p>\n<p><strong>Prek\u0117s<\/strong><\/p>\n<p>15. Internetin\u0117je svetain\u0117je pateikiami Preki\u0173 atvaizdai yra iliustracinio pob\u016bd\u017eio. Pirk\u0117jas supranta, kad Prek\u0117s gali ne\u017eymiai skirtis nuo j\u0173 atvaizd\u0173.<\/p>\n<p>16. Preki\u0173 paruo\u0161imas\/\u012fpakavimas gali skirtis nuo to, kuris pateikiamas atvaizduose, esan\u010diuose internetin\u0117je svetain\u0117je.<\/p>\n<p>17. Visos Prek\u0117s, pateikiamos internetin\u0117je parduotuv\u0117je, yra prieinamos Pirk\u0117jui. Tuo atveju, jeigu u\u017esakytos Prek\u0117s nebelieka, Pirk\u0117jas yra nedelsiant apie tai informuojamas elektroniniu pa\u0161tu ar kitomis priemon\u0117mis (skambu\u010diu ir\/arba SMS \u017einute) ir tokios Prek\u0117s u\u017esakymo vykdymas yra nutraukiamas.<\/p>\n<p>18. Sutartis tarp Pirk\u0117jo ir Pardav\u0117jo laikoma sudaryta nuo to momento, kai Pirk\u0117jas, i\u0161sirink\u0119s perkam\u0105 (-as) Prek\u0119 (-es) ir suformav\u0119s Preki\u0173 krep\u0161el\u012f, paspaud\u017eia nuorod\u0105 \u201cPirkti\u201d.<\/p>\n<p><strong>Paslaug\u0173 valdymas<\/strong><\/p>\n<p>19. Vis\u0105 informacij\u0105 apie \u012fsigytas paslaugas pirk\u0117jas gauna elektroniniu pa\u0161tu ir SMS \u017einute.<\/p>\n<p>20. Jeigu paslaugas at\u0161aukia Pardav\u0117jas &#8211; prie\u0161 at\u0161aukdamas susisiekia su rezervacij\u0105 atlikusiu asmeniu paliktais kontaktais (telefonu, elektroniniu pa\u0161tu) ir suderina kit\u0105 rezervacijos laik\u0105 arba perveda pinigus \u012f banko s\u0105skait\u0105, i\u0161 kurios buvo gautas mok\u0117jimas.<\/p>\n<p>21. Pirk\u0117jas, norintis at\u0161aukti arba perkelti rezervacij\u0105 gali susisiekti su Pardav\u0117ju elektroniniu pa\u0161tu <b>danieliuparkas@gmail.com<\/b> arba telefonu <b>+37066044455<\/b> ir suderinti norim\u0105 atlikti veiksm\u0105 (paslaugos keitim\u0105 arba at\u0161aukim\u0105).<\/p>\n<p><strong>Pirk\u0117jo teis\u0117s<\/strong><\/p>\n<p>22. Pirk\u0117jas turi teis\u0119 susipa\u017einti su savo Asmens duomenimis ir teis\u0119 reikalauti i\u0161taisyti neteisingus, nei\u0161samius, netikslius savo Asmens duomenis, para\u0161ydamas el. lai\u0161k\u0105 bilietai@perliniaidanieliai.lt.<\/p>\n<p>23. Pirk\u0117jas teise atsisakyti Preki\u0173 pirkimo \u2013 pardavimo sutarties gali pasinaudoti tik tuo atveju, jeigu Prek\u0117 nebuvo sugadinta, nesibaig\u0117 jos galiojimo terminas, taip pat ji nebuvo naudojama ir liko originalioje pakuot\u0117je.<\/p>\n<p>24. Pirk\u0117jas privalo sumok\u0117ti u\u017e Prekes ir priimti jas \u0161i\u0173 Taisykli\u0173 nustatyta tvarka.<\/p>\n<p>25. Jeigu pasikei\u010dia Pirk\u0117jo u\u017esakymo formoje pateikti duomenys, jis privalo nedelsdamas apie juos informuoti Pardav\u0117j\u0105.<\/p>\n<p>26. Pirk\u0117jas, naudodamasis perliniaidanieliai.lt internetine svetaine, \u012fsipareigoja laikytis \u0161i\u0173 Taisykli\u0173, kit\u0173 s\u0105lyg\u0173, ai\u0161kiai nurodyt\u0173 internetin\u0117je parduotuv\u0117je bei nepa\u017eeisti Lietuvos Respublikos teis\u0117s akt\u0173.<\/p>\n<p><strong> Pardav\u0117jo teis\u0117s<\/strong><\/p>\n<p>27. Susidarius svarbioms aplinkyb\u0117ms, Pardav\u0117jas gali laikinai arba i\u0161 viso nutraukti internetin\u0117s svetain\u0117s veikl\u0105, apie tai i\u0161 anksto neprane\u0161\u0119 Pirk\u0117jui. Tokiu atveju, visi priimti ir patvirtinti Pirk\u0117j\u0173 u\u017esakymai u\u017ebaigiami vykdyti, o nauji u\u017esakymai nepriimami.<\/p>\n<p>28. Pardav\u0117jas gali vykdyti \u012fvairaus pob\u016bd\u017eio rinkodaros akcijas ir i\u0161ankstiniu Pirk\u0117j\u0173 sutikimu juos apie \u0161ias akcijas informuoti informacij\u0105 siun\u010diant Pirk\u0117j\u0173 nurodytais kontaktais. Pardav\u0117jas taip pat turi teis\u0119 bet kada viena\u0161ali\u0161kai, be atskiro \u012fsp\u0117jimo keisti aptariam\u0173 rinkodaros akcij\u0173 s\u0105lygas ir nutraukti jau prad\u0117tas vykdyti akcijas.<\/p>\n<p>29. Pardav\u0117jas \u012fsipareigoja prekes Pirk\u0117jui pristatyti ne v\u0117liau kaip per 30 dien\u0173 nuo sutarties sudarymo dienos. Pardav\u0117jas d\u0117l svarbi\u0173 prie\u017eas\u010di\u0173 negal\u0117damas laiku ir tinkamai \u012fvykdyti u\u017esakymo per 30 dien\u0173, \u012fsipareigoja nedelsiant informuoti Pirk\u0117j\u0105 apie preki\u0173 pristatymo v\u0117lavim\u0105.<\/p>\n<p>30. Pardav\u0117jas \u012fsipareigoja gerbti Pirk\u0117jo privatumo teis\u0119 \u012f jam priklausan\u010di\u0105 asmenin\u0119 informacij\u0105, t. y. Pirk\u0117jo nurodytus Asmens duomenis tvarkyti Lietuvos Respublikos teis\u0117s akt\u0173 nustatyta tvarka.<\/p>\n<p>31. Pardav\u0117jas \u012fsipareigoja pristatyti Pirk\u0117jo u\u017esakytas Prekes jo nurodytu adresu, nurodytomis s\u0105lygomis.<\/p>\n<p>32. Pardav\u0117jas, d\u0117l svarbi\u0173 aplinkybi\u0173 negal\u0117damas pristatyti Pirk\u0117jui u\u017esakytos Prek\u0117s, \u012fsipareigoja pasi\u016blyti analogi\u0161k\u0105 ar kiek \u012fmanoma savo savyb\u0117mis pana\u0161esn\u0119 Prek\u0119. Pirk\u0117jui atsisakius priimti analogi\u0161k\u0105 ar savo savyb\u0117mis pana\u0161iausi\u0105 Prek\u0119, Pardav\u0117jas \u012fsipareigoja gr\u0105\u017einti Pirk\u0117jui sumok\u0117tus pinigus per 7-10 (septynias \u2013 de\u0161imt) darbo dien\u0173, jeigu buvo atliktas i\u0161ankstinis apmok\u0117jimas, o jei mok\u0117jimas nebuvo atliktas \u2013 anuliuoti u\u017esakym\u0105.<\/p>\n<p><strong>Preki\u0173 kainos, apmok\u0117jimo tvarka ir terminai<\/strong><\/p>\n<p>33. Preki\u0173 kainos internetin\u0117je svetain\u0117je ir suformuotame u\u017esakyme nurodomos eurais su PVM.<\/p>\n<p>34. Pirk\u0117jas atsiskaito u\u017e Prekes vienu i\u0161 \u0161i\u0173 b\u016bd\u0173:<\/p>\n<p>Naudojantis elektronine bankininkyste;<\/p>\n<p>Atliekant bankin\u012f pavedim\u0105;<\/p>\n<p>\u201ePerliniai danieliai\u201c dovan\u0173 kuponu.<\/p>\n<p>35. Pirk\u0117jas, atsiskaitydamas bankiniu pavedimu, \u012fsipareigoja u\u017e Prekes atsiskaityti nedelsdamas. Tik jam sumok\u0117jus bus formuojamas u\u017esakymas.<\/p>\t\t\t\t\t\t<\/div>\n\t\t\t\t<\/div>\n\t\t\t\t\t<\/div>\n\t\t\t\t<\/div>\n\t\t\t\t<\/div>","protected":false},"excerpt":{"rendered":"<p>Preki\u0173 pirkimo taisykl\u0117s ir s\u0105lygos S\u0105vokos 1. Duomen\u0173 valdytojas ir svetain\u0117s www.perliniaidanieliai.lt operatorius (toliau \u2013 Duomen\u0173 valdytojas) yra MB \u201cDanieli\u0173 parkas\u201d, \u012fmon\u0117s kodas 307029541, buvein\u0117s adresas Pu\u0161yno g. 19, Aleksandruvkos k., LT-56366 Kai\u0161iadori\u0173 r., elektroninio pa\u0161to adresas \u2013 danieliuparkas@gmail.com. 2. Pirk\u0117jas \u2013 veiksnus fizinis arba juridinis asmuo, \u012fsigij\u0119s Preki\u0173 interneto svetain\u0117je: https:\/\/perliniaidanieliai.lt\/. 3. \u0160alys \u2013 [&hellip;]<\/p>","protected":false},"author":9,"featured_media":0,"parent":0,"menu_order":0,"comment_status":"closed","ping_status":"closed","template":"elementor_header_footer","meta":{"footnotes":""},"class_list":["post-26397","page","type-page","status-publish","hentry"],"yoast_head":"<!-- This site is optimized with the Yoast SEO Premium plugin v21.2 (Yoast SEO v26.5) - https:\/\/yoast.com\/wordpress\/plugins\/seo\/ -->\n<title>Pirkimo taisykl\u0117s ir s\u0105lygos | PERLINI\u0172 DANIELI\u0172 PARKAS<\/title>\n<meta name=\"robots\" content=\"index, follow, max-snippet:-1, max-image-preview:large, max-video-preview:-1\" \/>\n<link rel=\"canonical\" href=\"https:\/\/perliniaidanieliai.lt\/ru\/pirkimo-taisykles-ir-salygos\/\" \/>\n<meta property=\"og:locale\" content=\"ru_RU\" \/>\n<meta property=\"og:type\" content=\"article\" \/>\n<meta property=\"og:title\" content=\"Pirkimo taisykl\u0117s ir s\u0105lygos\" \/>\n<meta property=\"og:description\" content=\"Preki\u0173 pirkimo taisykl\u0117s ir s\u0105lygos S\u0105vokos 1. Duomen\u0173 valdytojas ir svetain\u0117s www.perliniaidanieliai.lt operatorius (toliau \u2013 Duomen\u0173 valdytojas) yra MB \u201cDanieli\u0173 parkas\u201d, \u012fmon\u0117s kodas 307029541, buvein\u0117s adresas Pu\u0161yno g. 19, Aleksandruvkos k., LT-56366 Kai\u0161iadori\u0173 r., elektroninio pa\u0161to adresas \u2013 danieliuparkas@gmail.com. 2. Pirk\u0117jas \u2013 veiksnus fizinis arba juridinis asmuo, \u012fsigij\u0119s Preki\u0173 interneto svetain\u0117je: https:\/\/perliniaidanieliai.lt\/. 3. \u0160alys \u2013 [&hellip;]\" \/>\n<meta property=\"og:url\" content=\"https:\/\/perliniaidanieliai.lt\/ru\/pirkimo-taisykles-ir-salygos\/\" \/>\n<meta property=\"og:site_name\" content=\"PERLINI\u0172 DANIELI\u0172 PARKAS\" \/>\n<meta property=\"article:publisher\" content=\"https:\/\/www.facebook.com\/perliniai.danieliai\/\" \/>\n<meta property=\"article:modified_time\" content=\"2025-01-11T12:48:18+00:00\" \/>\n<meta property=\"og:image\" content=\"https:\/\/perliniaidanieliai.lt\/wp-content\/uploads\/2023\/11\/perliniai-danieliai.webp\" \/>\n\t<meta property=\"og:image:width\" content=\"1363\" \/>\n\t<meta property=\"og:image:height\" content=\"1363\" \/>\n\t<meta property=\"og:image:type\" content=\"image\/webp\" \/>\n<meta name=\"twitter:card\" content=\"summary_large_image\" \/>\n<script type=\"application\/ld+json\" class=\"yoast-schema-graph\">{\"@context\":\"https:\/\/schema.org\",\"@graph\":[{\"@type\":\"WebPage\",\"@id\":\"https:\/\/perliniaidanieliai.lt\/pirkimo-taisykles-ir-salygos\/\",\"url\":\"https:\/\/perliniaidanieliai.lt\/pirkimo-taisykles-ir-salygos\/\",\"name\":\"Pirkimo taisykl\u0117s ir s\u0105lygos | PERLINI\u0172 DANIELI\u0172 PARKAS\",\"isPartOf\":{\"@id\":\"https:\/\/perliniaidanieliai.lt\/#website\"},\"datePublished\":\"2024-10-25T20:45:38+00:00\",\"dateModified\":\"2025-01-11T12:48:18+00:00\",\"breadcrumb\":{\"@id\":\"https:\/\/perliniaidanieliai.lt\/pirkimo-taisykles-ir-salygos\/#breadcrumb\"},\"inLanguage\":\"ru-RU\",\"potentialAction\":[{\"@type\":\"ReadAction\",\"target\":[\"https:\/\/perliniaidanieliai.lt\/pirkimo-taisykles-ir-salygos\/\"]}]},{\"@type\":\"BreadcrumbList\",\"@id\":\"https:\/\/perliniaidanieliai.lt\/pirkimo-taisykles-ir-salygos\/#breadcrumb\",\"itemListElement\":[{\"@type\":\"ListItem\",\"position\":1,\"name\":\"Pagrindinis\",\"item\":\"https:\/\/perliniaidanieliai.lt\/\"},{\"@type\":\"ListItem\",\"position\":2,\"name\":\"Pirkimo taisykl\u0117s ir s\u0105lygos\"}]},{\"@type\":\"WebSite\",\"@id\":\"https:\/\/perliniaidanieliai.lt\/#website\",\"url\":\"https:\/\/perliniaidanieliai.lt\/\",\"name\":\"PERLINI\u0172 DANIELI\u0172 PARKAS\",\"description\":\"PERLINI\u0172 DANIELI\u0172 PARKAS\",\"publisher\":{\"@id\":\"https:\/\/perliniaidanieliai.lt\/#organization\"},\"potentialAction\":[{\"@type\":\"SearchAction\",\"target\":{\"@type\":\"EntryPoint\",\"urlTemplate\":\"https:\/\/perliniaidanieliai.lt\/?s={search_term_string}\"},\"query-input\":{\"@type\":\"PropertyValueSpecification\",\"valueRequired\":true,\"valueName\":\"search_term_string\"}}],\"inLanguage\":\"ru-RU\"},{\"@type\":\"Organization\",\"@id\":\"https:\/\/perliniaidanieliai.lt\/#organization\",\"name\":\"PERLINI\u0172 DANIELI\u0172 PARKAS\",\"url\":\"https:\/\/perliniaidanieliai.lt\/\",\"logo\":{\"@type\":\"ImageObject\",\"inLanguage\":\"ru-RU\",\"@id\":\"https:\/\/perliniaidanieliai.lt\/#\/schema\/logo\/image\/\",\"url\":\"http:\/\/perliniaidanieliai.lt\/wp-content\/uploads\/2021\/09\/319620154_1421737541690511_2993680868490120499_n.webp\",\"contentUrl\":\"http:\/\/perliniaidanieliai.lt\/wp-content\/uploads\/2021\/09\/319620154_1421737541690511_2993680868490120499_n.webp\",\"width\":2048,\"height\":1939,\"caption\":\"PERLINI\u0172 DANIELI\u0172 PARKAS\"},\"image\":{\"@id\":\"https:\/\/perliniaidanieliai.lt\/#\/schema\/logo\/image\/\"},\"sameAs\":[\"https:\/\/www.facebook.com\/perliniai.danieliai\/\",\"https:\/\/www.instagram.com\/danieliaiperliniai\/\"]}]}<\/script>\n<!-- \/ Yoast SEO Premium plugin. -->","yoast_head_json":{"title":"Pirkimo taisykl\u0117s ir s\u0105lygos | PERLINI\u0172 DANIELI\u0172 PARKAS","robots":{"index":"index","follow":"follow","max-snippet":"max-snippet:-1","max-image-preview":"max-image-preview:large","max-video-preview":"max-video-preview:-1"},"canonical":"https:\/\/perliniaidanieliai.lt\/ru\/pirkimo-taisykles-ir-salygos\/","og_locale":"ru_RU","og_type":"article","og_title":"Pirkimo taisykl\u0117s ir s\u0105lygos","og_description":"Preki\u0173 pirkimo taisykl\u0117s ir s\u0105lygos S\u0105vokos 1. Duomen\u0173 valdytojas ir svetain\u0117s www.perliniaidanieliai.lt operatorius (toliau \u2013 Duomen\u0173 valdytojas) yra MB \u201cDanieli\u0173 parkas\u201d, \u012fmon\u0117s kodas 307029541, buvein\u0117s adresas Pu\u0161yno g. 19, Aleksandruvkos k., LT-56366 Kai\u0161iadori\u0173 r., elektroninio pa\u0161to adresas \u2013 danieliuparkas@gmail.com. 2. Pirk\u0117jas \u2013 veiksnus fizinis arba juridinis asmuo, \u012fsigij\u0119s Preki\u0173 interneto svetain\u0117je: https:\/\/perliniaidanieliai.lt\/. 3. \u0160alys \u2013 [&hellip;]","og_url":"https:\/\/perliniaidanieliai.lt\/ru\/pirkimo-taisykles-ir-salygos\/","og_site_name":"PERLINI\u0172 DANIELI\u0172 PARKAS","article_publisher":"https:\/\/www.facebook.com\/perliniai.danieliai\/","article_modified_time":"2025-01-11T12:48:18+00:00","og_image":[{"width":1363,"height":1363,"url":"https:\/\/perliniaidanieliai.lt\/wp-content\/uploads\/2023\/11\/perliniai-danieliai.webp","type":"image\/webp"}],"twitter_card":"summary_large_image","schema":{"@context":"https:\/\/schema.org","@graph":[{"@type":"WebPage","@id":"https:\/\/perliniaidanieliai.lt\/pirkimo-taisykles-ir-salygos\/","url":"https:\/\/perliniaidanieliai.lt\/pirkimo-taisykles-ir-salygos\/","name":"Pirkimo taisykl\u0117s ir s\u0105lygos | PERLINI\u0172 DANIELI\u0172 PARKAS","isPartOf":{"@id":"https:\/\/perliniaidanieliai.lt\/#website"},"datePublished":"2024-10-25T20:45:38+00:00","dateModified":"2025-01-11T12:48:18+00:00","breadcrumb":{"@id":"https:\/\/perliniaidanieliai.lt\/pirkimo-taisykles-ir-salygos\/#breadcrumb"},"inLanguage":"ru-RU","potentialAction":[{"@type":"ReadAction","target":["https:\/\/perliniaidanieliai.lt\/pirkimo-taisykles-ir-salygos\/"]}]},{"@type":"BreadcrumbList","@id":"https:\/\/perliniaidanieliai.lt\/pirkimo-taisykles-ir-salygos\/#breadcrumb","itemListElement":[{"@type":"ListItem","position":1,"name":"Pagrindinis","item":"https:\/\/perliniaidanieliai.lt\/"},{"@type":"ListItem","position":2,"name":"Pirkimo taisykl\u0117s ir s\u0105lygos"}]},{"@type":"WebSite","@id":"https:\/\/perliniaidanieliai.lt\/#website","url":"https:\/\/perliniaidanieliai.lt\/","name":"\u041f\u0410\u0420\u041a \u0422\u0410\u041a\u0421\u042b \"\u0416\u0415\u041c\u0427\u0423\u0416\u0418\u041d\u0410","description":"\u041f\u0410\u0420\u041a \u0422\u0410\u041a\u0421\u042b \"\u0416\u0415\u041c\u0427\u0423\u0416\u0418\u041d\u0410","publisher":{"@id":"https:\/\/perliniaidanieliai.lt\/#organization"},"potentialAction":[{"@type":"SearchAction","target":{"@type":"EntryPoint","urlTemplate":"https:\/\/perliniaidanieliai.lt\/?s={search_term_string}"},"query-input":{"@type":"PropertyValueSpecification","valueRequired":true,"valueName":"search_term_string"}}],"inLanguage":"ru-RU"},{"@type":"Organization","@id":"https:\/\/perliniaidanieliai.lt\/#organization","name":"\u041f\u0410\u0420\u041a \u0422\u0410\u041a\u0421\u042b \"\u0416\u0415\u041c\u0427\u0423\u0416\u0418\u041d\u0410","url":"https:\/\/perliniaidanieliai.lt\/","logo":{"@type":"ImageObject","inLanguage":"ru-RU","@id":"https:\/\/perliniaidanieliai.lt\/#\/schema\/logo\/image\/","url":"http:\/\/perliniaidanieliai.lt\/wp-content\/uploads\/2021\/09\/319620154_1421737541690511_2993680868490120499_n.webp","contentUrl":"http:\/\/perliniaidanieliai.lt\/wp-content\/uploads\/2021\/09\/319620154_1421737541690511_2993680868490120499_n.webp","width":2048,"height":1939,"caption":"PERLINI\u0172 DANIELI\u0172 PARKAS"},"image":{"@id":"https:\/\/perliniaidanieliai.lt\/#\/schema\/logo\/image\/"},"sameAs":["https:\/\/www.facebook.com\/perliniai.danieliai\/","https:\/\/www.instagram.com\/danieliaiperliniai\/"]}]}},"_links":{"self":[{"href":"https:\/\/perliniaidanieliai.lt\/ru\/wp-json\/wp\/v2\/pages\/26397","targetHints":{"allow":["GET"]}}],"collection":[{"href":"https:\/\/perliniaidanieliai.lt\/ru\/wp-json\/wp\/v2\/pages"}],"about":[{"href":"https:\/\/perliniaidanieliai.lt\/ru\/wp-json\/wp\/v2\/types\/page"}],"author":[{"embeddable":true,"href":"https:\/\/perliniaidanieliai.lt\/ru\/wp-json\/wp\/v2\/users\/9"}],"replies":[{"embeddable":true,"href":"https:\/\/perliniaidanieliai.lt\/ru\/wp-json\/wp\/v2\/comments?post=26397"}],"version-history":[{"count":34,"href":"https:\/\/perliniaidanieliai.lt\/ru\/wp-json\/wp\/v2\/pages\/26397\/revisions"}],"predecessor-version":[{"id":31967,"href":"https:\/\/perliniaidanieliai.lt\/ru\/wp-json\/wp\/v2\/pages\/26397\/revisions\/31967"}],"wp:attachment":[{"href":"https:\/\/perliniaidanieliai.lt\/ru\/wp-json\/wp\/v2\/media?parent=26397"}],"curies":[{"name":"wp","href":"https:\/\/api.w.org\/{rel}","templated":true}]}}