
{"id":18191,"date":"2024-01-14T13:12:38","date_gmt":"2024-01-14T11:12:38","guid":{"rendered":"http:\/\/perliniaidanieliai.lt\/?page_id=18191"},"modified":"2025-02-03T15:19:27","modified_gmt":"2025-02-03T13:19:27","slug":"skirkite-1-2-gmp","status":"publish","type":"page","link":"https:\/\/perliniaidanieliai.lt\/ru\/skirkite-1-2-gmp\/","title":{"rendered":"Skirkite 1.2 GMP"},"content":{"rendered":"<style>\n.elementor-section[link], .elementor-column[link] > .elementor-widget-wrap, .e-con[link], .e-container[link] {\n    cursor: pointer;\n}\n<\/style>\n<h2>\u0434\u043b\u044f 1,2% GMP<\/h2>\n<h2>&#8220;Perlini\u0173 danieli\u0173 parkas&#8221; pl\u0117sis ir suteiks Jums dar daugiau ger\u0173 emocij\u0173 ir patogumo.<\/h2>\n<h2>\u0160io tikslo siekti galite pad\u0117ti skirdami 1,2% GPM param\u0105 V\u0161\u012e &#8220;Perliniai danieliai&#8221;.<br \/>\nU\u017e J\u016bs\u0173 skirt\u0105 param\u0105 mes atsid\u0117kosime pakviesdami J\u016bs\u0173 \u0161eim\u0105 nemokamai apsilankyti parke. <\/h2>\n<p>\u0437\u0430\u043f\u043e\u043b\u043d\u0438\u0442\u0435 \u0444\u043e\u0440\u043c\u0443<\/p>\n<p>\t\t\t\t\t\t\t\t\t\t\t\t\t<img fetchpriority=\"high\" decoding=\"async\" width=\"256\" height=\"256\" src=\"http:\/\/perliniaidanieliai.lt\/wp-content\/uploads\/2024\/01\/Bookmark-Tabs.webp\" alt=\"\" srcset=\"https:\/\/perliniaidanieliai.lt\/wp-content\/uploads\/2024\/01\/Bookmark-Tabs.webp 256w, https:\/\/perliniaidanieliai.lt\/wp-content\/uploads\/2024\/01\/Bookmark-Tabs-100x100.webp 100w, https:\/\/perliniaidanieliai.lt\/wp-content\/uploads\/2024\/01\/Bookmark-Tabs-150x150.webp 150w, https:\/\/perliniaidanieliai.lt\/wp-content\/uploads\/2024\/01\/Bookmark-Tabs-12x12.webp 12w\" sizes=\"(max-width: 256px) 100vw, 256px\" \/>\t\t\t\t\t\t\t\t\t\t\t\t\t<\/p>\n<p>Gaukite nuolaid\u0105<\/p>\n<p>\t\t\t\t\t\t\t\t\t\t\t\t\t<img decoding=\"async\" width=\"256\" height=\"256\" src=\"http:\/\/perliniaidanieliai.lt\/wp-content\/uploads\/2023\/11\/Label.png\" alt=\"\" srcset=\"https:\/\/perliniaidanieliai.lt\/wp-content\/uploads\/2023\/11\/Label.png 256w, https:\/\/perliniaidanieliai.lt\/wp-content\/uploads\/2023\/11\/Label-100x100.png 100w, https:\/\/perliniaidanieliai.lt\/wp-content\/uploads\/2023\/11\/Label-150x150.png 150w, https:\/\/perliniaidanieliai.lt\/wp-content\/uploads\/2023\/11\/Label-12x12.png 12w\" sizes=\"(max-width: 256px) 100vw, 256px\" \/>\t\t\t\t\t\t\t\t\t\t\t\t\t<\/p>\n<h2>U\u017epildykite \u017eemiau pateikt\u0105 lentel\u0119 su duomenimis ir \u012fkelkite paramos skyrimo nuotrauk\u0105.<\/h2>","protected":false},"excerpt":{"rendered":"<p>skirkite 1,2% GMP &#8220;Perlini\u0173 danieli\u0173 parkas&#8221; pl\u0117sis ir suteiks Jums dar daugiau ger\u0173 emocij\u0173 ir patogumo. \u0160io tikslo siekti galite pad\u0117ti skirdami 1,2% GPM param\u0105 V\u0161\u012e &#8220;Perliniai danieliai&#8221;. U\u017e J\u016bs\u0173 skirt\u0105 param\u0105 mes atsid\u0117kosime pakviesdami J\u016bs\u0173 \u0161eim\u0105 nemokamai apsilankyti parke. u\u017epildykite form\u0105 Gaukite nuolaid\u0105 U\u017epildykite \u017eemiau pateikt\u0105 lentel\u0119 su duomenimis ir \u012fkelkite paramos skyrimo nuotrauk\u0105.<\/p>","protected":false},"author":9,"featured_media":0,"parent":0,"menu_order":0,"comment_status":"closed","ping_status":"closed","template":"elementor_header_footer","meta":{"footnotes":""},"class_list":["post-18191","page","type-page","status-publish","hentry"],"yoast_head":"<!-- This site is optimized with the Yoast SEO Premium plugin v21.2 (Yoast SEO v26.5) - https:\/\/yoast.com\/wordpress\/plugins\/seo\/ -->\n<title>Organizuokite \u0160vent\u0119 Perlini\u0173 Danieli\u0173 Parke<\/title>\n<meta name=\"description\" content=\"\u0160ven\u010di\u0173 organizavimas Perlini\u0173 Danieli\u0173 Parke: ideali vieta gimtadieniams, \u0161eimos \u0161vent\u0117ms ar kitoms progoms \u0161alia Kauno. \u0160v\u0119skite gamtos ir gyv\u016bn\u0173 apsuptyje.\" \/>\n<meta name=\"robots\" content=\"index, follow, max-snippet:-1, max-image-preview:large, max-video-preview:-1\" \/>\n<link rel=\"canonical\" href=\"https:\/\/perliniaidanieliai.lt\/ru\/skirkite-1-2-gmp\/\" \/>\n<meta property=\"og:locale\" content=\"ru_RU\" \/>\n<meta property=\"og:type\" content=\"article\" \/>\n<meta property=\"og:title\" content=\"Organizuokite \u0160vent\u0119 Perlini\u0173 Danieli\u0173 Parke\" \/>\n<meta property=\"og:description\" content=\"\u0160ven\u010di\u0173 organizavimas Perlini\u0173 Danieli\u0173 Parke: ideali vieta gimtadieniams, \u0161eimos \u0161vent\u0117ms ar kitoms progoms \u0161alia Kauno. \u0160v\u0119skite gamtos ir gyv\u016bn\u0173 apsuptyje.\" \/>\n<meta property=\"og:url\" content=\"https:\/\/perliniaidanieliai.lt\/ru\/skirkite-1-2-gmp\/\" \/>\n<meta property=\"og:site_name\" content=\"PERLINI\u0172 DANIELI\u0172 PARKAS\" \/>\n<meta property=\"article:publisher\" content=\"https:\/\/www.facebook.com\/perliniai.danieliai\/\" \/>\n<meta property=\"article:modified_time\" content=\"2025-02-03T13:19:27+00:00\" \/>\n<meta property=\"og:image\" content=\"http:\/\/perliniaidanieliai.lt\/wp-content\/uploads\/2023\/11\/3-1.png\" \/>\n\t<meta property=\"og:image:width\" content=\"500\" \/>\n\t<meta property=\"og:image:height\" content=\"500\" \/>\n\t<meta property=\"og:image:type\" content=\"image\/png\" \/>\n<meta name=\"twitter:card\" content=\"summary_large_image\" \/>\n<meta name=\"twitter:title\" content=\"Skirkite 1.2 GMP\" \/>\n<script type=\"application\/ld+json\" class=\"yoast-schema-graph\">{\"@context\":\"https:\/\/schema.org\",\"@graph\":[{\"@type\":\"WebPage\",\"@id\":\"https:\/\/perliniaidanieliai.lt\/skirkite-1-2-gmp\/\",\"url\":\"https:\/\/perliniaidanieliai.lt\/skirkite-1-2-gmp\/\",\"name\":\"Organizuokite \u0160vent\u0119 Perlini\u0173 Danieli\u0173 Parke\",\"isPartOf\":{\"@id\":\"https:\/\/perliniaidanieliai.lt\/#website\"},\"primaryImageOfPage\":{\"@id\":\"https:\/\/perliniaidanieliai.lt\/skirkite-1-2-gmp\/#primaryimage\"},\"image\":{\"@id\":\"https:\/\/perliniaidanieliai.lt\/skirkite-1-2-gmp\/#primaryimage\"},\"thumbnailUrl\":\"http:\/\/perliniaidanieliai.lt\/wp-content\/uploads\/2024\/01\/Bookmark-Tabs.webp\",\"datePublished\":\"2024-01-14T11:12:38+00:00\",\"dateModified\":\"2025-02-03T13:19:27+00:00\",\"description\":\"\u0160ven\u010di\u0173 organizavimas Perlini\u0173 Danieli\u0173 Parke: ideali vieta gimtadieniams, \u0161eimos \u0161vent\u0117ms ar kitoms progoms \u0161alia Kauno. \u0160v\u0119skite gamtos ir gyv\u016bn\u0173 apsuptyje.\",\"breadcrumb\":{\"@id\":\"https:\/\/perliniaidanieliai.lt\/skirkite-1-2-gmp\/#breadcrumb\"},\"inLanguage\":\"ru-RU\",\"potentialAction\":[{\"@type\":\"ReadAction\",\"target\":[\"https:\/\/perliniaidanieliai.lt\/skirkite-1-2-gmp\/\"]}]},{\"@type\":\"ImageObject\",\"inLanguage\":\"ru-RU\",\"@id\":\"https:\/\/perliniaidanieliai.lt\/skirkite-1-2-gmp\/#primaryimage\",\"url\":\"http:\/\/perliniaidanieliai.lt\/wp-content\/uploads\/2024\/01\/Bookmark-Tabs.webp\",\"contentUrl\":\"http:\/\/perliniaidanieliai.lt\/wp-content\/uploads\/2024\/01\/Bookmark-Tabs.webp\"},{\"@type\":\"BreadcrumbList\",\"@id\":\"https:\/\/perliniaidanieliai.lt\/skirkite-1-2-gmp\/#breadcrumb\",\"itemListElement\":[{\"@type\":\"ListItem\",\"position\":1,\"name\":\"Pagrindinis\",\"item\":\"https:\/\/perliniaidanieliai.lt\/\"},{\"@type\":\"ListItem\",\"position\":2,\"name\":\"Skirkite 1.2 GMP\"}]},{\"@type\":\"WebSite\",\"@id\":\"https:\/\/perliniaidanieliai.lt\/#website\",\"url\":\"https:\/\/perliniaidanieliai.lt\/\",\"name\":\"PERLINI\u0172 DANIELI\u0172 PARKAS\",\"description\":\"PERLINI\u0172 DANIELI\u0172 PARKAS\",\"publisher\":{\"@id\":\"https:\/\/perliniaidanieliai.lt\/#organization\"},\"potentialAction\":[{\"@type\":\"SearchAction\",\"target\":{\"@type\":\"EntryPoint\",\"urlTemplate\":\"https:\/\/perliniaidanieliai.lt\/?s={search_term_string}\"},\"query-input\":{\"@type\":\"PropertyValueSpecification\",\"valueRequired\":true,\"valueName\":\"search_term_string\"}}],\"inLanguage\":\"ru-RU\"},{\"@type\":\"Organization\",\"@id\":\"https:\/\/perliniaidanieliai.lt\/#organization\",\"name\":\"PERLINI\u0172 DANIELI\u0172 PARKAS\",\"url\":\"https:\/\/perliniaidanieliai.lt\/\",\"logo\":{\"@type\":\"ImageObject\",\"inLanguage\":\"ru-RU\",\"@id\":\"https:\/\/perliniaidanieliai.lt\/#\/schema\/logo\/image\/\",\"url\":\"http:\/\/perliniaidanieliai.lt\/wp-content\/uploads\/2021\/09\/319620154_1421737541690511_2993680868490120499_n.webp\",\"contentUrl\":\"http:\/\/perliniaidanieliai.lt\/wp-content\/uploads\/2021\/09\/319620154_1421737541690511_2993680868490120499_n.webp\",\"width\":2048,\"height\":1939,\"caption\":\"PERLINI\u0172 DANIELI\u0172 PARKAS\"},\"image\":{\"@id\":\"https:\/\/perliniaidanieliai.lt\/#\/schema\/logo\/image\/\"},\"sameAs\":[\"https:\/\/www.facebook.com\/perliniai.danieliai\/\",\"https:\/\/www.instagram.com\/danieliaiperliniai\/\"]}]}<\/script>\n<!-- \/ Yoast SEO Premium plugin. -->","yoast_head_json":{"title":"\u041e\u0440\u0433\u0430\u043d\u0438\u0437\u0443\u0439\u0442\u0435 \u043f\u0440\u0430\u0437\u0434\u043d\u0438\u043a \u0432 \u043f\u0430\u0440\u043a\u0435 \u041f\u0435\u0440\u043b \u0414\u044d\u043d\u0438\u0435\u043b\u0441","description":"\u041e\u0440\u0433\u0430\u043d\u0438\u0437\u0430\u0446\u0438\u044f \u043f\u0440\u0430\u0437\u0434\u043d\u0438\u043a\u043e\u0432 \u0432 \u043f\u0430\u0440\u043a\u0435 \u041f\u0435\u0440\u043b\u0438\u043d\u0435\u0441\u0430 \u0414\u0430\u043d\u0438\u044d\u043b\u044e: \u0438\u0434\u0435\u0430\u043b\u044c\u043d\u043e\u0435 \u043c\u0435\u0441\u0442\u043e \u0434\u043b\u044f \u043f\u0440\u043e\u0432\u0435\u0434\u0435\u043d\u0438\u044f \u0434\u043d\u0435\u0439 \u0440\u043e\u0436\u0434\u0435\u043d\u0438\u044f, \u0441\u0435\u043c\u0435\u0439\u043d\u044b\u0445 \u0442\u043e\u0440\u0436\u0435\u0441\u0442\u0432 \u0438 \u0434\u0440\u0443\u0433\u0438\u0445 \u043c\u0435\u0440\u043e\u043f\u0440\u0438\u044f\u0442\u0438\u0439 \u0432 \u043e\u043a\u0440\u0435\u0441\u0442\u043d\u043e\u0441\u0442\u044f\u0445 \u041a\u0430\u0443\u043d\u0430\u0441\u0430. \u041f\u0440\u0430\u0437\u0434\u043d\u0443\u0439\u0442\u0435 \u0432 \u043e\u043a\u0440\u0443\u0436\u0435\u043d\u0438\u0438 \u043f\u0440\u0438\u0440\u043e\u0434\u044b \u0438 \u0436\u0438\u0432\u043e\u0442\u043d\u044b\u0445.","robots":{"index":"index","follow":"follow","max-snippet":"max-snippet:-1","max-image-preview":"max-image-preview:large","max-video-preview":"max-video-preview:-1"},"canonical":"https:\/\/perliniaidanieliai.lt\/ru\/skirkite-1-2-gmp\/","og_locale":"ru_RU","og_type":"article","og_title":"Organizuokite \u0160vent\u0119 Perlini\u0173 Danieli\u0173 Parke","og_description":"\u0160ven\u010di\u0173 organizavimas Perlini\u0173 Danieli\u0173 Parke: ideali vieta gimtadieniams, \u0161eimos \u0161vent\u0117ms ar kitoms progoms \u0161alia Kauno. \u0160v\u0119skite gamtos ir gyv\u016bn\u0173 apsuptyje.","og_url":"https:\/\/perliniaidanieliai.lt\/ru\/skirkite-1-2-gmp\/","og_site_name":"PERLINI\u0172 DANIELI\u0172 PARKAS","article_publisher":"https:\/\/www.facebook.com\/perliniai.danieliai\/","article_modified_time":"2025-02-03T13:19:27+00:00","og_image":[{"width":500,"height":500,"url":"http:\/\/perliniaidanieliai.lt\/wp-content\/uploads\/2023\/11\/3-1.png","type":"image\/png"}],"twitter_card":"summary_large_image","twitter_title":"Skirkite 1.2 GMP","schema":{"@context":"https:\/\/schema.org","@graph":[{"@type":"WebPage","@id":"https:\/\/perliniaidanieliai.lt\/skirkite-1-2-gmp\/","url":"https:\/\/perliniaidanieliai.lt\/skirkite-1-2-gmp\/","name":"\u041e\u0440\u0433\u0430\u043d\u0438\u0437\u0443\u0439\u0442\u0435 \u043f\u0440\u0430\u0437\u0434\u043d\u0438\u043a \u0432 \u043f\u0430\u0440\u043a\u0435 \u041f\u0435\u0440\u043b \u0414\u044d\u043d\u0438\u0435\u043b\u0441","isPartOf":{"@id":"https:\/\/perliniaidanieliai.lt\/#website"},"primaryImageOfPage":{"@id":"https:\/\/perliniaidanieliai.lt\/skirkite-1-2-gmp\/#primaryimage"},"image":{"@id":"https:\/\/perliniaidanieliai.lt\/skirkite-1-2-gmp\/#primaryimage"},"thumbnailUrl":"http:\/\/perliniaidanieliai.lt\/wp-content\/uploads\/2024\/01\/Bookmark-Tabs.webp","datePublished":"2024-01-14T11:12:38+00:00","dateModified":"2025-02-03T13:19:27+00:00","description":"\u041e\u0440\u0433\u0430\u043d\u0438\u0437\u0430\u0446\u0438\u044f \u043f\u0440\u0430\u0437\u0434\u043d\u0438\u043a\u043e\u0432 \u0432 \u043f\u0430\u0440\u043a\u0435 \u041f\u0435\u0440\u043b\u0438\u043d\u0435\u0441\u0430 \u0414\u0430\u043d\u0438\u044d\u043b\u044e: \u0438\u0434\u0435\u0430\u043b\u044c\u043d\u043e\u0435 \u043c\u0435\u0441\u0442\u043e \u0434\u043b\u044f \u043f\u0440\u043e\u0432\u0435\u0434\u0435\u043d\u0438\u044f \u0434\u043d\u0435\u0439 \u0440\u043e\u0436\u0434\u0435\u043d\u0438\u044f, \u0441\u0435\u043c\u0435\u0439\u043d\u044b\u0445 \u0442\u043e\u0440\u0436\u0435\u0441\u0442\u0432 \u0438 \u0434\u0440\u0443\u0433\u0438\u0445 \u043c\u0435\u0440\u043e\u043f\u0440\u0438\u044f\u0442\u0438\u0439 \u0432 \u043e\u043a\u0440\u0435\u0441\u0442\u043d\u043e\u0441\u0442\u044f\u0445 \u041a\u0430\u0443\u043d\u0430\u0441\u0430. \u041f\u0440\u0430\u0437\u0434\u043d\u0443\u0439\u0442\u0435 \u0432 \u043e\u043a\u0440\u0443\u0436\u0435\u043d\u0438\u0438 \u043f\u0440\u0438\u0440\u043e\u0434\u044b \u0438 \u0436\u0438\u0432\u043e\u0442\u043d\u044b\u0445.","breadcrumb":{"@id":"https:\/\/perliniaidanieliai.lt\/skirkite-1-2-gmp\/#breadcrumb"},"inLanguage":"ru-RU","potentialAction":[{"@type":"ReadAction","target":["https:\/\/perliniaidanieliai.lt\/skirkite-1-2-gmp\/"]}]},{"@type":"ImageObject","inLanguage":"ru-RU","@id":"https:\/\/perliniaidanieliai.lt\/skirkite-1-2-gmp\/#primaryimage","url":"http:\/\/perliniaidanieliai.lt\/wp-content\/uploads\/2024\/01\/Bookmark-Tabs.webp","contentUrl":"http:\/\/perliniaidanieliai.lt\/wp-content\/uploads\/2024\/01\/Bookmark-Tabs.webp"},{"@type":"BreadcrumbList","@id":"https:\/\/perliniaidanieliai.lt\/skirkite-1-2-gmp\/#breadcrumb","itemListElement":[{"@type":"ListItem","position":1,"name":"Pagrindinis","item":"https:\/\/perliniaidanieliai.lt\/"},{"@type":"ListItem","position":2,"name":"Skirkite 1.2 GMP"}]},{"@type":"WebSite","@id":"https:\/\/perliniaidanieliai.lt\/#website","url":"https:\/\/perliniaidanieliai.lt\/","name":"\u041f\u0410\u0420\u041a \u0422\u0410\u041a\u0421\u042b \"\u0416\u0415\u041c\u0427\u0423\u0416\u0418\u041d\u0410","description":"\u041f\u0410\u0420\u041a \u0422\u0410\u041a\u0421\u042b \"\u0416\u0415\u041c\u0427\u0423\u0416\u0418\u041d\u0410","publisher":{"@id":"https:\/\/perliniaidanieliai.lt\/#organization"},"potentialAction":[{"@type":"SearchAction","target":{"@type":"EntryPoint","urlTemplate":"https:\/\/perliniaidanieliai.lt\/?s={search_term_string}"},"query-input":{"@type":"PropertyValueSpecification","valueRequired":true,"valueName":"search_term_string"}}],"inLanguage":"ru-RU"},{"@type":"Organization","@id":"https:\/\/perliniaidanieliai.lt\/#organization","name":"\u041f\u0410\u0420\u041a \u0422\u0410\u041a\u0421\u042b \"\u0416\u0415\u041c\u0427\u0423\u0416\u0418\u041d\u0410","url":"https:\/\/perliniaidanieliai.lt\/","logo":{"@type":"ImageObject","inLanguage":"ru-RU","@id":"https:\/\/perliniaidanieliai.lt\/#\/schema\/logo\/image\/","url":"http:\/\/perliniaidanieliai.lt\/wp-content\/uploads\/2021\/09\/319620154_1421737541690511_2993680868490120499_n.webp","contentUrl":"http:\/\/perliniaidanieliai.lt\/wp-content\/uploads\/2021\/09\/319620154_1421737541690511_2993680868490120499_n.webp","width":2048,"height":1939,"caption":"PERLINI\u0172 DANIELI\u0172 PARKAS"},"image":{"@id":"https:\/\/perliniaidanieliai.lt\/#\/schema\/logo\/image\/"},"sameAs":["https:\/\/www.facebook.com\/perliniai.danieliai\/","https:\/\/www.instagram.com\/danieliaiperliniai\/"]}]}},"_links":{"self":[{"href":"https:\/\/perliniaidanieliai.lt\/ru\/wp-json\/wp\/v2\/pages\/18191","targetHints":{"allow":["GET"]}}],"collection":[{"href":"https:\/\/perliniaidanieliai.lt\/ru\/wp-json\/wp\/v2\/pages"}],"about":[{"href":"https:\/\/perliniaidanieliai.lt\/ru\/wp-json\/wp\/v2\/types\/page"}],"author":[{"embeddable":true,"href":"https:\/\/perliniaidanieliai.lt\/ru\/wp-json\/wp\/v2\/users\/9"}],"replies":[{"embeddable":true,"href":"https:\/\/perliniaidanieliai.lt\/ru\/wp-json\/wp\/v2\/comments?post=18191"}],"version-history":[{"count":6,"href":"https:\/\/perliniaidanieliai.lt\/ru\/wp-json\/wp\/v2\/pages\/18191\/revisions"}],"predecessor-version":[{"id":33116,"href":"https:\/\/perliniaidanieliai.lt\/ru\/wp-json\/wp\/v2\/pages\/18191\/revisions\/33116"}],"wp:attachment":[{"href":"https:\/\/perliniaidanieliai.lt\/ru\/wp-json\/wp\/v2\/media?parent=18191"}],"curies":[{"name":"wp","href":"https:\/\/api.w.org\/{rel}","templated":true}]}}