
{"id":13257,"date":"2023-11-23T22:08:30","date_gmt":"2023-11-23T20:08:30","guid":{"rendered":"http:\/\/perliniaidanieliai.lt\/?page_id=13257"},"modified":"2024-11-25T01:12:53","modified_gmt":"2024-11-24T23:12:53","slug":"kuponai","status":"publish","type":"page","link":"https:\/\/perliniaidanieliai.lt\/ru\/kuponai\/","title":{"rendered":"\u041a\u0443\u043f\u043e\u043d\u044b"},"content":{"rendered":"<div data-elementor-type=\"wp-page\" data-elementor-id=\"13257\" class=\"elementor elementor-13257\" data-elementor-post-type=\"page\">\n\t\t\t\t<div class=\"elementor-element elementor-element-52322cc e-con-full e-flex e-con e-parent\" data-id=\"52322cc\" data-element_type=\"container\" data-settings=\"{&quot;background_background&quot;:&quot;classic&quot;}\">\n\t\t\t\t<div class=\"elementor-element elementor-element-305f716 elementor-widget elementor-widget-html\" data-id=\"305f716\" data-element_type=\"widget\" data-widget_type=\"html.default\">\n\t\t\t\t<div class=\"elementor-widget-container\">\n\t\t\t<script src=\"https:\/\/code.jquery.com\/jquery-3.6.0.min.js\"><\/script>\r\n<script>\r\nvar $ = jQuery\r\n$(document).ready(function(){\r\n    \r\n$('.elementor-section[link], .elementor-column[link] > .elementor-widget-wrap, .e-con[link], .e-container[link]').on('click', function(){\r\n    \r\n    var $this = $(this).hasClass('elementor-widget-wrap') ? $(this).parent() : $(this),\r\n    link = $this.attr('link'),\r\n    newtab = $this.attr('newtab'),\r\n    openIn = typeof newtab !== 'undefined' && newtab !== false ? '_blank' : '_self'\r\n    \r\n    window.open(link, openIn)\r\n})\r\n})\r\n<\/script>\r\n<style>\r\n.elementor-section[link], .elementor-column[link] > .elementor-widget-wrap, .e-con[link], .e-container[link] {\r\n    cursor: pointer;\r\n}\r\n<\/style>\t\t<\/div>\n\t\t\t\t<\/div>\n\t\t<div class=\"elementor-element elementor-element-4cd441d e-con-full e-flex e-con e-child\" data-id=\"4cd441d\" data-element_type=\"container\" data-settings=\"{&quot;background_background&quot;:&quot;gradient&quot;}\" link=\"https:\/\/bilietai.perliniaidanieliai.lt\/pirkti\/e-dovanu-kuponas\/\">\n\t\t\t\t<div class=\"elementor-element elementor-element-8965652 elementor-widget elementor-widget-image\" data-id=\"8965652\" data-element_type=\"widget\" data-widget_type=\"image.default\">\n\t\t\t\t<div class=\"elementor-widget-container\">\n\t\t\t<style>\/*! elementor - v3.22.0 - 26-06-2024 *\/\n.elementor-widget-image{text-align:center}.elementor-widget-image a{display:inline-block}.elementor-widget-image a img[src$=\".svg\"]{width:48px}.elementor-widget-image img{vertical-align:middle;display:inline-block}<\/style>\t\t\t\t\t\t\t\t\t\t\t<a href=\"https:\/\/perliniaidanieliai.lt\/ru\/product\/e-dovanu-kuponas-sumos\/\">\n\t\t\t\t\t\t\t<img fetchpriority=\"high\" decoding=\"async\" width=\"256\" height=\"256\" src=\"https:\/\/perliniaidanieliai.lt\/wp-content\/uploads\/2023\/11\/E-Mail-1.png\" class=\"attachment-full size-full wp-image-13065\" alt=\"\" srcset=\"https:\/\/perliniaidanieliai.lt\/wp-content\/uploads\/2023\/11\/E-Mail-1.png 256w, https:\/\/perliniaidanieliai.lt\/wp-content\/uploads\/2023\/11\/E-Mail-1-100x100.png 100w, https:\/\/perliniaidanieliai.lt\/wp-content\/uploads\/2023\/11\/E-Mail-1-150x150.png 150w, https:\/\/perliniaidanieliai.lt\/wp-content\/uploads\/2023\/11\/E-Mail-1-12x12.png 12w\" sizes=\"(max-width: 256px) 100vw, 256px\" \/>\t\t\t\t\t\t\t\t<\/a>\n\t\t\t\t\t\t\t\t\t\t\t\t\t<\/div>\n\t\t\t\t<\/div>\n\t\t\t\t<div class=\"elementor-element elementor-element-ca210a1 elementor-widget-mobile__width-initial elementor-widget elementor-widget-heading\" data-id=\"ca210a1\" data-element_type=\"widget\" data-widget_type=\"heading.default\">\n\t\t\t\t<div class=\"elementor-widget-container\">\n\t\t\t<style>\/*! elementor - v3.22.0 - 26-06-2024 *\/\n.elementor-heading-title{padding:0;margin:0;line-height:1}.elementor-widget-heading .elementor-heading-title[class*=elementor-size-]>a{color:inherit;font-size:inherit;line-height:inherit}.elementor-widget-heading .elementor-heading-title.elementor-size-small{font-size:15px}.elementor-widget-heading .elementor-heading-title.elementor-size-medium{font-size:19px}.elementor-widget-heading .elementor-heading-title.elementor-size-large{font-size:29px}.elementor-widget-heading .elementor-heading-title.elementor-size-xl{font-size:39px}.elementor-widget-heading .elementor-heading-title.elementor-size-xxl{font-size:59px}<\/style><h3 class=\"elementor-heading-title elementor-size-default\"><a href=\"https:\/\/perliniaidanieliai.lt\/ru\/product\/e-dovanu-kuponas-sumos\/\">E - COUPON<\/a><\/h3>\t\t<\/div>\n\t\t\t\t<\/div>\n\t\t\t\t<\/div>\n\t\t\t\t<\/div>\n\t\t\t\t<\/div>","protected":false},"excerpt":{"rendered":"<p>E &#8211; KUPONAS<\/p>","protected":false},"author":9,"featured_media":0,"parent":0,"menu_order":0,"comment_status":"closed","ping_status":"closed","template":"elementor_header_footer","meta":{"footnotes":""},"class_list":["post-13257","page","type-page","status-publish","hentry"],"yoast_head":"<!-- This site is optimized with the Yoast SEO Premium plugin v21.2 (Yoast SEO v26.5) - https:\/\/yoast.com\/wordpress\/plugins\/seo\/ -->\n<title>Dovan\u0173 Kuponai | Ideali Dovana Gamtos ir Gyv\u016bn\u0173 Myl\u0117tojams<\/title>\n<meta name=\"description\" content=\"Ie\u0161kote unikalios dovanos? Perlini\u0173 Danieli\u0173 Parko dovan\u0173 kuponai yra tobula pasirinkimas! Suteikite artimiesiems galimyb\u0119 puikiai praleisti laik\u0105 gamtoje, bendraujant su danieliais ir triu\u0161iais.\" \/>\n<meta name=\"robots\" content=\"index, follow, max-snippet:-1, max-image-preview:large, max-video-preview:-1\" \/>\n<link rel=\"canonical\" href=\"https:\/\/perliniaidanieliai.lt\/ru\/kuponai\/\" \/>\n<meta property=\"og:locale\" content=\"ru_RU\" \/>\n<meta property=\"og:type\" content=\"article\" \/>\n<meta property=\"og:title\" content=\"Dovan\u0173 Kuponai | Ideali Dovana Gamtos ir Gyv\u016bn\u0173 Myl\u0117tojams\" \/>\n<meta property=\"og:description\" content=\"Ie\u0161kote unikalios dovanos? Perlini\u0173 Danieli\u0173 Parko dovan\u0173 kuponai yra tobula pasirinkimas! Suteikite artimiesiems galimyb\u0119 puikiai praleisti laik\u0105 gamtoje, bendraujant su danieliais ir triu\u0161iais.\" \/>\n<meta property=\"og:url\" content=\"https:\/\/perliniaidanieliai.lt\/ru\/kuponai\/\" \/>\n<meta property=\"og:site_name\" content=\"PERLINI\u0172 DANIELI\u0172 PARKAS\" \/>\n<meta property=\"article:publisher\" content=\"https:\/\/www.facebook.com\/perliniai.danieliai\/\" \/>\n<meta property=\"article:modified_time\" content=\"2024-11-24T23:12:53+00:00\" \/>\n<meta property=\"og:image\" content=\"http:\/\/perliniaidanieliai.lt\/wp-content\/uploads\/2023\/11\/3-scaled.webp\" \/>\n\t<meta property=\"og:image:width\" content=\"2560\" \/>\n\t<meta property=\"og:image:height\" content=\"1707\" \/>\n\t<meta property=\"og:image:type\" content=\"image\/webp\" \/>\n<meta name=\"twitter:card\" content=\"summary_large_image\" \/>\n<meta name=\"twitter:title\" content=\"Kuponai\" \/>\n<script type=\"application\/ld+json\" class=\"yoast-schema-graph\">{\"@context\":\"https:\/\/schema.org\",\"@graph\":[{\"@type\":\"WebPage\",\"@id\":\"https:\/\/perliniaidanieliai.lt\/kuponai\/\",\"url\":\"https:\/\/perliniaidanieliai.lt\/kuponai\/\",\"name\":\"Dovan\u0173 Kuponai | Ideali Dovana Gamtos ir Gyv\u016bn\u0173 Myl\u0117tojams\",\"isPartOf\":{\"@id\":\"https:\/\/perliniaidanieliai.lt\/#website\"},\"primaryImageOfPage\":{\"@id\":\"https:\/\/perliniaidanieliai.lt\/kuponai\/#primaryimage\"},\"image\":{\"@id\":\"https:\/\/perliniaidanieliai.lt\/kuponai\/#primaryimage\"},\"thumbnailUrl\":\"http:\/\/perliniaidanieliai.lt\/wp-content\/uploads\/2023\/11\/E-Mail-1.png\",\"datePublished\":\"2023-11-23T20:08:30+00:00\",\"dateModified\":\"2024-11-24T23:12:53+00:00\",\"description\":\"Ie\u0161kote unikalios dovanos? Perlini\u0173 Danieli\u0173 Parko dovan\u0173 kuponai yra tobula pasirinkimas! Suteikite artimiesiems galimyb\u0119 puikiai praleisti laik\u0105 gamtoje, bendraujant su danieliais ir triu\u0161iais.\",\"breadcrumb\":{\"@id\":\"https:\/\/perliniaidanieliai.lt\/kuponai\/#breadcrumb\"},\"inLanguage\":\"ru-RU\",\"potentialAction\":[{\"@type\":\"ReadAction\",\"target\":[\"https:\/\/perliniaidanieliai.lt\/kuponai\/\"]}]},{\"@type\":\"ImageObject\",\"inLanguage\":\"ru-RU\",\"@id\":\"https:\/\/perliniaidanieliai.lt\/kuponai\/#primaryimage\",\"url\":\"http:\/\/perliniaidanieliai.lt\/wp-content\/uploads\/2023\/11\/E-Mail-1.png\",\"contentUrl\":\"http:\/\/perliniaidanieliai.lt\/wp-content\/uploads\/2023\/11\/E-Mail-1.png\"},{\"@type\":\"BreadcrumbList\",\"@id\":\"https:\/\/perliniaidanieliai.lt\/kuponai\/#breadcrumb\",\"itemListElement\":[{\"@type\":\"ListItem\",\"position\":1,\"name\":\"Pagrindinis\",\"item\":\"https:\/\/perliniaidanieliai.lt\/\"},{\"@type\":\"ListItem\",\"position\":2,\"name\":\"Kuponai\"}]},{\"@type\":\"WebSite\",\"@id\":\"https:\/\/perliniaidanieliai.lt\/#website\",\"url\":\"https:\/\/perliniaidanieliai.lt\/\",\"name\":\"PERLINI\u0172 DANIELI\u0172 PARKAS\",\"description\":\"PERLINI\u0172 DANIELI\u0172 PARKAS\",\"publisher\":{\"@id\":\"https:\/\/perliniaidanieliai.lt\/#organization\"},\"potentialAction\":[{\"@type\":\"SearchAction\",\"target\":{\"@type\":\"EntryPoint\",\"urlTemplate\":\"https:\/\/perliniaidanieliai.lt\/?s={search_term_string}\"},\"query-input\":{\"@type\":\"PropertyValueSpecification\",\"valueRequired\":true,\"valueName\":\"search_term_string\"}}],\"inLanguage\":\"ru-RU\"},{\"@type\":\"Organization\",\"@id\":\"https:\/\/perliniaidanieliai.lt\/#organization\",\"name\":\"PERLINI\u0172 DANIELI\u0172 PARKAS\",\"url\":\"https:\/\/perliniaidanieliai.lt\/\",\"logo\":{\"@type\":\"ImageObject\",\"inLanguage\":\"ru-RU\",\"@id\":\"https:\/\/perliniaidanieliai.lt\/#\/schema\/logo\/image\/\",\"url\":\"http:\/\/perliniaidanieliai.lt\/wp-content\/uploads\/2021\/09\/319620154_1421737541690511_2993680868490120499_n.webp\",\"contentUrl\":\"http:\/\/perliniaidanieliai.lt\/wp-content\/uploads\/2021\/09\/319620154_1421737541690511_2993680868490120499_n.webp\",\"width\":2048,\"height\":1939,\"caption\":\"PERLINI\u0172 DANIELI\u0172 PARKAS\"},\"image\":{\"@id\":\"https:\/\/perliniaidanieliai.lt\/#\/schema\/logo\/image\/\"},\"sameAs\":[\"https:\/\/www.facebook.com\/perliniai.danieliai\/\",\"https:\/\/www.instagram.com\/danieliaiperliniai\/\"]}]}<\/script>\n<!-- \/ Yoast SEO Premium plugin. -->","yoast_head_json":{"title":"\u041f\u043e\u0434\u0430\u0440\u043e\u0447\u043d\u044b\u0435 \u0432\u0430\u0443\u0447\u0435\u0440\u044b | \u0418\u0434\u0435\u0430\u043b\u044c\u043d\u044b\u0439 \u043f\u043e\u0434\u0430\u0440\u043e\u043a \u0434\u043b\u044f \u043b\u044e\u0431\u0438\u0442\u0435\u043b\u0435\u0439 \u043f\u0440\u0438\u0440\u043e\u0434\u044b \u0438 \u0436\u0438\u0432\u043e\u0442\u043d\u044b\u0445","description":"\u0418\u0449\u0435\u0442\u0435 \u0443\u043d\u0438\u043a\u0430\u043b\u044c\u043d\u044b\u0439 \u043f\u043e\u0434\u0430\u0440\u043e\u043a? \u041f\u043e\u0434\u0430\u0440\u043e\u0447\u043d\u044b\u0435 \u0441\u0435\u0440\u0442\u0438\u0444\u0438\u043a\u0430\u0442\u044b Pearl Daniels Park - \u0438\u0434\u0435\u0430\u043b\u044c\u043d\u044b\u0439 \u0432\u044b\u0431\u043e\u0440! \u041f\u043e\u0434\u0430\u0440\u0438\u0442\u0435 \u0441\u0432\u043e\u0438\u043c \u0431\u043b\u0438\u0437\u043a\u0438\u043c \u0432\u043e\u0437\u043c\u043e\u0436\u043d\u043e\u0441\u0442\u044c \u043e\u0442\u043b\u0438\u0447\u043d\u043e \u043f\u0440\u043e\u0432\u0435\u0441\u0442\u0438 \u0432\u0440\u0435\u043c\u044f \u043d\u0430 \u043f\u0440\u0438\u0440\u043e\u0434\u0435, \u043e\u0431\u0449\u0430\u044f\u0441\u044c \u0441 \u043b\u0430\u043d\u044f\u043c\u0438 \u0438 \u043a\u0440\u043e\u043b\u0438\u043a\u0430\u043c\u0438.","robots":{"index":"index","follow":"follow","max-snippet":"max-snippet:-1","max-image-preview":"max-image-preview:large","max-video-preview":"max-video-preview:-1"},"canonical":"https:\/\/perliniaidanieliai.lt\/ru\/kuponai\/","og_locale":"ru_RU","og_type":"article","og_title":"Dovan\u0173 Kuponai | Ideali Dovana Gamtos ir Gyv\u016bn\u0173 Myl\u0117tojams","og_description":"Ie\u0161kote unikalios dovanos? Perlini\u0173 Danieli\u0173 Parko dovan\u0173 kuponai yra tobula pasirinkimas! Suteikite artimiesiems galimyb\u0119 puikiai praleisti laik\u0105 gamtoje, bendraujant su danieliais ir triu\u0161iais.","og_url":"https:\/\/perliniaidanieliai.lt\/ru\/kuponai\/","og_site_name":"PERLINI\u0172 DANIELI\u0172 PARKAS","article_publisher":"https:\/\/www.facebook.com\/perliniai.danieliai\/","article_modified_time":"2024-11-24T23:12:53+00:00","og_image":[{"width":2560,"height":1707,"url":"http:\/\/perliniaidanieliai.lt\/wp-content\/uploads\/2023\/11\/3-scaled.webp","type":"image\/webp"}],"twitter_card":"summary_large_image","twitter_title":"Kuponai","schema":{"@context":"https:\/\/schema.org","@graph":[{"@type":"WebPage","@id":"https:\/\/perliniaidanieliai.lt\/kuponai\/","url":"https:\/\/perliniaidanieliai.lt\/kuponai\/","name":"\u041f\u043e\u0434\u0430\u0440\u043e\u0447\u043d\u044b\u0435 \u0432\u0430\u0443\u0447\u0435\u0440\u044b | \u0418\u0434\u0435\u0430\u043b\u044c\u043d\u044b\u0439 \u043f\u043e\u0434\u0430\u0440\u043e\u043a \u0434\u043b\u044f \u043b\u044e\u0431\u0438\u0442\u0435\u043b\u0435\u0439 \u043f\u0440\u0438\u0440\u043e\u0434\u044b \u0438 \u0436\u0438\u0432\u043e\u0442\u043d\u044b\u0445","isPartOf":{"@id":"https:\/\/perliniaidanieliai.lt\/#website"},"primaryImageOfPage":{"@id":"https:\/\/perliniaidanieliai.lt\/kuponai\/#primaryimage"},"image":{"@id":"https:\/\/perliniaidanieliai.lt\/kuponai\/#primaryimage"},"thumbnailUrl":"http:\/\/perliniaidanieliai.lt\/wp-content\/uploads\/2023\/11\/E-Mail-1.png","datePublished":"2023-11-23T20:08:30+00:00","dateModified":"2024-11-24T23:12:53+00:00","description":"\u0418\u0449\u0435\u0442\u0435 \u0443\u043d\u0438\u043a\u0430\u043b\u044c\u043d\u044b\u0439 \u043f\u043e\u0434\u0430\u0440\u043e\u043a? \u041f\u043e\u0434\u0430\u0440\u043e\u0447\u043d\u044b\u0435 \u0441\u0435\u0440\u0442\u0438\u0444\u0438\u043a\u0430\u0442\u044b Pearl Daniels Park - \u0438\u0434\u0435\u0430\u043b\u044c\u043d\u044b\u0439 \u0432\u044b\u0431\u043e\u0440! \u041f\u043e\u0434\u0430\u0440\u0438\u0442\u0435 \u0441\u0432\u043e\u0438\u043c \u0431\u043b\u0438\u0437\u043a\u0438\u043c \u0432\u043e\u0437\u043c\u043e\u0436\u043d\u043e\u0441\u0442\u044c \u043e\u0442\u043b\u0438\u0447\u043d\u043e \u043f\u0440\u043e\u0432\u0435\u0441\u0442\u0438 \u0432\u0440\u0435\u043c\u044f \u043d\u0430 \u043f\u0440\u0438\u0440\u043e\u0434\u0435, \u043e\u0431\u0449\u0430\u044f\u0441\u044c \u0441 \u043b\u0430\u043d\u044f\u043c\u0438 \u0438 \u043a\u0440\u043e\u043b\u0438\u043a\u0430\u043c\u0438.","breadcrumb":{"@id":"https:\/\/perliniaidanieliai.lt\/kuponai\/#breadcrumb"},"inLanguage":"ru-RU","potentialAction":[{"@type":"ReadAction","target":["https:\/\/perliniaidanieliai.lt\/kuponai\/"]}]},{"@type":"ImageObject","inLanguage":"ru-RU","@id":"https:\/\/perliniaidanieliai.lt\/kuponai\/#primaryimage","url":"http:\/\/perliniaidanieliai.lt\/wp-content\/uploads\/2023\/11\/E-Mail-1.png","contentUrl":"http:\/\/perliniaidanieliai.lt\/wp-content\/uploads\/2023\/11\/E-Mail-1.png"},{"@type":"BreadcrumbList","@id":"https:\/\/perliniaidanieliai.lt\/kuponai\/#breadcrumb","itemListElement":[{"@type":"ListItem","position":1,"name":"Pagrindinis","item":"https:\/\/perliniaidanieliai.lt\/"},{"@type":"ListItem","position":2,"name":"Kuponai"}]},{"@type":"WebSite","@id":"https:\/\/perliniaidanieliai.lt\/#website","url":"https:\/\/perliniaidanieliai.lt\/","name":"\u041f\u0410\u0420\u041a \u0422\u0410\u041a\u0421\u042b \"\u0416\u0415\u041c\u0427\u0423\u0416\u0418\u041d\u0410","description":"\u041f\u0410\u0420\u041a \u0422\u0410\u041a\u0421\u042b \"\u0416\u0415\u041c\u0427\u0423\u0416\u0418\u041d\u0410","publisher":{"@id":"https:\/\/perliniaidanieliai.lt\/#organization"},"potentialAction":[{"@type":"SearchAction","target":{"@type":"EntryPoint","urlTemplate":"https:\/\/perliniaidanieliai.lt\/?s={search_term_string}"},"query-input":{"@type":"PropertyValueSpecification","valueRequired":true,"valueName":"search_term_string"}}],"inLanguage":"ru-RU"},{"@type":"Organization","@id":"https:\/\/perliniaidanieliai.lt\/#organization","name":"\u041f\u0410\u0420\u041a \u0422\u0410\u041a\u0421\u042b \"\u0416\u0415\u041c\u0427\u0423\u0416\u0418\u041d\u0410","url":"https:\/\/perliniaidanieliai.lt\/","logo":{"@type":"ImageObject","inLanguage":"ru-RU","@id":"https:\/\/perliniaidanieliai.lt\/#\/schema\/logo\/image\/","url":"http:\/\/perliniaidanieliai.lt\/wp-content\/uploads\/2021\/09\/319620154_1421737541690511_2993680868490120499_n.webp","contentUrl":"http:\/\/perliniaidanieliai.lt\/wp-content\/uploads\/2021\/09\/319620154_1421737541690511_2993680868490120499_n.webp","width":2048,"height":1939,"caption":"PERLINI\u0172 DANIELI\u0172 PARKAS"},"image":{"@id":"https:\/\/perliniaidanieliai.lt\/#\/schema\/logo\/image\/"},"sameAs":["https:\/\/www.facebook.com\/perliniai.danieliai\/","https:\/\/www.instagram.com\/danieliaiperliniai\/"]}]}},"_links":{"self":[{"href":"https:\/\/perliniaidanieliai.lt\/ru\/wp-json\/wp\/v2\/pages\/13257","targetHints":{"allow":["GET"]}}],"collection":[{"href":"https:\/\/perliniaidanieliai.lt\/ru\/wp-json\/wp\/v2\/pages"}],"about":[{"href":"https:\/\/perliniaidanieliai.lt\/ru\/wp-json\/wp\/v2\/types\/page"}],"author":[{"embeddable":true,"href":"https:\/\/perliniaidanieliai.lt\/ru\/wp-json\/wp\/v2\/users\/9"}],"replies":[{"embeddable":true,"href":"https:\/\/perliniaidanieliai.lt\/ru\/wp-json\/wp\/v2\/comments?post=13257"}],"version-history":[{"count":18,"href":"https:\/\/perliniaidanieliai.lt\/ru\/wp-json\/wp\/v2\/pages\/13257\/revisions"}],"predecessor-version":[{"id":28340,"href":"https:\/\/perliniaidanieliai.lt\/ru\/wp-json\/wp\/v2\/pages\/13257\/revisions\/28340"}],"wp:attachment":[{"href":"https:\/\/perliniaidanieliai.lt\/ru\/wp-json\/wp\/v2\/media?parent=13257"}],"curies":[{"name":"wp","href":"https:\/\/api.w.org\/{rel}","templated":true}]}}