
{"id":25598,"date":"2024-10-16T22:23:58","date_gmt":"2024-10-16T19:23:58","guid":{"rendered":"https:\/\/perliniaidanieliai.lt\/?post_type=product&#038;p=25598"},"modified":"2025-12-03T12:45:46","modified_gmt":"2025-12-03T10:45:46","slug":"e-dovanu-kuponas-sumos","status":"publish","type":"product","link":"https:\/\/perliniaidanieliai.lt\/en\/product\/e-dovanu-kuponas-sumos\/","title":{"rendered":"E-GIFT VOUCHER"},"content":{"rendered":"","protected":false},"excerpt":{"rendered":"","protected":false},"featured_media":13246,"template":"","meta":[],"product_brand":[],"product_cat":[116],"product_tag":[150],"class_list":{"0":"post-25598","1":"product","2":"type-product","3":"status-publish","4":"has-post-thumbnail","6":"product_cat-digital-kuponas","7":"product_tag-digital-kuponas","9":"first","10":"instock","11":"sold-individually","12":"shipping-taxable","13":"purchasable","14":"product-type-variable"},"yoast_head":"<!-- This site is optimized with the Yoast SEO Premium plugin v21.2 (Yoast SEO v26.5) - https:\/\/yoast.com\/wordpress\/plugins\/seo\/ -->\n<title>E-DOVAN\u0172 KUPONAS | PERLINI\u0172 DANIELI\u0172 PARKAS<\/title>\n<meta name=\"robots\" content=\"index, follow, max-snippet:-1, max-image-preview:large, max-video-preview:-1\" \/>\n<link rel=\"canonical\" href=\"https:\/\/perliniaidanieliai.lt\/en\/product\/e-dovanu-kuponas-sumos\/\" \/>\n<meta property=\"og:locale\" content=\"en_US\" \/>\n<meta property=\"og:type\" content=\"article\" \/>\n<meta property=\"og:title\" content=\"E-DOVAN\u0172 KUPONAS\" \/>\n<meta property=\"og:url\" content=\"https:\/\/perliniaidanieliai.lt\/en\/product\/e-dovanu-kuponas-sumos\/\" \/>\n<meta property=\"og:site_name\" content=\"PERLINI\u0172 DANIELI\u0172 PARKAS\" \/>\n<meta property=\"article:publisher\" content=\"https:\/\/www.facebook.com\/perliniai.danieliai\/\" \/>\n<meta property=\"article:modified_time\" content=\"2025-12-03T10:45:46+00:00\" \/>\n<meta property=\"og:image\" content=\"http:\/\/perliniaidanieliai.lt\/wp-content\/uploads\/2023\/11\/Label.png\" \/>\n\t<meta property=\"og:image:width\" content=\"256\" \/>\n\t<meta property=\"og:image:height\" content=\"256\" \/>\n\t<meta property=\"og:image:type\" content=\"image\/png\" \/>\n<meta name=\"twitter:card\" content=\"summary_large_image\" \/>\n<script type=\"application\/ld+json\" class=\"yoast-schema-graph\">{\"@context\":\"https:\/\/schema.org\",\"@graph\":[{\"@type\":\"WebPage\",\"@id\":\"https:\/\/perliniaidanieliai.lt\/product\/e-dovanu-kuponas-sumos\/\",\"url\":\"https:\/\/perliniaidanieliai.lt\/product\/e-dovanu-kuponas-sumos\/\",\"name\":\"E-DOVAN\u0172 KUPONAS | PERLINI\u0172 DANIELI\u0172 PARKAS\",\"isPartOf\":{\"@id\":\"https:\/\/perliniaidanieliai.lt\/#website\"},\"primaryImageOfPage\":{\"@id\":\"https:\/\/perliniaidanieliai.lt\/product\/e-dovanu-kuponas-sumos\/#primaryimage\"},\"image\":{\"@id\":\"https:\/\/perliniaidanieliai.lt\/product\/e-dovanu-kuponas-sumos\/#primaryimage\"},\"thumbnailUrl\":\"https:\/\/perliniaidanieliai.lt\/wp-content\/uploads\/2023\/11\/Label.png\",\"datePublished\":\"2024-10-16T19:23:58+00:00\",\"dateModified\":\"2025-12-03T10:45:46+00:00\",\"breadcrumb\":{\"@id\":\"https:\/\/perliniaidanieliai.lt\/product\/e-dovanu-kuponas-sumos\/#breadcrumb\"},\"inLanguage\":\"en-US\",\"potentialAction\":[{\"@type\":\"ReadAction\",\"target\":[\"https:\/\/perliniaidanieliai.lt\/product\/e-dovanu-kuponas-sumos\/\"]}]},{\"@type\":\"ImageObject\",\"inLanguage\":\"en-US\",\"@id\":\"https:\/\/perliniaidanieliai.lt\/product\/e-dovanu-kuponas-sumos\/#primaryimage\",\"url\":\"https:\/\/perliniaidanieliai.lt\/wp-content\/uploads\/2023\/11\/Label.png\",\"contentUrl\":\"https:\/\/perliniaidanieliai.lt\/wp-content\/uploads\/2023\/11\/Label.png\",\"width\":256,\"height\":256},{\"@type\":\"BreadcrumbList\",\"@id\":\"https:\/\/perliniaidanieliai.lt\/product\/e-dovanu-kuponas-sumos\/#breadcrumb\",\"itemListElement\":[{\"@type\":\"ListItem\",\"position\":1,\"name\":\"Pagrindinis\",\"item\":\"https:\/\/perliniaidanieliai.lt\/\"},{\"@type\":\"ListItem\",\"position\":2,\"name\":\"Shop\",\"item\":\"https:\/\/perliniaidanieliai.lt\/shop\/\"},{\"@type\":\"ListItem\",\"position\":3,\"name\":\"E-DOVAN\u0172 KUPONAS\"}]},{\"@type\":\"WebSite\",\"@id\":\"https:\/\/perliniaidanieliai.lt\/#website\",\"url\":\"https:\/\/perliniaidanieliai.lt\/\",\"name\":\"PERLINI\u0172 DANIELI\u0172 PARKAS\",\"description\":\"PERLINI\u0172 DANIELI\u0172 PARKAS\",\"publisher\":{\"@id\":\"https:\/\/perliniaidanieliai.lt\/#organization\"},\"potentialAction\":[{\"@type\":\"SearchAction\",\"target\":{\"@type\":\"EntryPoint\",\"urlTemplate\":\"https:\/\/perliniaidanieliai.lt\/?s={search_term_string}\"},\"query-input\":{\"@type\":\"PropertyValueSpecification\",\"valueRequired\":true,\"valueName\":\"search_term_string\"}}],\"inLanguage\":\"en-US\"},{\"@type\":\"Organization\",\"@id\":\"https:\/\/perliniaidanieliai.lt\/#organization\",\"name\":\"PERLINI\u0172 DANIELI\u0172 PARKAS\",\"url\":\"https:\/\/perliniaidanieliai.lt\/\",\"logo\":{\"@type\":\"ImageObject\",\"inLanguage\":\"en-US\",\"@id\":\"https:\/\/perliniaidanieliai.lt\/#\/schema\/logo\/image\/\",\"url\":\"http:\/\/perliniaidanieliai.lt\/wp-content\/uploads\/2021\/09\/319620154_1421737541690511_2993680868490120499_n.webp\",\"contentUrl\":\"http:\/\/perliniaidanieliai.lt\/wp-content\/uploads\/2021\/09\/319620154_1421737541690511_2993680868490120499_n.webp\",\"width\":2048,\"height\":1939,\"caption\":\"PERLINI\u0172 DANIELI\u0172 PARKAS\"},\"image\":{\"@id\":\"https:\/\/perliniaidanieliai.lt\/#\/schema\/logo\/image\/\"},\"sameAs\":[\"https:\/\/www.facebook.com\/perliniai.danieliai\/\",\"https:\/\/www.instagram.com\/danieliaiperliniai\/\"]}]}<\/script>\n<!-- \/ Yoast SEO Premium plugin. -->","yoast_head_json":{"title":"E-GIFT VOUCHER | PEARL RINGNECK PARK","robots":{"index":"index","follow":"follow","max-snippet":"max-snippet:-1","max-image-preview":"max-image-preview:large","max-video-preview":"max-video-preview:-1"},"canonical":"https:\/\/perliniaidanieliai.lt\/en\/product\/e-dovanu-kuponas-sumos\/","og_locale":"en_US","og_type":"article","og_title":"E-DOVAN\u0172 KUPONAS","og_url":"https:\/\/perliniaidanieliai.lt\/en\/product\/e-dovanu-kuponas-sumos\/","og_site_name":"PERLINI\u0172 DANIELI\u0172 PARKAS","article_publisher":"https:\/\/www.facebook.com\/perliniai.danieliai\/","article_modified_time":"2025-12-03T10:45:46+00:00","og_image":[{"width":256,"height":256,"url":"http:\/\/perliniaidanieliai.lt\/wp-content\/uploads\/2023\/11\/Label.png","type":"image\/png"}],"twitter_card":"summary_large_image","schema":{"@context":"https:\/\/schema.org","@graph":[{"@type":"WebPage","@id":"https:\/\/perliniaidanieliai.lt\/product\/e-dovanu-kuponas-sumos\/","url":"https:\/\/perliniaidanieliai.lt\/product\/e-dovanu-kuponas-sumos\/","name":"E-GIFT VOUCHER | PEARL RINGNECK PARK","isPartOf":{"@id":"https:\/\/perliniaidanieliai.lt\/#website"},"primaryImageOfPage":{"@id":"https:\/\/perliniaidanieliai.lt\/product\/e-dovanu-kuponas-sumos\/#primaryimage"},"image":{"@id":"https:\/\/perliniaidanieliai.lt\/product\/e-dovanu-kuponas-sumos\/#primaryimage"},"thumbnailUrl":"https:\/\/perliniaidanieliai.lt\/wp-content\/uploads\/2023\/11\/Label.png","datePublished":"2024-10-16T19:23:58+00:00","dateModified":"2025-12-03T10:45:46+00:00","breadcrumb":{"@id":"https:\/\/perliniaidanieliai.lt\/product\/e-dovanu-kuponas-sumos\/#breadcrumb"},"inLanguage":"en-US","potentialAction":[{"@type":"ReadAction","target":["https:\/\/perliniaidanieliai.lt\/product\/e-dovanu-kuponas-sumos\/"]}]},{"@type":"ImageObject","inLanguage":"en-US","@id":"https:\/\/perliniaidanieliai.lt\/product\/e-dovanu-kuponas-sumos\/#primaryimage","url":"https:\/\/perliniaidanieliai.lt\/wp-content\/uploads\/2023\/11\/Label.png","contentUrl":"https:\/\/perliniaidanieliai.lt\/wp-content\/uploads\/2023\/11\/Label.png","width":256,"height":256},{"@type":"BreadcrumbList","@id":"https:\/\/perliniaidanieliai.lt\/product\/e-dovanu-kuponas-sumos\/#breadcrumb","itemListElement":[{"@type":"ListItem","position":1,"name":"Pagrindinis","item":"https:\/\/perliniaidanieliai.lt\/"},{"@type":"ListItem","position":2,"name":"Shop","item":"https:\/\/perliniaidanieliai.lt\/shop\/"},{"@type":"ListItem","position":3,"name":"E-DOVAN\u0172 KUPONAS"}]},{"@type":"WebSite","@id":"https:\/\/perliniaidanieliai.lt\/#website","url":"https:\/\/perliniaidanieliai.lt\/","name":"PEARL DACHSHUND PARK","description":"PEARL DACHSHUND PARK","publisher":{"@id":"https:\/\/perliniaidanieliai.lt\/#organization"},"potentialAction":[{"@type":"SearchAction","target":{"@type":"EntryPoint","urlTemplate":"https:\/\/perliniaidanieliai.lt\/?s={search_term_string}"},"query-input":{"@type":"PropertyValueSpecification","valueRequired":true,"valueName":"search_term_string"}}],"inLanguage":"en-US"},{"@type":"Organization","@id":"https:\/\/perliniaidanieliai.lt\/#organization","name":"PEARL DACHSHUND PARK","url":"https:\/\/perliniaidanieliai.lt\/","logo":{"@type":"ImageObject","inLanguage":"en-US","@id":"https:\/\/perliniaidanieliai.lt\/#\/schema\/logo\/image\/","url":"http:\/\/perliniaidanieliai.lt\/wp-content\/uploads\/2021\/09\/319620154_1421737541690511_2993680868490120499_n.webp","contentUrl":"http:\/\/perliniaidanieliai.lt\/wp-content\/uploads\/2021\/09\/319620154_1421737541690511_2993680868490120499_n.webp","width":2048,"height":1939,"caption":"PERLINI\u0172 DANIELI\u0172 PARKAS"},"image":{"@id":"https:\/\/perliniaidanieliai.lt\/#\/schema\/logo\/image\/"},"sameAs":["https:\/\/www.facebook.com\/perliniai.danieliai\/","https:\/\/www.instagram.com\/danieliaiperliniai\/"]}]}},"_links":{"self":[{"href":"https:\/\/perliniaidanieliai.lt\/en\/wp-json\/wp\/v2\/product\/25598","targetHints":{"allow":["GET"]}}],"collection":[{"href":"https:\/\/perliniaidanieliai.lt\/en\/wp-json\/wp\/v2\/product"}],"about":[{"href":"https:\/\/perliniaidanieliai.lt\/en\/wp-json\/wp\/v2\/types\/product"}],"wp:featuredmedia":[{"embeddable":true,"href":"https:\/\/perliniaidanieliai.lt\/en\/wp-json\/wp\/v2\/media\/13246"}],"wp:attachment":[{"href":"https:\/\/perliniaidanieliai.lt\/en\/wp-json\/wp\/v2\/media?parent=25598"}],"wp:term":[{"taxonomy":"product_brand","embeddable":true,"href":"https:\/\/perliniaidanieliai.lt\/en\/wp-json\/wp\/v2\/product_brand?post=25598"},{"taxonomy":"product_cat","embeddable":true,"href":"https:\/\/perliniaidanieliai.lt\/en\/wp-json\/wp\/v2\/product_cat?post=25598"},{"taxonomy":"product_tag","embeddable":true,"href":"https:\/\/perliniaidanieliai.lt\/en\/wp-json\/wp\/v2\/product_tag?post=25598"}],"curies":[{"name":"wp","href":"https:\/\/api.w.org\/{rel}","templated":true}]}}