
{"id":22333,"date":"2024-07-22T00:03:57","date_gmt":"2024-07-21T21:03:57","guid":{"rendered":"https:\/\/perliniaidanieliai.lt\/?post_type=product&#038;p=22333"},"modified":"2025-09-26T22:02:39","modified_gmt":"2025-09-26T19:02:39","slug":"draugu-kampelis","status":"publish","type":"product","link":"https:\/\/perliniaidanieliai.lt\/en\/product\/draugu-kampelis\/","title":{"rendered":"Draug\u0173 kampelis"},"content":{"rendered":"","protected":false},"excerpt":{"rendered":"","protected":false},"featured_media":58126,"template":"","meta":[],"product_brand":[],"product_cat":[106],"product_tag":[137],"class_list":{"0":"post-22333","1":"product","2":"type-product","3":"status-publish","4":"has-post-thumbnail","6":"product_cat-rezervacijos","7":"product_tag-draugu-kampelis","9":"first","10":"instock","11":"sold-individually","12":"shipping-taxable","13":"purchasable","14":"product-type-simple"},"yoast_head":"<!-- This site is optimized with the Yoast SEO Premium plugin v21.2 (Yoast SEO v26.5) - https:\/\/yoast.com\/wordpress\/plugins\/seo\/ -->\n<title>Rezervuokite Poilsio Viet\u0105 Perlini\u0173 Danieli\u0173 Parke<\/title>\n<meta name=\"description\" content=\"U\u017etikrinkite sau poils\u012f Perlini\u0173 Danieli\u0173 Parke i\u0161 anksto rezervuodami Pav\u0117sin\u0119, Namel\u012f ar Draug\u0173 kampel\u012f. M\u0117gaukit\u0117s idili\u0161ka gamta ir kokybi\u0161ku laiku su \u0161eima ar draugais. Rezervuokite jau \u0161iandien!\" \/>\n<meta name=\"robots\" content=\"index, follow, max-snippet:-1, max-image-preview:large, max-video-preview:-1\" \/>\n<link rel=\"canonical\" href=\"https:\/\/perliniaidanieliai.lt\/en\/product\/draugu-kampelis\/\" \/>\n<meta property=\"og:locale\" content=\"en_US\" \/>\n<meta property=\"og:type\" content=\"article\" \/>\n<meta property=\"og:title\" content=\"Rezervuokite Poilsio Viet\u0105 Perlini\u0173 Danieli\u0173 Parke\" \/>\n<meta property=\"og:description\" content=\"U\u017etikrinkite sau poils\u012f Perlini\u0173 Danieli\u0173 Parke i\u0161 anksto rezervuodami Pav\u0117sin\u0119, Namel\u012f ar Draug\u0173 kampel\u012f. M\u0117gaukit\u0117s idili\u0161ka gamta ir kokybi\u0161ku laiku su \u0161eima ar draugais. Rezervuokite jau \u0161iandien!\" \/>\n<meta property=\"og:url\" content=\"https:\/\/perliniaidanieliai.lt\/en\/product\/draugu-kampelis\/\" \/>\n<meta property=\"og:site_name\" content=\"PERLINI\u0172 DANIELI\u0172 PARKAS\" \/>\n<meta property=\"article:publisher\" content=\"https:\/\/www.facebook.com\/perliniai.danieliai\/\" \/>\n<meta property=\"article:modified_time\" content=\"2025-09-26T19:02:39+00:00\" \/>\n<meta property=\"og:image\" content=\"http:\/\/perliniaidanieliai.lt\/wp-content\/uploads\/2023\/11\/Add-a-heading-_8_.webp\" \/>\n\t<meta property=\"og:image:width\" content=\"1200\" \/>\n\t<meta property=\"og:image:height\" content=\"800\" \/>\n\t<meta property=\"og:image:type\" content=\"image\/webp\" \/>\n<meta name=\"twitter:card\" content=\"summary_large_image\" \/>\n<meta name=\"twitter:title\" content=\"Draug\u0173 kampelis\" \/>\n<script type=\"application\/ld+json\" class=\"yoast-schema-graph\">{\"@context\":\"https:\/\/schema.org\",\"@graph\":[{\"@type\":\"WebPage\",\"@id\":\"https:\/\/perliniaidanieliai.lt\/product\/draugu-kampelis\/\",\"url\":\"https:\/\/perliniaidanieliai.lt\/product\/draugu-kampelis\/\",\"name\":\"Rezervuokite Poilsio Viet\u0105 Perlini\u0173 Danieli\u0173 Parke\",\"isPartOf\":{\"@id\":\"https:\/\/perliniaidanieliai.lt\/#website\"},\"primaryImageOfPage\":{\"@id\":\"https:\/\/perliniaidanieliai.lt\/product\/draugu-kampelis\/#primaryimage\"},\"image\":{\"@id\":\"https:\/\/perliniaidanieliai.lt\/product\/draugu-kampelis\/#primaryimage\"},\"thumbnailUrl\":\"https:\/\/perliniaidanieliai.lt\/wp-content\/uploads\/2024\/07\/Draugu-kampelis.png\",\"datePublished\":\"2024-07-21T21:03:57+00:00\",\"dateModified\":\"2025-09-26T19:02:39+00:00\",\"description\":\"U\u017etikrinkite sau poils\u012f Perlini\u0173 Danieli\u0173 Parke i\u0161 anksto rezervuodami Pav\u0117sin\u0119, Namel\u012f ar Draug\u0173 kampel\u012f. M\u0117gaukit\u0117s idili\u0161ka gamta ir kokybi\u0161ku laiku su \u0161eima ar draugais. Rezervuokite jau \u0161iandien!\",\"breadcrumb\":{\"@id\":\"https:\/\/perliniaidanieliai.lt\/product\/draugu-kampelis\/#breadcrumb\"},\"inLanguage\":\"en-US\",\"potentialAction\":[{\"@type\":\"ReadAction\",\"target\":[\"https:\/\/perliniaidanieliai.lt\/product\/draugu-kampelis\/\"]}]},{\"@type\":\"ImageObject\",\"inLanguage\":\"en-US\",\"@id\":\"https:\/\/perliniaidanieliai.lt\/product\/draugu-kampelis\/#primaryimage\",\"url\":\"https:\/\/perliniaidanieliai.lt\/wp-content\/uploads\/2024\/07\/Draugu-kampelis.png\",\"contentUrl\":\"https:\/\/perliniaidanieliai.lt\/wp-content\/uploads\/2024\/07\/Draugu-kampelis.png\",\"width\":2500,\"height\":1384},{\"@type\":\"BreadcrumbList\",\"@id\":\"https:\/\/perliniaidanieliai.lt\/product\/draugu-kampelis\/#breadcrumb\",\"itemListElement\":[{\"@type\":\"ListItem\",\"position\":1,\"name\":\"Pagrindinis\",\"item\":\"https:\/\/perliniaidanieliai.lt\/\"},{\"@type\":\"ListItem\",\"position\":2,\"name\":\"Shop\",\"item\":\"https:\/\/perliniaidanieliai.lt\/shop\/\"},{\"@type\":\"ListItem\",\"position\":3,\"name\":\"Draug\u0173 kampelis\"}]},{\"@type\":\"WebSite\",\"@id\":\"https:\/\/perliniaidanieliai.lt\/#website\",\"url\":\"https:\/\/perliniaidanieliai.lt\/\",\"name\":\"PERLINI\u0172 DANIELI\u0172 PARKAS\",\"description\":\"PERLINI\u0172 DANIELI\u0172 PARKAS\",\"publisher\":{\"@id\":\"https:\/\/perliniaidanieliai.lt\/#organization\"},\"potentialAction\":[{\"@type\":\"SearchAction\",\"target\":{\"@type\":\"EntryPoint\",\"urlTemplate\":\"https:\/\/perliniaidanieliai.lt\/?s={search_term_string}\"},\"query-input\":{\"@type\":\"PropertyValueSpecification\",\"valueRequired\":true,\"valueName\":\"search_term_string\"}}],\"inLanguage\":\"en-US\"},{\"@type\":\"Organization\",\"@id\":\"https:\/\/perliniaidanieliai.lt\/#organization\",\"name\":\"PERLINI\u0172 DANIELI\u0172 PARKAS\",\"url\":\"https:\/\/perliniaidanieliai.lt\/\",\"logo\":{\"@type\":\"ImageObject\",\"inLanguage\":\"en-US\",\"@id\":\"https:\/\/perliniaidanieliai.lt\/#\/schema\/logo\/image\/\",\"url\":\"http:\/\/perliniaidanieliai.lt\/wp-content\/uploads\/2021\/09\/319620154_1421737541690511_2993680868490120499_n.webp\",\"contentUrl\":\"http:\/\/perliniaidanieliai.lt\/wp-content\/uploads\/2021\/09\/319620154_1421737541690511_2993680868490120499_n.webp\",\"width\":2048,\"height\":1939,\"caption\":\"PERLINI\u0172 DANIELI\u0172 PARKAS\"},\"image\":{\"@id\":\"https:\/\/perliniaidanieliai.lt\/#\/schema\/logo\/image\/\"},\"sameAs\":[\"https:\/\/www.facebook.com\/perliniai.danieliai\/\",\"https:\/\/www.instagram.com\/danieliaiperliniai\/\"]}]}<\/script>\n<!-- \/ Yoast SEO Premium plugin. -->","yoast_head_json":{"title":"Book a Holiday Place in Pearl Daniels Park","description":"Ensure your stay in the Pearl Daniels Park by booking your Gazebo, Cabin or Friends Corner in advance. Enjoy the idyllic nature and quality time with family or friends. Book today!","robots":{"index":"index","follow":"follow","max-snippet":"max-snippet:-1","max-image-preview":"max-image-preview:large","max-video-preview":"max-video-preview:-1"},"canonical":"https:\/\/perliniaidanieliai.lt\/en\/product\/draugu-kampelis\/","og_locale":"en_US","og_type":"article","og_title":"Rezervuokite Poilsio Viet\u0105 Perlini\u0173 Danieli\u0173 Parke","og_description":"U\u017etikrinkite sau poils\u012f Perlini\u0173 Danieli\u0173 Parke i\u0161 anksto rezervuodami Pav\u0117sin\u0119, Namel\u012f ar Draug\u0173 kampel\u012f. M\u0117gaukit\u0117s idili\u0161ka gamta ir kokybi\u0161ku laiku su \u0161eima ar draugais. Rezervuokite jau \u0161iandien!","og_url":"https:\/\/perliniaidanieliai.lt\/en\/product\/draugu-kampelis\/","og_site_name":"PERLINI\u0172 DANIELI\u0172 PARKAS","article_publisher":"https:\/\/www.facebook.com\/perliniai.danieliai\/","article_modified_time":"2025-09-26T19:02:39+00:00","og_image":[{"width":1200,"height":800,"url":"http:\/\/perliniaidanieliai.lt\/wp-content\/uploads\/2023\/11\/Add-a-heading-_8_.webp","type":"image\/webp"}],"twitter_card":"summary_large_image","twitter_title":"Draug\u0173 kampelis","schema":{"@context":"https:\/\/schema.org","@graph":[{"@type":"WebPage","@id":"https:\/\/perliniaidanieliai.lt\/product\/draugu-kampelis\/","url":"https:\/\/perliniaidanieliai.lt\/product\/draugu-kampelis\/","name":"Book a Holiday Place in Pearl Daniels Park","isPartOf":{"@id":"https:\/\/perliniaidanieliai.lt\/#website"},"primaryImageOfPage":{"@id":"https:\/\/perliniaidanieliai.lt\/product\/draugu-kampelis\/#primaryimage"},"image":{"@id":"https:\/\/perliniaidanieliai.lt\/product\/draugu-kampelis\/#primaryimage"},"thumbnailUrl":"https:\/\/perliniaidanieliai.lt\/wp-content\/uploads\/2024\/07\/Draugu-kampelis.png","datePublished":"2024-07-21T21:03:57+00:00","dateModified":"2025-09-26T19:02:39+00:00","description":"Ensure your stay in the Pearl Daniels Park by booking your Gazebo, Cabin or Friends Corner in advance. Enjoy the idyllic nature and quality time with family or friends. Book today!","breadcrumb":{"@id":"https:\/\/perliniaidanieliai.lt\/product\/draugu-kampelis\/#breadcrumb"},"inLanguage":"en-US","potentialAction":[{"@type":"ReadAction","target":["https:\/\/perliniaidanieliai.lt\/product\/draugu-kampelis\/"]}]},{"@type":"ImageObject","inLanguage":"en-US","@id":"https:\/\/perliniaidanieliai.lt\/product\/draugu-kampelis\/#primaryimage","url":"https:\/\/perliniaidanieliai.lt\/wp-content\/uploads\/2024\/07\/Draugu-kampelis.png","contentUrl":"https:\/\/perliniaidanieliai.lt\/wp-content\/uploads\/2024\/07\/Draugu-kampelis.png","width":2500,"height":1384},{"@type":"BreadcrumbList","@id":"https:\/\/perliniaidanieliai.lt\/product\/draugu-kampelis\/#breadcrumb","itemListElement":[{"@type":"ListItem","position":1,"name":"Pagrindinis","item":"https:\/\/perliniaidanieliai.lt\/"},{"@type":"ListItem","position":2,"name":"Shop","item":"https:\/\/perliniaidanieliai.lt\/shop\/"},{"@type":"ListItem","position":3,"name":"Draug\u0173 kampelis"}]},{"@type":"WebSite","@id":"https:\/\/perliniaidanieliai.lt\/#website","url":"https:\/\/perliniaidanieliai.lt\/","name":"PEARL DACHSHUND PARK","description":"PEARL DACHSHUND PARK","publisher":{"@id":"https:\/\/perliniaidanieliai.lt\/#organization"},"potentialAction":[{"@type":"SearchAction","target":{"@type":"EntryPoint","urlTemplate":"https:\/\/perliniaidanieliai.lt\/?s={search_term_string}"},"query-input":{"@type":"PropertyValueSpecification","valueRequired":true,"valueName":"search_term_string"}}],"inLanguage":"en-US"},{"@type":"Organization","@id":"https:\/\/perliniaidanieliai.lt\/#organization","name":"PEARL DACHSHUND PARK","url":"https:\/\/perliniaidanieliai.lt\/","logo":{"@type":"ImageObject","inLanguage":"en-US","@id":"https:\/\/perliniaidanieliai.lt\/#\/schema\/logo\/image\/","url":"http:\/\/perliniaidanieliai.lt\/wp-content\/uploads\/2021\/09\/319620154_1421737541690511_2993680868490120499_n.webp","contentUrl":"http:\/\/perliniaidanieliai.lt\/wp-content\/uploads\/2021\/09\/319620154_1421737541690511_2993680868490120499_n.webp","width":2048,"height":1939,"caption":"PERLINI\u0172 DANIELI\u0172 PARKAS"},"image":{"@id":"https:\/\/perliniaidanieliai.lt\/#\/schema\/logo\/image\/"},"sameAs":["https:\/\/www.facebook.com\/perliniai.danieliai\/","https:\/\/www.instagram.com\/danieliaiperliniai\/"]}]}},"_links":{"self":[{"href":"https:\/\/perliniaidanieliai.lt\/en\/wp-json\/wp\/v2\/product\/22333","targetHints":{"allow":["GET"]}}],"collection":[{"href":"https:\/\/perliniaidanieliai.lt\/en\/wp-json\/wp\/v2\/product"}],"about":[{"href":"https:\/\/perliniaidanieliai.lt\/en\/wp-json\/wp\/v2\/types\/product"}],"wp:featuredmedia":[{"embeddable":true,"href":"https:\/\/perliniaidanieliai.lt\/en\/wp-json\/wp\/v2\/media\/58126"}],"wp:attachment":[{"href":"https:\/\/perliniaidanieliai.lt\/en\/wp-json\/wp\/v2\/media?parent=22333"}],"wp:term":[{"taxonomy":"product_brand","embeddable":true,"href":"https:\/\/perliniaidanieliai.lt\/en\/wp-json\/wp\/v2\/product_brand?post=22333"},{"taxonomy":"product_cat","embeddable":true,"href":"https:\/\/perliniaidanieliai.lt\/en\/wp-json\/wp\/v2\/product_cat?post=22333"},{"taxonomy":"product_tag","embeddable":true,"href":"https:\/\/perliniaidanieliai.lt\/en\/wp-json\/wp\/v2\/product_tag?post=22333"}],"curies":[{"name":"wp","href":"https:\/\/api.w.org\/{rel}","templated":true}]}}