
{"id":549,"date":"2021-09-16T07:36:04","date_gmt":"2021-09-16T07:36:04","guid":{"rendered":"https:\/\/demo.ovatheme.com\/moore\/?page_id=549"},"modified":"2023-10-14T06:36:15","modified_gmt":"2023-10-14T06:36:15","slug":"privatumo-politika","status":"publish","type":"page","link":"https:\/\/perliniaidanieliai.lt\/en\/privatumo-politika\/","title":{"rendered":"Privacy Policy"},"content":{"rendered":"<div data-elementor-type=\"wp-page\" data-elementor-id=\"549\" class=\"elementor elementor-549\" data-elementor-post-type=\"page\">\n\t\t\t\t<div class=\"elementor-element elementor-element-af2cfd6 e-flex e-con-boxed e-con e-parent\" data-id=\"af2cfd6\" data-element_type=\"container\">\n\t\t\t\t\t<div class=\"e-con-inner\">\n\t\t<div class=\"elementor-element elementor-element-c0f5087 e-con-full e-flex e-con e-child\" data-id=\"c0f5087\" data-element_type=\"container\">\n\t\t\t\t<div class=\"elementor-element elementor-element-0eed04c elementor-widget elementor-widget-moore_elementor_heading\" data-id=\"0eed04c\" data-element_type=\"widget\" data-widget_type=\"moore_elementor_heading.default\">\n\t\t\t\t<div class=\"elementor-widget-container\">\n\t\t\t         <div class=\"ova-heading\">\n\n\t\t\t<h2 class=\"title\">Privacy Policy<\/h2>\n\t\t \t\n\t    <\/div>\n\t\t \t\n\t\t\t\t<\/div>\n\t\t\t\t<\/div>\n\t\t\t\t<\/div>\n\t\t\t\t\t<\/div>\n\t\t\t\t<\/div>\n\t\t<div class=\"elementor-element elementor-element-debdd41 e-flex e-con-boxed e-con e-parent\" data-id=\"debdd41\" data-element_type=\"container\">\n\t\t\t\t\t<div class=\"e-con-inner\">\n\t\t\t\t<div class=\"elementor-element elementor-element-c13ee58 elementor-widget elementor-widget-text-editor\" data-id=\"c13ee58\" data-element_type=\"widget\" data-widget_type=\"text-editor.default\">\n\t\t\t\t<div class=\"elementor-widget-container\">\n\t\t\t<style>\/*! elementor - v3.22.0 - 26-06-2024 *\/\n.elementor-widget-text-editor.elementor-drop-cap-view-stacked .elementor-drop-cap{background-color:#69727d;color:#fff}.elementor-widget-text-editor.elementor-drop-cap-view-framed .elementor-drop-cap{color:#69727d;border:3px solid;background-color:transparent}.elementor-widget-text-editor:not(.elementor-drop-cap-view-default) .elementor-drop-cap{margin-top:8px}.elementor-widget-text-editor:not(.elementor-drop-cap-view-default) .elementor-drop-cap-letter{width:1em;height:1em}.elementor-widget-text-editor .elementor-drop-cap{float:left;text-align:center;line-height:1;font-size:50px}.elementor-widget-text-editor .elementor-drop-cap-letter{display:inline-block}<\/style>\t\t\t\t<p>When purchasing tickets in this online shop, personal information is only requested at the time of booking. This e-shop undertakes not to disclose the buyer's personal data to third parties, except where the information is necessary for a partner providing delivery or other services related to the proper execution of the buyer's order. In all other cases, the buyer's personal data may be disclosed to third parties only in the cases and according to the procedure provided for by the legislation of the Republic of Lithuania.<\/p>\n<p>You can register in this e-shop. When registering - the buyer must fill in the registration form. The Buyer agrees to provide true, accurate and complete information about himself\/herself in the registration form by answering the questions on the registration form. The Buyer also undertakes to update this information if it changes. If the Buyer provides incorrect information, the Online Shop has the right to suspend or terminate the Buyer's registration and to refuse to provide its services to the Buyer.<\/p>\n<p><strong>&nbsp;<\/strong><\/p>\n<p><strong>What information do we collect?<\/strong><\/p>\n<p>We may collect, store and use the following types of information:<\/p>\n<p>information about your computer and about your visits to and use of this website (including your IP address, geographical location, browser type, where you were redirected from, the duration of your visit and the number of pages viewed);<\/p>\n<p>information that you provide to us for the purpose of subscribing to our website services, email communications and\/or newsletters;<\/p>\n<p>any other information that you choose to send us.<\/p><p><strong style=\"color: var( --e-global-color-text ); font-family: var( --e-global-typography-text-font-family ), Sans-serif; font-size: var(--font-size); letter-spacing: var(--letter-spacing);\"><br><\/strong><\/p><p><strong style=\"color: var( --e-global-color-text ); font-family: var( --e-global-typography-text-font-family ), Sans-serif; font-size: var(--font-size); letter-spacing: var(--letter-spacing);\">Cookies<\/strong><\/p>\n<p>A cookie consists of information sent by a network service station to a web browser and stored by the browser. This information is then sent back to the service station whenever the browser requests a page from that service station. This allows that network service station to identify and track the web browser. We use Google Analytics to analyse the use of this website. Google Analytics generates statistical and other information about the use of the website by using cookies that are stored on users' computers. The information generated in relation to our website is used to create reports on the use of this website. This information will be stored by Google. Google's privacy policy is available here. Our advertisers or payment service providers may also send you cookies. We publish interest-based advertising on our website based on Google Adsense. These are selected by Google to reflect your interests. Google will track your online behaviour by using cookies to identify your interests. You can view, delete and add interest categories linked to your browser using Google's Ads Preference Manager, which can be found here. You can opt-out of the Adsense Partner Network cookie here. However, this opt-out mechanism uses a cookie and if you delete cookies from your computer, your opt-out will not be saved. To ensure that your opt-out is saved for your specific browser, you should use the Google browser plugin, which can be found here. Most browsers allow you not to accept any cookies, although some browsers only allow you not to accept third party cookies. For example, in Internet Explorer, you can refuse all cookies by clicking on Tools &gt; Internet Options &gt; Privacy and selecting Block all cookies (by sliding the toggle switch). However, blocking all cookies will have a negative impact on your ability to use many websites, including this one.<\/p>\n<p><strong><br><\/strong><\/p><p><strong>Use of your personal data<\/strong><\/p>\n<p>Personal data provided on this website will be used for the purposes set out in this privacy policy or in the relevant parts of this website. We may use your personal information for the following purposes:<\/p>\n<p>To administer the website;<\/p>\n<p>To improve your browsing experience by personalising this website;<\/p>\n<p>with your consent to send you by email our newsletter which we think may be of interest to you (you can inform us at any time if you no longer wish to receive our newsletter);<\/p>\n<p>provide statistical information about our users to third parties, but this information will not be used to identify any individual user;<\/p>\n<p>We will not provide your personal data to any third parties for direct marketing purposes without your explicit consent.<\/p>\n<p><strong><br><\/strong><\/p><p><strong>Policy changes<\/strong><\/p>\n<p>We may update this privacy policy from time to time by posting a new version on our website. You should review this page from time to time to ensure that you are happy with any changes.<\/p>\t\t\t\t\t\t<\/div>\n\t\t\t\t<\/div>\n\t\t\t\t\t<\/div>\n\t\t\t\t<\/div>\n\t\t\t\t<\/div>","protected":false},"excerpt":{"rendered":"<p>Privacy Policy When purchasing tickets in this online shop, personal information is requested only at the time of placing the order. This e-shop undertakes not to disclose the buyer's personal data to third parties, except where the information is necessary for a partner providing delivery or other services related to the proper execution of the buyer's order. In all other cases, the buyer's personal data may only be disclosed to third parties in the [...]<\/p>","protected":false},"author":9,"featured_media":0,"parent":0,"menu_order":0,"comment_status":"closed","ping_status":"closed","template":"elementor_header_footer","meta":{"footnotes":""},"class_list":["post-549","page","type-page","status-publish","hentry"],"yoast_head":"<!-- This site is optimized with the Yoast SEO Premium plugin v21.2 (Yoast SEO v26.5) - https:\/\/yoast.com\/wordpress\/plugins\/seo\/ -->\n<title>Privatumo politika | PERLINI\u0172 DANIELI\u0172 PARKAS<\/title>\n<meta name=\"robots\" content=\"index, follow, max-snippet:-1, max-image-preview:large, max-video-preview:-1\" \/>\n<link rel=\"canonical\" href=\"https:\/\/perliniaidanieliai.lt\/en\/privatumo-politika\/\" \/>\n<meta property=\"og:locale\" content=\"en_US\" \/>\n<meta property=\"og:type\" content=\"article\" \/>\n<meta property=\"og:title\" content=\"Privatumo politika\" \/>\n<meta property=\"og:description\" content=\"Privatumo politika Asmenin\u0119 informacij\u0105 perkant bilietus \u0161ioje elektronin\u0117je parduotuv\u0117je&nbsp;pra\u0161oma nurodyti tik pateikiant u\u017esakym\u0105. \u0160i elektronin\u0117 parduotuv\u0117&nbsp;\u012fsipareigoja neatskleisti pirk\u0117jo asmens duomen\u0173 tretiesiems asmenims, i\u0161skyrus tuos atvejus, kai informacija yra b\u016btina partneriui, teikian\u010diam preki\u0173 pristatymo ar kitas su pirk\u0117jo u\u017esakymo tinkamu \u012fvykdymu susijusias paslaugas. Visais kitais atvejais pirk\u0117jo asmens duomenys tretiesiems asmenims gali b\u016bti atskleid\u017eiami tik Lietuvos [&hellip;]\" \/>\n<meta property=\"og:url\" content=\"https:\/\/perliniaidanieliai.lt\/en\/privatumo-politika\/\" \/>\n<meta property=\"og:site_name\" content=\"PERLINI\u0172 DANIELI\u0172 PARKAS\" \/>\n<meta property=\"article:publisher\" content=\"https:\/\/www.facebook.com\/perliniai.danieliai\/\" \/>\n<meta property=\"article:modified_time\" content=\"2023-10-14T06:36:15+00:00\" \/>\n<meta property=\"og:image\" content=\"https:\/\/perliniaidanieliai.lt\/wp-content\/uploads\/2023\/11\/perliniai-danieliai.webp\" \/>\n\t<meta property=\"og:image:width\" content=\"1363\" \/>\n\t<meta property=\"og:image:height\" content=\"1363\" \/>\n\t<meta property=\"og:image:type\" content=\"image\/webp\" \/>\n<meta name=\"twitter:card\" content=\"summary_large_image\" \/>\n<script type=\"application\/ld+json\" class=\"yoast-schema-graph\">{\"@context\":\"https:\/\/schema.org\",\"@graph\":[{\"@type\":\"WebPage\",\"@id\":\"https:\/\/perliniaidanieliai.lt\/privatumo-politika\/\",\"url\":\"https:\/\/perliniaidanieliai.lt\/privatumo-politika\/\",\"name\":\"Privatumo politika | PERLINI\u0172 DANIELI\u0172 PARKAS\",\"isPartOf\":{\"@id\":\"https:\/\/perliniaidanieliai.lt\/#website\"},\"datePublished\":\"2021-09-16T07:36:04+00:00\",\"dateModified\":\"2023-10-14T06:36:15+00:00\",\"breadcrumb\":{\"@id\":\"https:\/\/perliniaidanieliai.lt\/privatumo-politika\/#breadcrumb\"},\"inLanguage\":\"en-US\",\"potentialAction\":[{\"@type\":\"ReadAction\",\"target\":[\"https:\/\/perliniaidanieliai.lt\/privatumo-politika\/\"]}]},{\"@type\":\"BreadcrumbList\",\"@id\":\"https:\/\/perliniaidanieliai.lt\/privatumo-politika\/#breadcrumb\",\"itemListElement\":[{\"@type\":\"ListItem\",\"position\":1,\"name\":\"Pagrindinis\",\"item\":\"https:\/\/perliniaidanieliai.lt\/\"},{\"@type\":\"ListItem\",\"position\":2,\"name\":\"Privatumo politika\"}]},{\"@type\":\"WebSite\",\"@id\":\"https:\/\/perliniaidanieliai.lt\/#website\",\"url\":\"https:\/\/perliniaidanieliai.lt\/\",\"name\":\"PERLINI\u0172 DANIELI\u0172 PARKAS\",\"description\":\"PERLINI\u0172 DANIELI\u0172 PARKAS\",\"publisher\":{\"@id\":\"https:\/\/perliniaidanieliai.lt\/#organization\"},\"potentialAction\":[{\"@type\":\"SearchAction\",\"target\":{\"@type\":\"EntryPoint\",\"urlTemplate\":\"https:\/\/perliniaidanieliai.lt\/?s={search_term_string}\"},\"query-input\":{\"@type\":\"PropertyValueSpecification\",\"valueRequired\":true,\"valueName\":\"search_term_string\"}}],\"inLanguage\":\"en-US\"},{\"@type\":\"Organization\",\"@id\":\"https:\/\/perliniaidanieliai.lt\/#organization\",\"name\":\"PERLINI\u0172 DANIELI\u0172 PARKAS\",\"url\":\"https:\/\/perliniaidanieliai.lt\/\",\"logo\":{\"@type\":\"ImageObject\",\"inLanguage\":\"en-US\",\"@id\":\"https:\/\/perliniaidanieliai.lt\/#\/schema\/logo\/image\/\",\"url\":\"http:\/\/perliniaidanieliai.lt\/wp-content\/uploads\/2021\/09\/319620154_1421737541690511_2993680868490120499_n.webp\",\"contentUrl\":\"http:\/\/perliniaidanieliai.lt\/wp-content\/uploads\/2021\/09\/319620154_1421737541690511_2993680868490120499_n.webp\",\"width\":2048,\"height\":1939,\"caption\":\"PERLINI\u0172 DANIELI\u0172 PARKAS\"},\"image\":{\"@id\":\"https:\/\/perliniaidanieliai.lt\/#\/schema\/logo\/image\/\"},\"sameAs\":[\"https:\/\/www.facebook.com\/perliniai.danieliai\/\",\"https:\/\/www.instagram.com\/danieliaiperliniai\/\"]}]}<\/script>\n<!-- \/ Yoast SEO Premium plugin. -->","yoast_head_json":{"title":"Privacy Policy | PERLINI\u0172 DANIELI\u0172 PARK","robots":{"index":"index","follow":"follow","max-snippet":"max-snippet:-1","max-image-preview":"max-image-preview:large","max-video-preview":"max-video-preview:-1"},"canonical":"https:\/\/perliniaidanieliai.lt\/en\/privatumo-politika\/","og_locale":"en_US","og_type":"article","og_title":"Privatumo politika","og_description":"Privatumo politika Asmenin\u0119 informacij\u0105 perkant bilietus \u0161ioje elektronin\u0117je parduotuv\u0117je&nbsp;pra\u0161oma nurodyti tik pateikiant u\u017esakym\u0105. \u0160i elektronin\u0117 parduotuv\u0117&nbsp;\u012fsipareigoja neatskleisti pirk\u0117jo asmens duomen\u0173 tretiesiems asmenims, i\u0161skyrus tuos atvejus, kai informacija yra b\u016btina partneriui, teikian\u010diam preki\u0173 pristatymo ar kitas su pirk\u0117jo u\u017esakymo tinkamu \u012fvykdymu susijusias paslaugas. Visais kitais atvejais pirk\u0117jo asmens duomenys tretiesiems asmenims gali b\u016bti atskleid\u017eiami tik Lietuvos [&hellip;]","og_url":"https:\/\/perliniaidanieliai.lt\/en\/privatumo-politika\/","og_site_name":"PERLINI\u0172 DANIELI\u0172 PARKAS","article_publisher":"https:\/\/www.facebook.com\/perliniai.danieliai\/","article_modified_time":"2023-10-14T06:36:15+00:00","og_image":[{"width":1363,"height":1363,"url":"https:\/\/perliniaidanieliai.lt\/wp-content\/uploads\/2023\/11\/perliniai-danieliai.webp","type":"image\/webp"}],"twitter_card":"summary_large_image","schema":{"@context":"https:\/\/schema.org","@graph":[{"@type":"WebPage","@id":"https:\/\/perliniaidanieliai.lt\/privatumo-politika\/","url":"https:\/\/perliniaidanieliai.lt\/privatumo-politika\/","name":"Privacy Policy | PERLINI\u0172 DANIELI\u0172 PARK","isPartOf":{"@id":"https:\/\/perliniaidanieliai.lt\/#website"},"datePublished":"2021-09-16T07:36:04+00:00","dateModified":"2023-10-14T06:36:15+00:00","breadcrumb":{"@id":"https:\/\/perliniaidanieliai.lt\/privatumo-politika\/#breadcrumb"},"inLanguage":"en-US","potentialAction":[{"@type":"ReadAction","target":["https:\/\/perliniaidanieliai.lt\/privatumo-politika\/"]}]},{"@type":"BreadcrumbList","@id":"https:\/\/perliniaidanieliai.lt\/privatumo-politika\/#breadcrumb","itemListElement":[{"@type":"ListItem","position":1,"name":"Pagrindinis","item":"https:\/\/perliniaidanieliai.lt\/"},{"@type":"ListItem","position":2,"name":"Privatumo politika"}]},{"@type":"WebSite","@id":"https:\/\/perliniaidanieliai.lt\/#website","url":"https:\/\/perliniaidanieliai.lt\/","name":"PEARL DACHSHUND PARK","description":"PEARL DACHSHUND PARK","publisher":{"@id":"https:\/\/perliniaidanieliai.lt\/#organization"},"potentialAction":[{"@type":"SearchAction","target":{"@type":"EntryPoint","urlTemplate":"https:\/\/perliniaidanieliai.lt\/?s={search_term_string}"},"query-input":{"@type":"PropertyValueSpecification","valueRequired":true,"valueName":"search_term_string"}}],"inLanguage":"en-US"},{"@type":"Organization","@id":"https:\/\/perliniaidanieliai.lt\/#organization","name":"PEARL DACHSHUND PARK","url":"https:\/\/perliniaidanieliai.lt\/","logo":{"@type":"ImageObject","inLanguage":"en-US","@id":"https:\/\/perliniaidanieliai.lt\/#\/schema\/logo\/image\/","url":"http:\/\/perliniaidanieliai.lt\/wp-content\/uploads\/2021\/09\/319620154_1421737541690511_2993680868490120499_n.webp","contentUrl":"http:\/\/perliniaidanieliai.lt\/wp-content\/uploads\/2021\/09\/319620154_1421737541690511_2993680868490120499_n.webp","width":2048,"height":1939,"caption":"PERLINI\u0172 DANIELI\u0172 PARKAS"},"image":{"@id":"https:\/\/perliniaidanieliai.lt\/#\/schema\/logo\/image\/"},"sameAs":["https:\/\/www.facebook.com\/perliniai.danieliai\/","https:\/\/www.instagram.com\/danieliaiperliniai\/"]}]}},"_links":{"self":[{"href":"https:\/\/perliniaidanieliai.lt\/en\/wp-json\/wp\/v2\/pages\/549","targetHints":{"allow":["GET"]}}],"collection":[{"href":"https:\/\/perliniaidanieliai.lt\/en\/wp-json\/wp\/v2\/pages"}],"about":[{"href":"https:\/\/perliniaidanieliai.lt\/en\/wp-json\/wp\/v2\/types\/page"}],"author":[{"embeddable":true,"href":"https:\/\/perliniaidanieliai.lt\/en\/wp-json\/wp\/v2\/users\/9"}],"replies":[{"embeddable":true,"href":"https:\/\/perliniaidanieliai.lt\/en\/wp-json\/wp\/v2\/comments?post=549"}],"version-history":[{"count":0,"href":"https:\/\/perliniaidanieliai.lt\/en\/wp-json\/wp\/v2\/pages\/549\/revisions"}],"wp:attachment":[{"href":"https:\/\/perliniaidanieliai.lt\/en\/wp-json\/wp\/v2\/media?parent=549"}],"curies":[{"name":"wp","href":"https:\/\/api.w.org\/{rel}","templated":true}]}}