
{"id":545,"date":"2021-09-16T07:35:36","date_gmt":"2021-09-16T05:35:36","guid":{"rendered":"https:\/\/demo.ovatheme.com\/moore\/?page_id=545"},"modified":"2026-04-04T23:06:35","modified_gmt":"2026-04-04T20:06:35","slug":"lankymosi-taisykles","status":"publish","type":"page","link":"https:\/\/perliniaidanieliai.lt\/en\/lankymosi-taisykles\/","title":{"rendered":"Rules for visiting the Pearl Ringed Deer Park"},"content":{"rendered":"<div data-elementor-type=\"wp-page\" data-elementor-id=\"545\" class=\"elementor elementor-545\" data-elementor-post-type=\"page\">\n\t\t\t\t<div class=\"elementor-element elementor-element-5b9d775 e-flex e-con-boxed e-con e-parent\" data-id=\"5b9d775\" data-element_type=\"container\">\n\t\t\t\t\t<div class=\"e-con-inner\">\n\t\t\t\t<div class=\"elementor-element elementor-element-57cb33e elementor-widget elementor-widget-moore_elementor_heading\" data-id=\"57cb33e\" data-element_type=\"widget\" data-widget_type=\"moore_elementor_heading.default\">\n\t\t\t\t<div class=\"elementor-widget-container\">\n\t\t\t         <div class=\"ova-heading\">\n\n\t\t\t<h2 class=\"title\">Important to know!<\/h2>\n\t\t \t\n\t    <\/div>\n\t\t \t\n\t\t\t\t<\/div>\n\t\t\t\t<\/div>\n\t\t<div class=\"elementor-element elementor-element-2fbffc4 e-con-full e-flex e-con e-child\" data-id=\"2fbffc4\" data-element_type=\"container\">\n\t\t\t\t<div class=\"elementor-element elementor-element-68b11c7 elementor-widget elementor-widget-text-editor\" data-id=\"68b11c7\" data-element_type=\"widget\" data-widget_type=\"text-editor.default\">\n\t\t\t\t<div class=\"elementor-widget-container\">\n\t\t\t<style>\/*! elementor - v3.22.0 - 26-06-2024 *\/\n.elementor-widget-text-editor.elementor-drop-cap-view-stacked .elementor-drop-cap{background-color:#69727d;color:#fff}.elementor-widget-text-editor.elementor-drop-cap-view-framed .elementor-drop-cap{color:#69727d;border:3px solid;background-color:transparent}.elementor-widget-text-editor:not(.elementor-drop-cap-view-default) .elementor-drop-cap{margin-top:8px}.elementor-widget-text-editor:not(.elementor-drop-cap-view-default) .elementor-drop-cap-letter{width:1em;height:1em}.elementor-widget-text-editor .elementor-drop-cap{float:left;text-align:center;line-height:1;font-size:50px}.elementor-widget-text-editor .elementor-drop-cap-letter{display:inline-block}<\/style>\t\t\t\t<p>Park\u0105 rasite netoli Neveroni\u0173, geriausiai \u012f park\u0105 atvykti Google arba Waze suvedus PERLINIAI DANIELIAI. Taip pat vos u\u017e 500m yra Kar\u010diupio traukini\u0173 stotel\u0117 (vos 15min nuo Kauno ir 40min nuo Vilniaus). Parkas laukia lankytoj\u0173\u00a0kasdien\u00a0(ir \u0161ventin\u0117m dienom)\u00a0<span dir=\"ltr\">nuo\u00a0<\/span><span dir=\"ltr\">8:00<\/span><span dir=\"ltr\">\u00a0By\u00a0<\/span><span dir=\"ltr\">22:00<\/span>. Norintys pavakaroti ilgiau tur\u0117t\u0173 para\u0161yti \u017einut\u0119 mums. Rezervuoti laiko nereikia, ta\u010diau internetu reik\u0117s nusipirkti biliet\u0105. Prie varteli\u0173 yra QR kodas, kur\u012f nuskenavus b\u016bsite nukreipti \u012f puslap\u012f, ta\u010diau rekomenduojame nusipirkti biliet\u0105 anks\u010diau, kad netekt\u0173 gai\u0161ti laiko atvykus. Bilietas galioja vis\u0105 dien\u0105, tad jei k\u0105 nors palikote automobilyje dr\u0105siai gal\u0117site gr\u012f\u017eti net ir i\u0161\u0117j\u0119 i\u0161 parko.\u00a0<\/p><p class=\"p1\"><span class=\"s1\">Galima pamaitinti parko gyv\u016bnus, pa\u0161aru reikia pasir\u016bpinti prie\u0161 atvykim\u0105.<\/span><\/p><p class=\"p1\"><span class=\"s1\">TINKA: salota, obuoliai, salierai, morkos, kop\u016bstai, runkeliai.<br \/><\/span><\/p><p class=\"p1\"><span class=\"s1\">VOVERAIT\u0116MS TINKA: negliaudyti \u017eem\u0117s rie\u0161utai.<\/span><\/p>\t\t\t\t\t\t<\/div>\n\t\t\t\t<\/div>\n\t\t\t\t<\/div>\n\t\t\t\t\t<\/div>\n\t\t\t\t<\/div>\n\t\t<div class=\"elementor-element elementor-element-b91e11d e-flex e-con-boxed e-con e-parent\" data-id=\"b91e11d\" data-element_type=\"container\">\n\t\t\t\t\t<div class=\"e-con-inner\">\n\t\t\t\t<div class=\"elementor-element elementor-element-a55b17a elementor-widget elementor-widget-moore_elementor_heading\" data-id=\"a55b17a\" data-element_type=\"widget\" data-widget_type=\"moore_elementor_heading.default\">\n\t\t\t\t<div class=\"elementor-widget-container\">\n\t\t\t         <div class=\"ova-heading\">\n\n\t\t\t<h4 class=\"title\">RULES FOR VISITING THE PEARL FALLOW DEER PARK<\/h4>\n\t\t \t\n\t    <\/div>\n\t\t \t\n\t\t\t\t<\/div>\n\t\t\t\t<\/div>\n\t\t\t\t<div class=\"elementor-element elementor-element-55ce8c9 elementor-widget elementor-widget-text-editor\" data-id=\"55ce8c9\" data-element_type=\"widget\" data-widget_type=\"text-editor.default\">\n\t\t\t\t<div class=\"elementor-widget-container\">\n\t\t\t\t\t\t\t<p>By visiting the Pearl Dachshund Park, you acknowledge that you have read and understood the internal rules of the site and that you undertake to comply with them, and to make them known to all visitors accompanying you.&nbsp;<\/p>\n<p><span style=\"color: var( --e-global-color-text ); font-family: var( --e-global-typography-text-font-family ), Sans-serif; font-size: var(--font-size); letter-spacing: var(--letter-spacing);\">Children can only visit with their parents or accompanying adults.&nbsp;<\/span><span style=\"color: var( --e-global-color-text ); font-family: var( --e-global-typography-text-font-family ), Sans-serif; font-size: var(--font-size); letter-spacing: var(--letter-spacing);\">Parents or accompanying persons are responsible for familiarising children with the rules.<\/span><\/p>\n<p>The safety of the group of minors and the children and compliance with the rules is the responsibility of the accompanying person.&nbsp;<\/p>\n<p>\"The Pearl Fallow deer park houses wild animals whose behaviour cannot be predicted, and any visitor entering the enclosure assumes full responsibility for any damage to property or health.<\/p>\n<p>Lankytojas prisiima visas rizikas d\u0117l galim\u0173 gyv\u016bn\u0173 veiksm\u0173, susi\u017ealojim\u0173 vaik\u0161ant ar b\u0117giojant&nbsp; aptvare, &nbsp;naudojantis parko inventoriumi<\/p>\n<p>The enclosure contains a wide variety of living organisms that enter the enclosure from the wild (foxes, squirrels, snakes, snakes, frogs, ticks and others). The visitor assumes full responsibility for his\/her own safety and that of the visitors accompanying him\/her inside the enclosure.<\/p>\n<p><strong>&nbsp;<\/strong><\/p>\n<p><strong>We have the right to refuse entry to the Pearl Ringed Dachshund Park if:<\/strong><\/p>\n<ul>\n<li>if you are an unaccompanied minor;<\/li>\n<li>if the person does not agree to comply with the rules;<\/li>\n<li>if the person is intoxicated.<\/li>\n<\/ul>\n<p><strong>&nbsp;<\/strong><strong style=\"color: var( --e-global-color-text ); font-family: var( --e-global-typography-text-font-family ), Sans-serif; text-align: var(--text-align); font-size: var(--font-size); letter-spacing: var(--letter-spacing);\">The following are prohibited in the Park:<\/strong><\/p>\n<ul>\n<li>Atsivesti savo gyv\u016bnus;<\/li>\n<li>R\u016bkyti;<\/li><li>Vartoti alkohol\u012f;<\/li>\n<li>\u0160\u016bkauti ar kitaip kelti triuk\u0161m\u0105;<\/li>\n<li>Ne\u0161tis a\u0161trius ir degius daiktus;<\/li>\n<li>Build a fire outside a campfire or barbecue;<\/li>\n<li>Catching, scaring animals;<\/li>\n<li>Touching fallow deer is prohibited.<\/li>\n<\/ul>\n<p>It is strictly forbidden to enter or leave the building other than through the entrance gates (marked ENTRANCE), or to open the intermediate fence gates or gates. Opening gates or releasing animals will result in a fine of \u20ac1000 per animal released.<\/p>\n<p>If animals are being annoyed, chased or making noise, we have the right to ask the visitor or visitors in question to leave the park.<\/p>\n<p>Personal belongings must not be left unattended, littered or damaged.<\/p>\n<p>The park is equipped with CCTV cameras.<\/p>\n<p>Photos or videos of visitors captured in the park may be published on social media. Those wishing to have photos and videos of specific individuals removed from the websites should contact the platform on which the photo or video was posted by private message<\/p>\n<p>Please note that if you do not comply with the rules, the staff of the Pearl Ringed Dachshund Park will not be held responsible for the consequences. If children do not comply with the rules, all responsibility lies with the persons accompanying them. The Flora and Fauna of the Forest is not liable for damages and compensation for any damage caused by non-compliance with the rules or by a person's careless or dangerous behaviour.<\/p>\t\t\t\t\t\t<\/div>\n\t\t\t\t<\/div>\n\t\t\t\t\t<\/div>\n\t\t\t\t<\/div>\n\t\t\t\t<\/div>","protected":false},"excerpt":{"rendered":"<p>Svarbu \u017einoti! Park\u0105 rasite netoli Neveroni\u0173, geriausiai \u012f park\u0105 atvykti Google arba Waze suvedus PERLINIAI DANIELIAI. Taip pat vos u\u017e 500m yra Kar\u010diupio traukini\u0173 stotel\u0117 (vos 15min nuo Kauno ir 40min nuo Vilniaus). Parkas laukia lankytoj\u0173\u00a0kasdien\u00a0(ir \u0161ventin\u0117m dienom)\u00a0nuo\u00a08:00\u00a0iki\u00a022:00. Norintys pavakaroti ilgiau tur\u0117t\u0173 para\u0161yti \u017einut\u0119 mums. Rezervuoti laiko nereikia, ta\u010diau internetu reik\u0117s nusipirkti biliet\u0105. Prie varteli\u0173 [&hellip;]<\/p>","protected":false},"author":9,"featured_media":0,"parent":0,"menu_order":0,"comment_status":"closed","ping_status":"closed","template":"elementor_header_footer","meta":{"footnotes":""},"class_list":["post-545","page","type-page","status-publish","hentry"],"yoast_head":"<!-- This site is optimized with the Yoast SEO Premium plugin v21.2 (Yoast SEO v26.5) - https:\/\/yoast.com\/wordpress\/plugins\/seo\/ -->\n<title>Perlini\u0173 danieli\u0173 parko lankymosi taisykl\u0117s | PERLINI\u0172 DANIELI\u0172 PARKAS<\/title>\n<meta name=\"robots\" content=\"index, follow, max-snippet:-1, max-image-preview:large, max-video-preview:-1\" \/>\n<link rel=\"canonical\" href=\"https:\/\/perliniaidanieliai.lt\/en\/lankymosi-taisykles\/\" \/>\n<meta property=\"og:locale\" content=\"en_US\" \/>\n<meta property=\"og:type\" content=\"article\" \/>\n<meta property=\"og:title\" content=\"Perlini\u0173 danieli\u0173 parko lankymosi taisykl\u0117s\" \/>\n<meta property=\"og:description\" content=\"Svarbu \u017einoti! Park\u0105 rasite netoli Neveroni\u0173, geriausiai \u012f park\u0105 atvykti Google arba Waze suvedus PERLINIAI DANIELIAI. Taip pat vos u\u017e 500m yra Kar\u010diupio traukini\u0173 stotel\u0117 (vos 15min nuo Kauno ir 40min nuo Vilniaus). Parkas laukia lankytoj\u0173\u00a0kasdien\u00a0(ir \u0161ventin\u0117m dienom)\u00a0nuo\u00a08:00\u00a0iki\u00a022:00. Norintys pavakaroti ilgiau tur\u0117t\u0173 para\u0161yti \u017einut\u0119 mums. Rezervuoti laiko nereikia, ta\u010diau internetu reik\u0117s nusipirkti biliet\u0105. Prie varteli\u0173 [&hellip;]\" \/>\n<meta property=\"og:url\" content=\"https:\/\/perliniaidanieliai.lt\/en\/lankymosi-taisykles\/\" \/>\n<meta property=\"og:site_name\" content=\"PERLINI\u0172 DANIELI\u0172 PARKAS\" \/>\n<meta property=\"article:publisher\" content=\"https:\/\/www.facebook.com\/perliniai.danieliai\/\" \/>\n<meta property=\"article:modified_time\" content=\"2026-04-04T20:06:35+00:00\" \/>\n<meta property=\"og:image\" content=\"https:\/\/perliniaidanieliai.lt\/wp-content\/uploads\/2023\/11\/perliniai-danieliai.webp\" \/>\n\t<meta property=\"og:image:width\" content=\"1363\" \/>\n\t<meta property=\"og:image:height\" content=\"1363\" \/>\n\t<meta property=\"og:image:type\" content=\"image\/webp\" \/>\n<meta name=\"twitter:card\" content=\"summary_large_image\" \/>\n<script type=\"application\/ld+json\" class=\"yoast-schema-graph\">{\"@context\":\"https:\/\/schema.org\",\"@graph\":[{\"@type\":\"WebPage\",\"@id\":\"https:\/\/perliniaidanieliai.lt\/lankymosi-taisykles\/\",\"url\":\"https:\/\/perliniaidanieliai.lt\/lankymosi-taisykles\/\",\"name\":\"Perlini\u0173 danieli\u0173 parko lankymosi taisykl\u0117s | PERLINI\u0172 DANIELI\u0172 PARKAS\",\"isPartOf\":{\"@id\":\"https:\/\/perliniaidanieliai.lt\/#website\"},\"datePublished\":\"2021-09-16T05:35:36+00:00\",\"dateModified\":\"2026-04-04T20:06:35+00:00\",\"breadcrumb\":{\"@id\":\"https:\/\/perliniaidanieliai.lt\/lankymosi-taisykles\/#breadcrumb\"},\"inLanguage\":\"en-US\",\"potentialAction\":[{\"@type\":\"ReadAction\",\"target\":[\"https:\/\/perliniaidanieliai.lt\/lankymosi-taisykles\/\"]}]},{\"@type\":\"BreadcrumbList\",\"@id\":\"https:\/\/perliniaidanieliai.lt\/lankymosi-taisykles\/#breadcrumb\",\"itemListElement\":[{\"@type\":\"ListItem\",\"position\":1,\"name\":\"Pagrindinis\",\"item\":\"https:\/\/perliniaidanieliai.lt\/\"},{\"@type\":\"ListItem\",\"position\":2,\"name\":\"Perlini\u0173 danieli\u0173 parko lankymosi taisykl\u0117s\"}]},{\"@type\":\"WebSite\",\"@id\":\"https:\/\/perliniaidanieliai.lt\/#website\",\"url\":\"https:\/\/perliniaidanieliai.lt\/\",\"name\":\"PERLINI\u0172 DANIELI\u0172 PARKAS\",\"description\":\"PERLINI\u0172 DANIELI\u0172 PARKAS\",\"publisher\":{\"@id\":\"https:\/\/perliniaidanieliai.lt\/#organization\"},\"potentialAction\":[{\"@type\":\"SearchAction\",\"target\":{\"@type\":\"EntryPoint\",\"urlTemplate\":\"https:\/\/perliniaidanieliai.lt\/?s={search_term_string}\"},\"query-input\":{\"@type\":\"PropertyValueSpecification\",\"valueRequired\":true,\"valueName\":\"search_term_string\"}}],\"inLanguage\":\"en-US\"},{\"@type\":\"Organization\",\"@id\":\"https:\/\/perliniaidanieliai.lt\/#organization\",\"name\":\"PERLINI\u0172 DANIELI\u0172 PARKAS\",\"url\":\"https:\/\/perliniaidanieliai.lt\/\",\"logo\":{\"@type\":\"ImageObject\",\"inLanguage\":\"en-US\",\"@id\":\"https:\/\/perliniaidanieliai.lt\/#\/schema\/logo\/image\/\",\"url\":\"http:\/\/perliniaidanieliai.lt\/wp-content\/uploads\/2021\/09\/319620154_1421737541690511_2993680868490120499_n.webp\",\"contentUrl\":\"http:\/\/perliniaidanieliai.lt\/wp-content\/uploads\/2021\/09\/319620154_1421737541690511_2993680868490120499_n.webp\",\"width\":2048,\"height\":1939,\"caption\":\"PERLINI\u0172 DANIELI\u0172 PARKAS\"},\"image\":{\"@id\":\"https:\/\/perliniaidanieliai.lt\/#\/schema\/logo\/image\/\"},\"sameAs\":[\"https:\/\/www.facebook.com\/perliniai.danieliai\/\",\"https:\/\/www.instagram.com\/danieliaiperliniai\/\"]}]}<\/script>\n<!-- \/ Yoast SEO Premium plugin. -->","yoast_head_json":{"title":"Rules for visiting the Pearl Dachshund Park | PERLINI\u0172 DANIELI\u0172 PARK","robots":{"index":"index","follow":"follow","max-snippet":"max-snippet:-1","max-image-preview":"max-image-preview:large","max-video-preview":"max-video-preview:-1"},"canonical":"https:\/\/perliniaidanieliai.lt\/en\/lankymosi-taisykles\/","og_locale":"en_US","og_type":"article","og_title":"Perlini\u0173 danieli\u0173 parko lankymosi taisykl\u0117s","og_description":"Svarbu \u017einoti! Park\u0105 rasite netoli Neveroni\u0173, geriausiai \u012f park\u0105 atvykti Google arba Waze suvedus PERLINIAI DANIELIAI. Taip pat vos u\u017e 500m yra Kar\u010diupio traukini\u0173 stotel\u0117 (vos 15min nuo Kauno ir 40min nuo Vilniaus). Parkas laukia lankytoj\u0173\u00a0kasdien\u00a0(ir \u0161ventin\u0117m dienom)\u00a0nuo\u00a08:00\u00a0iki\u00a022:00. Norintys pavakaroti ilgiau tur\u0117t\u0173 para\u0161yti \u017einut\u0119 mums. Rezervuoti laiko nereikia, ta\u010diau internetu reik\u0117s nusipirkti biliet\u0105. Prie varteli\u0173 [&hellip;]","og_url":"https:\/\/perliniaidanieliai.lt\/en\/lankymosi-taisykles\/","og_site_name":"PERLINI\u0172 DANIELI\u0172 PARKAS","article_publisher":"https:\/\/www.facebook.com\/perliniai.danieliai\/","article_modified_time":"2026-04-04T20:06:35+00:00","og_image":[{"width":1363,"height":1363,"url":"https:\/\/perliniaidanieliai.lt\/wp-content\/uploads\/2023\/11\/perliniai-danieliai.webp","type":"image\/webp"}],"twitter_card":"summary_large_image","schema":{"@context":"https:\/\/schema.org","@graph":[{"@type":"WebPage","@id":"https:\/\/perliniaidanieliai.lt\/lankymosi-taisykles\/","url":"https:\/\/perliniaidanieliai.lt\/lankymosi-taisykles\/","name":"Rules for visiting the Pearl Dachshund Park | PERLINI\u0172 DANIELI\u0172 PARK","isPartOf":{"@id":"https:\/\/perliniaidanieliai.lt\/#website"},"datePublished":"2021-09-16T05:35:36+00:00","dateModified":"2026-04-04T20:06:35+00:00","breadcrumb":{"@id":"https:\/\/perliniaidanieliai.lt\/lankymosi-taisykles\/#breadcrumb"},"inLanguage":"en-US","potentialAction":[{"@type":"ReadAction","target":["https:\/\/perliniaidanieliai.lt\/lankymosi-taisykles\/"]}]},{"@type":"BreadcrumbList","@id":"https:\/\/perliniaidanieliai.lt\/lankymosi-taisykles\/#breadcrumb","itemListElement":[{"@type":"ListItem","position":1,"name":"Pagrindinis","item":"https:\/\/perliniaidanieliai.lt\/"},{"@type":"ListItem","position":2,"name":"Perlini\u0173 danieli\u0173 parko lankymosi taisykl\u0117s"}]},{"@type":"WebSite","@id":"https:\/\/perliniaidanieliai.lt\/#website","url":"https:\/\/perliniaidanieliai.lt\/","name":"PEARL DACHSHUND PARK","description":"PEARL DACHSHUND PARK","publisher":{"@id":"https:\/\/perliniaidanieliai.lt\/#organization"},"potentialAction":[{"@type":"SearchAction","target":{"@type":"EntryPoint","urlTemplate":"https:\/\/perliniaidanieliai.lt\/?s={search_term_string}"},"query-input":{"@type":"PropertyValueSpecification","valueRequired":true,"valueName":"search_term_string"}}],"inLanguage":"en-US"},{"@type":"Organization","@id":"https:\/\/perliniaidanieliai.lt\/#organization","name":"PEARL DACHSHUND PARK","url":"https:\/\/perliniaidanieliai.lt\/","logo":{"@type":"ImageObject","inLanguage":"en-US","@id":"https:\/\/perliniaidanieliai.lt\/#\/schema\/logo\/image\/","url":"http:\/\/perliniaidanieliai.lt\/wp-content\/uploads\/2021\/09\/319620154_1421737541690511_2993680868490120499_n.webp","contentUrl":"http:\/\/perliniaidanieliai.lt\/wp-content\/uploads\/2021\/09\/319620154_1421737541690511_2993680868490120499_n.webp","width":2048,"height":1939,"caption":"PERLINI\u0172 DANIELI\u0172 PARKAS"},"image":{"@id":"https:\/\/perliniaidanieliai.lt\/#\/schema\/logo\/image\/"},"sameAs":["https:\/\/www.facebook.com\/perliniai.danieliai\/","https:\/\/www.instagram.com\/danieliaiperliniai\/"]}]}},"_links":{"self":[{"href":"https:\/\/perliniaidanieliai.lt\/en\/wp-json\/wp\/v2\/pages\/545","targetHints":{"allow":["GET"]}}],"collection":[{"href":"https:\/\/perliniaidanieliai.lt\/en\/wp-json\/wp\/v2\/pages"}],"about":[{"href":"https:\/\/perliniaidanieliai.lt\/en\/wp-json\/wp\/v2\/types\/page"}],"author":[{"embeddable":true,"href":"https:\/\/perliniaidanieliai.lt\/en\/wp-json\/wp\/v2\/users\/9"}],"replies":[{"embeddable":true,"href":"https:\/\/perliniaidanieliai.lt\/en\/wp-json\/wp\/v2\/comments?post=545"}],"version-history":[{"count":15,"href":"https:\/\/perliniaidanieliai.lt\/en\/wp-json\/wp\/v2\/pages\/545\/revisions"}],"predecessor-version":[{"id":75327,"href":"https:\/\/perliniaidanieliai.lt\/en\/wp-json\/wp\/v2\/pages\/545\/revisions\/75327"}],"wp:attachment":[{"href":"https:\/\/perliniaidanieliai.lt\/en\/wp-json\/wp\/v2\/media?parent=545"}],"curies":[{"name":"wp","href":"https:\/\/api.w.org\/{rel}","templated":true}]}}